{"id":9886,"date":"2023-04-29T16:21:21","date_gmt":"2023-04-29T16:21:21","guid":{"rendered":"https:\/\/excel4med.eu\/il-progetto\/pacchetti-di-lavoro\/"},"modified":"2025-06-02T10:08:40","modified_gmt":"2025-06-02T10:08:40","slug":"pacchetti-di-lavoro","status":"publish","type":"page","link":"https:\/\/excel4med.eu\/it\/il-progetto\/pacchetti-di-lavoro\/","title":{"rendered":"Pacchetti di lavoro"},"content":{"rendered":"\t\t<div data-elementor-type=\"wp-page\" data-elementor-id=\"9886\" class=\"elementor elementor-9886 elementor-6195\" data-elementor-post-type=\"page\">\n\t\t\t\t<div class=\"elementor-element elementor-element-9ec406f e-flex e-con-boxed e-con e-parent\" data-id=\"9ec406f\" data-element_type=\"container\" data-e-type=\"container\">\n\t\t\t\t\t<div class=\"e-con-inner\">\n\t\t\t\t<div class=\"elementor-element elementor-element-78dbcdd elementor-widget elementor-widget-spacer\" data-id=\"78dbcdd\" data-element_type=\"widget\" data-e-type=\"widget\" data-widget_type=\"spacer.default\">\n\t\t\t\t<div class=\"elementor-widget-container\">\n\t\t\t\t\t\t\t<div class=\"elementor-spacer\">\n\t\t\t<div class=\"elementor-spacer-inner\"><\/div>\n\t\t<\/div>\n\t\t\t\t\t\t<\/div>\n\t\t\t\t<\/div>\n\t\t\t\t<div class=\"elementor-element elementor-element-d1a2fa6 elementor-widget elementor-widget-heading\" data-id=\"d1a2fa6\" data-element_type=\"widget\" data-e-type=\"widget\" data-widget_type=\"heading.default\">\n\t\t\t\t<div class=\"elementor-widget-container\">\n\t\t\t\t\t<h3 class=\"elementor-heading-title elementor-size-medium\">PL1- Gestione<\/h3>\t\t\t\t<\/div>\n\t\t\t\t<\/div>\n\t\t\t\t<div class=\"elementor-element elementor-element-a6549e1 elementor-widget-divider--view-line elementor-widget elementor-widget-divider\" data-id=\"a6549e1\" data-element_type=\"widget\" data-e-type=\"widget\" data-widget_type=\"divider.default\">\n\t\t\t\t<div class=\"elementor-widget-container\">\n\t\t\t\t\t\t\t<div class=\"elementor-divider\">\n\t\t\t<span class=\"elementor-divider-separator\">\n\t\t\t\t\t\t<\/span>\n\t\t<\/div>\n\t\t\t\t\t\t<\/div>\n\t\t\t\t<\/div>\n\t\t\t\t<div class=\"elementor-element elementor-element-8d119bf elementor-widget elementor-widget-text-editor\" data-id=\"8d119bf\" data-element_type=\"widget\" data-e-type=\"widget\" data-widget_type=\"text-editor.default\">\n\t\t\t\t<div class=\"elementor-widget-container\">\n\t\t\t\t\t\t\t\t\t<p>Gli obiettivi principali del primo pacchetto di lavoro sono quelli di garantire che il progetto raggiunga i suoi obiettivi nel rispetto del bilancio, secondo il calendario predefinito e di gestire le questioni legali, finanziarie e amministrative del progetto e del consorzio, in linea con gli standard CE (ad esempio, qualit\u00e0, gestione finanziaria, ecc.). Inoltre, dovr\u00e0 garantire il coordinamento tra i membri del consorzio e tra le varie attivit\u00e0, soprattutto in considerazione della complessit\u00e0 del progetto, e sviluppare una strategia concreta per la gestione dei dati. <\/p>\t\t\t\t\t\t\t\t<\/div>\n\t\t\t\t<\/div>\n\t\t\t\t\t<\/div>\n\t\t\t\t<\/div>\n\t\t<div class=\"elementor-element elementor-element-fe3c0c9 e-flex e-con-boxed e-con e-parent\" data-id=\"fe3c0c9\" data-element_type=\"container\" data-e-type=\"container\">\n\t\t\t\t\t<div class=\"e-con-inner\">\n\t\t\t\t<div class=\"elementor-element elementor-element-9b36b80 elementor-widget elementor-widget-spacer\" data-id=\"9b36b80\" data-element_type=\"widget\" data-e-type=\"widget\" data-widget_type=\"spacer.default\">\n\t\t\t\t<div class=\"elementor-widget-container\">\n\t\t\t\t\t\t\t<div class=\"elementor-spacer\">\n\t\t\t<div class=\"elementor-spacer-inner\"><\/div>\n\t\t<\/div>\n\t\t\t\t\t\t<\/div>\n\t\t\t\t<\/div>\n\t\t\t\t<div class=\"elementor-element elementor-element-d01ead6 elementor-widget elementor-widget-heading\" data-id=\"d01ead6\" data-element_type=\"widget\" data-e-type=\"widget\" data-widget_type=\"heading.default\">\n\t\t\t\t<div class=\"elementor-widget-container\">\n\t\t\t\t\t<h3 class=\"elementor-heading-title elementor-size-medium\">PL2- Strategia di R&amp;I congiunta transfrontaliera allineata alle priorit\u00e0 strategiche<\/h3>\t\t\t\t<\/div>\n\t\t\t\t<\/div>\n\t\t\t\t<div class=\"elementor-element elementor-element-6cfd704 elementor-widget-divider--view-line elementor-widget elementor-widget-divider\" data-id=\"6cfd704\" data-element_type=\"widget\" data-e-type=\"widget\" data-widget_type=\"divider.default\">\n\t\t\t\t<div class=\"elementor-widget-container\">\n\t\t\t\t\t\t\t<div class=\"elementor-divider\">\n\t\t\t<span class=\"elementor-divider-separator\">\n\t\t\t\t\t\t<\/span>\n\t\t<\/div>\n\t\t\t\t\t\t<\/div>\n\t\t\t\t<\/div>\n\t\t\t\t<div class=\"elementor-element elementor-element-1ecf954 elementor-widget elementor-widget-text-editor\" data-id=\"1ecf954\" data-element_type=\"widget\" data-e-type=\"widget\" data-widget_type=\"text-editor.default\">\n\t\t\t\t<div class=\"elementor-widget-container\">\n\t\t\t\t\t\t\t\t\t<p>Gli obiettivi di questo pacchetto di lavoro sono: delineare una mappa percettiva dei comportamenti dei consumatori, delle abitudini di acquisto e degli sprechi alimentari, identificare i colli di bottiglia che ostacolano la diffusione dell\u2019innovazione all\u2019interno delle catene del valore, analizzare i limiti e le opportunit\u00e0 dei modelli di impresa esistenti, e fornire ai partecipanti dei Laboratori Aperti dati personalizzati e innovativi a supporto della creazione di un Ecosistema di Innovazione interattivo, partecipativo e aperto, per migliorare i modelli organizzativi e la gestione della catena del valore.<\/p>\t\t\t\t\t\t\t\t<\/div>\n\t\t\t\t<\/div>\n\t\t\t\t\t<\/div>\n\t\t\t\t<\/div>\n\t\t<div class=\"elementor-element elementor-element-174b0d8 e-flex e-con-boxed e-con e-parent\" data-id=\"174b0d8\" data-element_type=\"container\" data-e-type=\"container\">\n\t\t\t\t\t<div class=\"e-con-inner\">\n\t\t\t\t<div class=\"elementor-element elementor-element-09316ba elementor-widget elementor-widget-spacer\" data-id=\"09316ba\" data-element_type=\"widget\" data-e-type=\"widget\" data-widget_type=\"spacer.default\">\n\t\t\t\t<div class=\"elementor-widget-container\">\n\t\t\t\t\t\t\t<div class=\"elementor-spacer\">\n\t\t\t<div class=\"elementor-spacer-inner\"><\/div>\n\t\t<\/div>\n\t\t\t\t\t\t<\/div>\n\t\t\t\t<\/div>\n\t\t\t\t<div class=\"elementor-element elementor-element-9f3464a elementor-widget elementor-widget-heading\" data-id=\"9f3464a\" data-element_type=\"widget\" data-e-type=\"widget\" data-widget_type=\"heading.default\">\n\t\t\t\t<div class=\"elementor-widget-container\">\n\t\t\t\t\t<h3 class=\"elementor-heading-title elementor-size-medium\">PL3- Progetto congiunto di R&amp;I che consolida i legami tra universit\u00e0 e imprese<\/h3>\t\t\t\t<\/div>\n\t\t\t\t<\/div>\n\t\t\t\t<div class=\"elementor-element elementor-element-ab829a4 elementor-widget-divider--view-line elementor-widget elementor-widget-divider\" data-id=\"ab829a4\" data-element_type=\"widget\" data-e-type=\"widget\" data-widget_type=\"divider.default\">\n\t\t\t\t<div class=\"elementor-widget-container\">\n\t\t\t\t\t\t\t<div class=\"elementor-divider\">\n\t\t\t<span class=\"elementor-divider-separator\">\n\t\t\t\t\t\t<\/span>\n\t\t<\/div>\n\t\t\t\t\t\t<\/div>\n\t\t\t\t<\/div>\n\t\t\t\t<div class=\"elementor-element elementor-element-18adf85 elementor-widget elementor-widget-text-editor\" data-id=\"18adf85\" data-element_type=\"widget\" data-e-type=\"widget\" data-widget_type=\"text-editor.default\">\n\t\t\t\t<div class=\"elementor-widget-container\">\n\t\t\t\t\t\t\t\t\t<p>L\u2019obiettivo del terzo pacchetto di lavoro \u00e8 quello di produrre nuovi prodotti alimentari a valore aggiunto, proponendo nuove strategie per l\u2019estrazione verde del melograno e degli agrumi e dei loro sottoprodotti, mediante l\u2019impiego di tecnologie verdi per la conservazione degli zuccheri presenti nel succo.<\/p>\t\t\t\t\t\t\t\t<\/div>\n\t\t\t\t<\/div>\n\t\t\t\t\t<\/div>\n\t\t\t\t<\/div>\n\t\t<div class=\"elementor-element elementor-element-2f7225b e-flex e-con-boxed e-con e-parent\" data-id=\"2f7225b\" data-element_type=\"container\" data-e-type=\"container\">\n\t\t\t\t\t<div class=\"e-con-inner\">\n\t\t\t\t<div class=\"elementor-element elementor-element-047dd18 elementor-widget elementor-widget-spacer\" data-id=\"047dd18\" data-element_type=\"widget\" data-e-type=\"widget\" data-widget_type=\"spacer.default\">\n\t\t\t\t<div class=\"elementor-widget-container\">\n\t\t\t\t\t\t\t<div class=\"elementor-spacer\">\n\t\t\t<div class=\"elementor-spacer-inner\"><\/div>\n\t\t<\/div>\n\t\t\t\t\t\t<\/div>\n\t\t\t\t<\/div>\n\t\t\t\t<div class=\"elementor-element elementor-element-0661065 elementor-widget elementor-widget-heading\" data-id=\"0661065\" data-element_type=\"widget\" data-e-type=\"widget\" data-widget_type=\"heading.default\">\n\t\t\t\t<div class=\"elementor-widget-container\">\n\t\t\t\t\t<h3 class=\"elementor-heading-title elementor-size-medium\">PL4- Piano d'azione e d'investimento per l'attuazione della strategia<\/h3>\t\t\t\t<\/div>\n\t\t\t\t<\/div>\n\t\t\t\t<div class=\"elementor-element elementor-element-04597a0 elementor-widget-divider--view-line elementor-widget elementor-widget-divider\" data-id=\"04597a0\" data-element_type=\"widget\" data-e-type=\"widget\" data-widget_type=\"divider.default\">\n\t\t\t\t<div class=\"elementor-widget-container\">\n\t\t\t\t\t\t\t<div class=\"elementor-divider\">\n\t\t\t<span class=\"elementor-divider-separator\">\n\t\t\t\t\t\t<\/span>\n\t\t<\/div>\n\t\t\t\t\t\t<\/div>\n\t\t\t\t<\/div>\n\t\t\t\t<div class=\"elementor-element elementor-element-f6cc4be elementor-widget elementor-widget-text-editor\" data-id=\"f6cc4be\" data-element_type=\"widget\" data-e-type=\"widget\" data-widget_type=\"text-editor.default\">\n\t\t\t\t<div class=\"elementor-widget-container\">\n\t\t\t\t\t\t\t\t\t<p>Gli obiettivi del quarto pacchetto di lavoro sono quelli di effettuare un\u2019analisi di commercializzazione e di fattibilit\u00e0 per verificare l\u2019esistenza di un mercato per la tecnologia stessa o per altre tecnologie, prodotti e servizi che potrebbero derivare da essa. L\u2019obiettivo principale \u00e8 quello di valutare le esigenze potenzialmente rilevanti, definite da segmenti di clientela e posizione geografica, e la facilit\u00e0 di accesso al mercato potenziale, con un\u2019attenzione particolare all\u2019intensit\u00e0 della concorrenza, alle barriere normative e fiscali, e alla predisposizione dei clienti. <\/p>\t\t\t\t\t\t\t\t<\/div>\n\t\t\t\t<\/div>\n\t\t\t\t\t<\/div>\n\t\t\t\t<\/div>\n\t\t<div class=\"elementor-element elementor-element-c9fd1a9 e-flex e-con-boxed e-con e-parent\" data-id=\"c9fd1a9\" data-element_type=\"container\" data-e-type=\"container\">\n\t\t\t\t\t<div class=\"e-con-inner\">\n\t\t\t\t<div class=\"elementor-element elementor-element-05745b7 elementor-widget elementor-widget-spacer\" data-id=\"05745b7\" data-element_type=\"widget\" data-e-type=\"widget\" data-widget_type=\"spacer.default\">\n\t\t\t\t<div class=\"elementor-widget-container\">\n\t\t\t\t\t\t\t<div class=\"elementor-spacer\">\n\t\t\t<div class=\"elementor-spacer-inner\"><\/div>\n\t\t<\/div>\n\t\t\t\t\t\t<\/div>\n\t\t\t\t<\/div>\n\t\t\t\t<div class=\"elementor-element elementor-element-68fd4b4 elementor-widget elementor-widget-heading\" data-id=\"68fd4b4\" data-element_type=\"widget\" data-e-type=\"widget\" data-widget_type=\"heading.default\">\n\t\t\t\t<div class=\"elementor-widget-container\">\n\t\t\t\t\t<h3 class=\"elementor-heading-title elementor-size-medium\">PL5- Progettazione concettuale e pre-pianificazione per piloti e dimostratori<\/h3>\t\t\t\t<\/div>\n\t\t\t\t<\/div>\n\t\t\t\t<div class=\"elementor-element elementor-element-261cba9 elementor-widget-divider--view-line elementor-widget elementor-widget-divider\" data-id=\"261cba9\" data-element_type=\"widget\" data-e-type=\"widget\" data-widget_type=\"divider.default\">\n\t\t\t\t<div class=\"elementor-widget-container\">\n\t\t\t\t\t\t\t<div class=\"elementor-divider\">\n\t\t\t<span class=\"elementor-divider-separator\">\n\t\t\t\t\t\t<\/span>\n\t\t<\/div>\n\t\t\t\t\t\t<\/div>\n\t\t\t\t<\/div>\n\t\t\t\t<div class=\"elementor-element elementor-element-2e52d8c elementor-widget elementor-widget-text-editor\" data-id=\"2e52d8c\" data-element_type=\"widget\" data-e-type=\"widget\" data-widget_type=\"text-editor.default\">\n\t\t\t\t<div class=\"elementor-widget-container\">\n\t\t\t\t\t\t\t\t\tNel quinto pacchetto di lavoro verranno sviluppate attivit\u00e0 su scala pilota per ciascuna tecnologia, applicate a due filiere (agrumi e melograno) e a una rete di catene di distribuzione. L\u2019obiettivo principale \u00e8 quello di sviluppare raccomandazioni per migliorare gli strumenti politici per promuovere le tecnologie verdi nella catena alimentare del Mediterraneo. \t\t\t\t\t\t\t\t<\/div>\n\t\t\t\t<\/div>\n\t\t\t\t\t<\/div>\n\t\t\t\t<\/div>\n\t\t<div class=\"elementor-element elementor-element-6945bb5 e-flex e-con-boxed e-con e-parent\" data-id=\"6945bb5\" data-element_type=\"container\" data-e-type=\"container\">\n\t\t\t\t\t<div class=\"e-con-inner\">\n\t\t\t\t<div class=\"elementor-element elementor-element-b42fa86 elementor-widget elementor-widget-spacer\" data-id=\"b42fa86\" data-element_type=\"widget\" data-e-type=\"widget\" data-widget_type=\"spacer.default\">\n\t\t\t\t<div class=\"elementor-widget-container\">\n\t\t\t\t\t\t\t<div class=\"elementor-spacer\">\n\t\t\t<div class=\"elementor-spacer-inner\"><\/div>\n\t\t<\/div>\n\t\t\t\t\t\t<\/div>\n\t\t\t\t<\/div>\n\t\t\t\t<div class=\"elementor-element elementor-element-91a0f09 elementor-widget elementor-widget-heading\" data-id=\"91a0f09\" data-element_type=\"widget\" data-e-type=\"widget\" data-widget_type=\"heading.default\">\n\t\t\t\t<div class=\"elementor-widget-container\">\n\t\t\t\t\t<h3 class=\"elementor-heading-title elementor-size-medium\">PL6- Misura di accompagnamento - divulgazione<\/h3>\t\t\t\t<\/div>\n\t\t\t\t<\/div>\n\t\t\t\t<div class=\"elementor-element elementor-element-8909ff5 elementor-widget-divider--view-line elementor-widget elementor-widget-divider\" data-id=\"8909ff5\" data-element_type=\"widget\" data-e-type=\"widget\" data-widget_type=\"divider.default\">\n\t\t\t\t<div class=\"elementor-widget-container\">\n\t\t\t\t\t\t\t<div class=\"elementor-divider\">\n\t\t\t<span class=\"elementor-divider-separator\">\n\t\t\t\t\t\t<\/span>\n\t\t<\/div>\n\t\t\t\t\t\t<\/div>\n\t\t\t\t<\/div>\n\t\t\t\t<div class=\"elementor-element elementor-element-c6d1a9b elementor-widget elementor-widget-text-editor\" data-id=\"c6d1a9b\" data-element_type=\"widget\" data-e-type=\"widget\" data-widget_type=\"text-editor.default\">\n\t\t\t\t<div class=\"elementor-widget-container\">\n\t\t\t\t\t\t\t\t\t<p>Gli obiettivi principali del sesto pacchetto di lavoro consistono nel mettere in atto strategie di divulgazione e comunicazione, e sviluppare nuove attivit\u00e0 di formazione per facilitare il trasferimento delle conoscenze lungo i settori.<\/p>\t\t\t\t\t\t\t\t<\/div>\n\t\t\t\t<\/div>\n\t\t\t\t\t<\/div>\n\t\t\t\t<\/div>\n\t\t<div class=\"elementor-element elementor-element-ef76619 e-flex e-con-boxed e-con e-parent\" data-id=\"ef76619\" data-element_type=\"container\" data-e-type=\"container\">\n\t\t\t\t\t<div class=\"e-con-inner\">\n\t\t\t\t<div class=\"elementor-element elementor-element-30e08ec elementor-widget elementor-widget-spacer\" data-id=\"30e08ec\" data-element_type=\"widget\" data-e-type=\"widget\" data-widget_type=\"spacer.default\">\n\t\t\t\t<div class=\"elementor-widget-container\">\n\t\t\t\t\t\t\t<div class=\"elementor-spacer\">\n\t\t\t<div class=\"elementor-spacer-inner\"><\/div>\n\t\t<\/div>\n\t\t\t\t\t\t<\/div>\n\t\t\t\t<\/div>\n\t\t\t\t<div class=\"elementor-element elementor-element-2a338bc elementor-headline--style-highlight elementor-widget elementor-widget-animated-headline\" data-id=\"2a338bc\" data-element_type=\"widget\" data-e-type=\"widget\" data-settings=\"{&quot;highlighted_text&quot;:&quot;Specifici&quot;,&quot;headline_style&quot;:&quot;highlight&quot;,&quot;marker&quot;:&quot;circle&quot;,&quot;loop&quot;:&quot;yes&quot;,&quot;highlight_animation_duration&quot;:1200,&quot;highlight_iteration_delay&quot;:8000}\" data-widget_type=\"animated-headline.default\">\n\t\t\t\t<div class=\"elementor-widget-container\">\n\t\t\t\t\t\t\t\t<a href=\"https:\/\/excel4med.eu\/it\/?page_id=9899\">\n\n\t\t\t\t\t<p class=\"elementor-headline\">\n\t\t\t\t\t<span class=\"elementor-headline-plain-text elementor-headline-text-wrapper\">Scopri i nostri Obiettivi<\/span>\n\t\t\t\t<span class=\"elementor-headline-dynamic-wrapper elementor-headline-text-wrapper\">\n\t\t\t\t\t<span class=\"elementor-headline-dynamic-text elementor-headline-text-active\">Specifici<\/span>\n\t\t\t\t<\/span>\n\t\t\t\t\t<span class=\"elementor-headline-plain-text elementor-headline-text-wrapper\">  qui<\/span>\n\t\t\t\t\t<\/p>\n\t\t<\/a>\t\t\t\t<\/div>\n\t\t\t\t<\/div>\n\t\t\t\t<div class=\"elementor-element elementor-element-0fd1f17 elementor-widget elementor-widget-spacer\" data-id=\"0fd1f17\" data-element_type=\"widget\" data-e-type=\"widget\" data-widget_type=\"spacer.default\">\n\t\t\t\t<div class=\"elementor-widget-container\">\n\t\t\t\t\t\t\t<div class=\"elementor-spacer\">\n\t\t\t<div class=\"elementor-spacer-inner\"><\/div>\n\t\t<\/div>\n\t\t\t\t\t\t<\/div>\n\t\t\t\t<\/div>\n\t\t\t\t\t<\/div>\n\t\t\t\t<\/div>\n\t\t\t\t<\/div>\n\t\t","protected":false},"excerpt":{"rendered":"<p>PL1- Gestione Gli obiettivi principali del primo pacchetto di lavoro sono quelli di garantire che il progetto raggiunga i suoi obiettivi nel rispetto del bilancio, secondo il calendario predefinito e di gestire le questioni legali, finanziarie e amministrative del progetto e del consorzio, in linea con gli standard CE (ad esempio, qualit\u00e0, gestione finanziaria, ecc.).&hellip;<\/p>\n","protected":false},"author":1,"featured_media":0,"parent":9880,"menu_order":0,"comment_status":"closed","ping_status":"closed","template":"","meta":{"footnotes":""},"class_list":["post-9886","page","type-page","status-publish","hentry"],"yoast_head":"<!-- This site is optimized with the Yoast SEO plugin v27.3 - https:\/\/yoast.com\/product\/yoast-seo-wordpress\/ -->\n<title>Pacchetti di lavoro - Excel4Med<\/title>\n<meta name=\"robots\" content=\"index, follow, max-snippet:-1, max-image-preview:large, max-video-preview:-1\" \/>\n<link rel=\"canonical\" href=\"https:\/\/excel4med.eu\/it\/il-progetto\/pacchetti-di-lavoro\/\" \/>\n<meta property=\"og:locale\" content=\"it_IT\" \/>\n<meta property=\"og:type\" content=\"article\" \/>\n<meta property=\"og:title\" content=\"Pacchetti di lavoro - Excel4Med\" \/>\n<meta property=\"og:description\" content=\"PL1- Gestione Gli obiettivi principali del primo pacchetto di lavoro sono quelli di garantire che il progetto raggiunga i suoi obiettivi nel rispetto del bilancio, secondo il calendario predefinito e di gestire le questioni legali, finanziarie e amministrative del progetto e del consorzio, in linea con gli standard CE (ad esempio, qualit\u00e0, gestione finanziaria, ecc.).&hellip;\" \/>\n<meta property=\"og:url\" content=\"https:\/\/excel4med.eu\/it\/il-progetto\/pacchetti-di-lavoro\/\" \/>\n<meta property=\"og:site_name\" content=\"Excel4Med\" \/>\n<meta property=\"article:publisher\" content=\"https:\/\/www.facebook.com\/excel4med\/\" \/>\n<meta property=\"article:modified_time\" content=\"2025-06-02T10:08:40+00:00\" \/>\n<meta name=\"twitter:card\" content=\"summary_large_image\" \/>\n<meta name=\"twitter:site\" content=\"@excel4med\" \/>\n<meta name=\"twitter:label1\" content=\"Tempo di lettura stimato\" \/>\n\t<meta name=\"twitter:data1\" content=\"2 minuti\" \/>\n<script type=\"application\/ld+json\" class=\"yoast-schema-graph\">{\"@context\":\"https:\\\/\\\/schema.org\",\"@graph\":[{\"@type\":\"WebPage\",\"@id\":\"https:\\\/\\\/excel4med.eu\\\/it\\\/il-progetto\\\/pacchetti-di-lavoro\\\/\",\"url\":\"https:\\\/\\\/excel4med.eu\\\/it\\\/il-progetto\\\/pacchetti-di-lavoro\\\/\",\"name\":\"Pacchetti di lavoro - Excel4Med\",\"isPartOf\":{\"@id\":\"https:\\\/\\\/excel4med.eu\\\/it\\\/#website\"},\"datePublished\":\"2023-04-29T16:21:21+00:00\",\"dateModified\":\"2025-06-02T10:08:40+00:00\",\"breadcrumb\":{\"@id\":\"https:\\\/\\\/excel4med.eu\\\/it\\\/il-progetto\\\/pacchetti-di-lavoro\\\/#breadcrumb\"},\"inLanguage\":\"it-IT\",\"potentialAction\":[{\"@type\":\"ReadAction\",\"target\":[\"https:\\\/\\\/excel4med.eu\\\/it\\\/il-progetto\\\/pacchetti-di-lavoro\\\/\"]}]},{\"@type\":\"BreadcrumbList\",\"@id\":\"https:\\\/\\\/excel4med.eu\\\/it\\\/il-progetto\\\/pacchetti-di-lavoro\\\/#breadcrumb\",\"itemListElement\":[{\"@type\":\"ListItem\",\"position\":1,\"name\":\"Home\",\"item\":\"https:\\\/\\\/excel4med.eu\\\/it\\\/\"},{\"@type\":\"ListItem\",\"position\":2,\"name\":\"Il progetto\",\"item\":\"https:\\\/\\\/excel4med.eu\\\/it\\\/?page_id=9880\"},{\"@type\":\"ListItem\",\"position\":3,\"name\":\"Pacchetti di lavoro\"}]},{\"@type\":\"WebSite\",\"@id\":\"https:\\\/\\\/excel4med.eu\\\/it\\\/#website\",\"url\":\"https:\\\/\\\/excel4med.eu\\\/it\\\/\",\"name\":\"Excel4Med\",\"description\":\"\",\"publisher\":{\"@id\":\"https:\\\/\\\/excel4med.eu\\\/it\\\/#organization\"},\"potentialAction\":[{\"@type\":\"SearchAction\",\"target\":{\"@type\":\"EntryPoint\",\"urlTemplate\":\"https:\\\/\\\/excel4med.eu\\\/it\\\/?s={search_term_string}\"},\"query-input\":{\"@type\":\"PropertyValueSpecification\",\"valueRequired\":true,\"valueName\":\"search_term_string\"}}],\"inLanguage\":\"it-IT\"},{\"@type\":\"Organization\",\"@id\":\"https:\\\/\\\/excel4med.eu\\\/it\\\/#organization\",\"name\":\"Excel4Med\",\"url\":\"https:\\\/\\\/excel4med.eu\\\/it\\\/\",\"logo\":{\"@type\":\"ImageObject\",\"inLanguage\":\"it-IT\",\"@id\":\"https:\\\/\\\/excel4med.eu\\\/it\\\/#\\\/schema\\\/logo\\\/image\\\/\",\"url\":\"https:\\\/\\\/excel4med.eu\\\/wp-content\\\/uploads\\\/2023\\\/04\\\/excel4med-v6-FBC02D.png\",\"contentUrl\":\"https:\\\/\\\/excel4med.eu\\\/wp-content\\\/uploads\\\/2023\\\/04\\\/excel4med-v6-FBC02D.png\",\"width\":1200,\"height\":443,\"caption\":\"Excel4Med\"},\"image\":{\"@id\":\"https:\\\/\\\/excel4med.eu\\\/it\\\/#\\\/schema\\\/logo\\\/image\\\/\"},\"sameAs\":[\"https:\\\/\\\/www.facebook.com\\\/excel4med\\\/\",\"https:\\\/\\\/x.com\\\/excel4med\",\"https:\\\/\\\/www.instagram.com\\\/excel4med\\\/\"]}]}<\/script>\n<!-- \/ Yoast SEO plugin. -->","yoast_head_json":{"title":"Pacchetti di lavoro - Excel4Med","robots":{"index":"index","follow":"follow","max-snippet":"max-snippet:-1","max-image-preview":"max-image-preview:large","max-video-preview":"max-video-preview:-1"},"canonical":"https:\/\/excel4med.eu\/it\/il-progetto\/pacchetti-di-lavoro\/","og_locale":"it_IT","og_type":"article","og_title":"Pacchetti di lavoro - Excel4Med","og_description":"PL1- Gestione Gli obiettivi principali del primo pacchetto di lavoro sono quelli di garantire che il progetto raggiunga i suoi obiettivi nel rispetto del bilancio, secondo il calendario predefinito e di gestire le questioni legali, finanziarie e amministrative del progetto e del consorzio, in linea con gli standard CE (ad esempio, qualit\u00e0, gestione finanziaria, ecc.).&hellip;","og_url":"https:\/\/excel4med.eu\/it\/il-progetto\/pacchetti-di-lavoro\/","og_site_name":"Excel4Med","article_publisher":"https:\/\/www.facebook.com\/excel4med\/","article_modified_time":"2025-06-02T10:08:40+00:00","twitter_card":"summary_large_image","twitter_site":"@excel4med","twitter_misc":{"Tempo di lettura stimato":"2 minuti"},"schema":{"@context":"https:\/\/schema.org","@graph":[{"@type":"WebPage","@id":"https:\/\/excel4med.eu\/it\/il-progetto\/pacchetti-di-lavoro\/","url":"https:\/\/excel4med.eu\/it\/il-progetto\/pacchetti-di-lavoro\/","name":"Pacchetti di lavoro - Excel4Med","isPartOf":{"@id":"https:\/\/excel4med.eu\/it\/#website"},"datePublished":"2023-04-29T16:21:21+00:00","dateModified":"2025-06-02T10:08:40+00:00","breadcrumb":{"@id":"https:\/\/excel4med.eu\/it\/il-progetto\/pacchetti-di-lavoro\/#breadcrumb"},"inLanguage":"it-IT","potentialAction":[{"@type":"ReadAction","target":["https:\/\/excel4med.eu\/it\/il-progetto\/pacchetti-di-lavoro\/"]}]},{"@type":"BreadcrumbList","@id":"https:\/\/excel4med.eu\/it\/il-progetto\/pacchetti-di-lavoro\/#breadcrumb","itemListElement":[{"@type":"ListItem","position":1,"name":"Home","item":"https:\/\/excel4med.eu\/it\/"},{"@type":"ListItem","position":2,"name":"Il progetto","item":"https:\/\/excel4med.eu\/it\/?page_id=9880"},{"@type":"ListItem","position":3,"name":"Pacchetti di lavoro"}]},{"@type":"WebSite","@id":"https:\/\/excel4med.eu\/it\/#website","url":"https:\/\/excel4med.eu\/it\/","name":"Excel4Med","description":"","publisher":{"@id":"https:\/\/excel4med.eu\/it\/#organization"},"potentialAction":[{"@type":"SearchAction","target":{"@type":"EntryPoint","urlTemplate":"https:\/\/excel4med.eu\/it\/?s={search_term_string}"},"query-input":{"@type":"PropertyValueSpecification","valueRequired":true,"valueName":"search_term_string"}}],"inLanguage":"it-IT"},{"@type":"Organization","@id":"https:\/\/excel4med.eu\/it\/#organization","name":"Excel4Med","url":"https:\/\/excel4med.eu\/it\/","logo":{"@type":"ImageObject","inLanguage":"it-IT","@id":"https:\/\/excel4med.eu\/it\/#\/schema\/logo\/image\/","url":"https:\/\/excel4med.eu\/wp-content\/uploads\/2023\/04\/excel4med-v6-FBC02D.png","contentUrl":"https:\/\/excel4med.eu\/wp-content\/uploads\/2023\/04\/excel4med-v6-FBC02D.png","width":1200,"height":443,"caption":"Excel4Med"},"image":{"@id":"https:\/\/excel4med.eu\/it\/#\/schema\/logo\/image\/"},"sameAs":["https:\/\/www.facebook.com\/excel4med\/","https:\/\/x.com\/excel4med","https:\/\/www.instagram.com\/excel4med\/"]}]}},"_links":{"self":[{"href":"https:\/\/excel4med.eu\/it\/wp-json\/wp\/v2\/pages\/9886","targetHints":{"allow":["GET"]}}],"collection":[{"href":"https:\/\/excel4med.eu\/it\/wp-json\/wp\/v2\/pages"}],"about":[{"href":"https:\/\/excel4med.eu\/it\/wp-json\/wp\/v2\/types\/page"}],"author":[{"embeddable":true,"href":"https:\/\/excel4med.eu\/it\/wp-json\/wp\/v2\/users\/1"}],"replies":[{"embeddable":true,"href":"https:\/\/excel4med.eu\/it\/wp-json\/wp\/v2\/comments?post=9886"}],"version-history":[{"count":4,"href":"https:\/\/excel4med.eu\/it\/wp-json\/wp\/v2\/pages\/9886\/revisions"}],"predecessor-version":[{"id":11242,"href":"https:\/\/excel4med.eu\/it\/wp-json\/wp\/v2\/pages\/9886\/revisions\/11242"}],"up":[{"embeddable":true,"href":"https:\/\/excel4med.eu\/it\/wp-json\/wp\/v2\/pages\/9880"}],"wp:attachment":[{"href":"https:\/\/excel4med.eu\/it\/wp-json\/wp\/v2\/media?parent=9886"}],"curies":[{"name":"wp","href":"https:\/\/api.w.org\/{rel}","templated":true}]}}