{"id":9889,"date":"2023-04-29T16:21:21","date_gmt":"2023-04-29T16:21:21","guid":{"rendered":"https:\/\/excel4med.eu\/le-projet\/paquets-de-travail\/"},"modified":"2025-07-29T08:19:22","modified_gmt":"2025-07-29T08:19:22","slug":"paquets-de-travail","status":"publish","type":"page","link":"https:\/\/excel4med.eu\/fr\/le-projet\/paquets-de-travail\/","title":{"rendered":"Lots de travail (WP)"},"content":{"rendered":"\t\t<div data-elementor-type=\"wp-page\" data-elementor-id=\"9889\" class=\"elementor elementor-9889 elementor-6195\" data-elementor-post-type=\"page\">\n\t\t\t\t<div class=\"elementor-element elementor-element-9ec406f e-flex e-con-boxed e-con e-parent\" data-id=\"9ec406f\" data-element_type=\"container\" data-e-type=\"container\">\n\t\t\t\t\t<div class=\"e-con-inner\">\n\t\t\t\t<div class=\"elementor-element elementor-element-78dbcdd elementor-widget elementor-widget-spacer\" data-id=\"78dbcdd\" data-element_type=\"widget\" data-e-type=\"widget\" data-widget_type=\"spacer.default\">\n\t\t\t\t<div class=\"elementor-widget-container\">\n\t\t\t\t\t\t\t<div class=\"elementor-spacer\">\n\t\t\t<div class=\"elementor-spacer-inner\"><\/div>\n\t\t<\/div>\n\t\t\t\t\t\t<\/div>\n\t\t\t\t<\/div>\n\t\t\t\t<div class=\"elementor-element elementor-element-d1a2fa6 elementor-widget elementor-widget-heading\" data-id=\"d1a2fa6\" data-element_type=\"widget\" data-e-type=\"widget\" data-widget_type=\"heading.default\">\n\t\t\t\t<div class=\"elementor-widget-container\">\n\t\t\t\t\t<h3 class=\"elementor-heading-title elementor-size-medium\">WP1- Gestion<\/h3>\t\t\t\t<\/div>\n\t\t\t\t<\/div>\n\t\t\t\t<div class=\"elementor-element elementor-element-a6549e1 elementor-widget-divider--view-line elementor-widget elementor-widget-divider\" data-id=\"a6549e1\" data-element_type=\"widget\" data-e-type=\"widget\" data-widget_type=\"divider.default\">\n\t\t\t\t<div class=\"elementor-widget-container\">\n\t\t\t\t\t\t\t<div class=\"elementor-divider\">\n\t\t\t<span class=\"elementor-divider-separator\">\n\t\t\t\t\t\t<\/span>\n\t\t<\/div>\n\t\t\t\t\t\t<\/div>\n\t\t\t\t<\/div>\n\t\t\t\t<div class=\"elementor-element elementor-element-8d119bf elementor-widget elementor-widget-text-editor\" data-id=\"8d119bf\" data-element_type=\"widget\" data-e-type=\"widget\" data-widget_type=\"text-editor.default\">\n\t\t\t\t<div class=\"elementor-widget-container\">\n\t\t\t\t\t\t\t\t\t<p>Assurer que le projet atteint ses objectifs dans le respect du budget et du calendrier pr\u00e9d\u00e9fini et de g\u00e9rer les questions juridiques, financi\u00e8res et administratives du projet et du consortium, conform\u00e9ment aux normes de la CE (par exemple, qualit\u00e9, gestion financi\u00e8re, etc.). En outre, vous devez assurer la coordination entre les membres du consortium et entre les activit\u00e9s, compte tenu notamment de la complexit\u00e9 du projet, et \u00e9laborer une strat\u00e9gie concr\u00e8te pour la gestion des donn\u00e9es. <\/p>\t\t\t\t\t\t\t\t<\/div>\n\t\t\t\t<\/div>\n\t\t\t\t\t<\/div>\n\t\t\t\t<\/div>\n\t\t<div class=\"elementor-element elementor-element-fe3c0c9 e-flex e-con-boxed e-con e-parent\" data-id=\"fe3c0c9\" data-element_type=\"container\" data-e-type=\"container\">\n\t\t\t\t\t<div class=\"e-con-inner\">\n\t\t\t\t<div class=\"elementor-element elementor-element-9b36b80 elementor-widget elementor-widget-spacer\" data-id=\"9b36b80\" data-element_type=\"widget\" data-e-type=\"widget\" data-widget_type=\"spacer.default\">\n\t\t\t\t<div class=\"elementor-widget-container\">\n\t\t\t\t\t\t\t<div class=\"elementor-spacer\">\n\t\t\t<div class=\"elementor-spacer-inner\"><\/div>\n\t\t<\/div>\n\t\t\t\t\t\t<\/div>\n\t\t\t\t<\/div>\n\t\t\t\t<div class=\"elementor-element elementor-element-d01ead6 elementor-widget elementor-widget-heading\" data-id=\"d01ead6\" data-element_type=\"widget\" data-e-type=\"widget\" data-widget_type=\"heading.default\">\n\t\t\t\t<div class=\"elementor-widget-container\">\n\t\t\t\t\t<h3 class=\"elementor-heading-title elementor-size-medium\">WP2- Strat\u00e9gie commune transfrontali\u00e8re de R&amp;I align\u00e9e sur les priorit\u00e9s strat\u00e9giques<\/h3>\t\t\t\t<\/div>\n\t\t\t\t<\/div>\n\t\t\t\t<div class=\"elementor-element elementor-element-6cfd704 elementor-widget-divider--view-line elementor-widget elementor-widget-divider\" data-id=\"6cfd704\" data-element_type=\"widget\" data-e-type=\"widget\" data-widget_type=\"divider.default\">\n\t\t\t\t<div class=\"elementor-widget-container\">\n\t\t\t\t\t\t\t<div class=\"elementor-divider\">\n\t\t\t<span class=\"elementor-divider-separator\">\n\t\t\t\t\t\t<\/span>\n\t\t<\/div>\n\t\t\t\t\t\t<\/div>\n\t\t\t\t<\/div>\n\t\t\t\t<div class=\"elementor-element elementor-element-1ecf954 elementor-widget elementor-widget-text-editor\" data-id=\"1ecf954\" data-element_type=\"widget\" data-e-type=\"widget\" data-widget_type=\"text-editor.default\">\n\t\t\t\t<div class=\"elementor-widget-container\">\n\t\t\t\t\t\t\t\t\t<p>\u00c9tablir une carte perceptuelle des comportements des consommateurs, des habitudes d&#8217;achat et du gaspillage alimentaire, d&#8217;identifier les goulets d&#8217;\u00e9tranglement pour la diffusion de l&#8217;innovation dans les cha\u00eenes de valeur, les limites et les opportunit\u00e9s des mod\u00e8les d&#8217;entreprise existants et de fournir aux parties prenantes des Living Labs adapt\u00e9s et innovants comme base d&#8217;un \u00e9cosyst\u00e8me d&#8217;innovation interactif, participatif et ouvert pour am\u00e9liorer les mod\u00e8les d&#8217;organisation et la gouvernance de la cha\u00eene de valeur.<\/p>\t\t\t\t\t\t\t\t<\/div>\n\t\t\t\t<\/div>\n\t\t\t\t\t<\/div>\n\t\t\t\t<\/div>\n\t\t<div class=\"elementor-element elementor-element-174b0d8 e-flex e-con-boxed e-con e-parent\" data-id=\"174b0d8\" data-element_type=\"container\" data-e-type=\"container\">\n\t\t\t\t\t<div class=\"e-con-inner\">\n\t\t\t\t<div class=\"elementor-element elementor-element-09316ba elementor-widget elementor-widget-spacer\" data-id=\"09316ba\" data-element_type=\"widget\" data-e-type=\"widget\" data-widget_type=\"spacer.default\">\n\t\t\t\t<div class=\"elementor-widget-container\">\n\t\t\t\t\t\t\t<div class=\"elementor-spacer\">\n\t\t\t<div class=\"elementor-spacer-inner\"><\/div>\n\t\t<\/div>\n\t\t\t\t\t\t<\/div>\n\t\t\t\t<\/div>\n\t\t\t\t<div class=\"elementor-element elementor-element-9f3464a elementor-widget elementor-widget-heading\" data-id=\"9f3464a\" data-element_type=\"widget\" data-e-type=\"widget\" data-widget_type=\"heading.default\">\n\t\t\t\t<div class=\"elementor-widget-container\">\n\t\t\t\t\t<h3 class=\"elementor-heading-title elementor-size-medium\">WP3- Projet conjoint de R&amp;I visant \u00e0 consolider les liens entre les universit\u00e9s et les entreprises<\/h3>\t\t\t\t<\/div>\n\t\t\t\t<\/div>\n\t\t\t\t<div class=\"elementor-element elementor-element-ab829a4 elementor-widget-divider--view-line elementor-widget elementor-widget-divider\" data-id=\"ab829a4\" data-element_type=\"widget\" data-e-type=\"widget\" data-widget_type=\"divider.default\">\n\t\t\t\t<div class=\"elementor-widget-container\">\n\t\t\t\t\t\t\t<div class=\"elementor-divider\">\n\t\t\t<span class=\"elementor-divider-separator\">\n\t\t\t\t\t\t<\/span>\n\t\t<\/div>\n\t\t\t\t\t\t<\/div>\n\t\t\t\t<\/div>\n\t\t\t\t<div class=\"elementor-element elementor-element-18adf85 elementor-widget elementor-widget-text-editor\" data-id=\"18adf85\" data-element_type=\"widget\" data-e-type=\"widget\" data-widget_type=\"text-editor.default\">\n\t\t\t\t<div class=\"elementor-widget-container\">\n\t\t\t\t\t\t\t\t\t<p>Produire de nouveaux produits alimentaires \u00e0 valeur ajout\u00e9e en proposant de nouvelles strat\u00e9gies pour l&#8217;extraction verte de la grenade et des agrumes et de leurs sous-produits et en \u00e9tablissant des technologies vertes pour la conversion de la d\u00e9gradation du sucre des jus.<\/p>\t\t\t\t\t\t\t\t<\/div>\n\t\t\t\t<\/div>\n\t\t\t\t\t<\/div>\n\t\t\t\t<\/div>\n\t\t<div class=\"elementor-element elementor-element-2f7225b e-flex e-con-boxed e-con e-parent\" data-id=\"2f7225b\" data-element_type=\"container\" data-e-type=\"container\">\n\t\t\t\t\t<div class=\"e-con-inner\">\n\t\t\t\t<div class=\"elementor-element elementor-element-047dd18 elementor-widget elementor-widget-spacer\" data-id=\"047dd18\" data-element_type=\"widget\" data-e-type=\"widget\" data-widget_type=\"spacer.default\">\n\t\t\t\t<div class=\"elementor-widget-container\">\n\t\t\t\t\t\t\t<div class=\"elementor-spacer\">\n\t\t\t<div class=\"elementor-spacer-inner\"><\/div>\n\t\t<\/div>\n\t\t\t\t\t\t<\/div>\n\t\t\t\t<\/div>\n\t\t\t\t<div class=\"elementor-element elementor-element-0661065 elementor-widget elementor-widget-heading\" data-id=\"0661065\" data-element_type=\"widget\" data-e-type=\"widget\" data-widget_type=\"heading.default\">\n\t\t\t\t<div class=\"elementor-widget-container\">\n\t\t\t\t\t<h3 class=\"elementor-heading-title elementor-size-medium\">WP4- Plan d'action et d'investissement pour la mise en \u0153uvre de la strat\u00e9gie<\/h3>\t\t\t\t<\/div>\n\t\t\t\t<\/div>\n\t\t\t\t<div class=\"elementor-element elementor-element-04597a0 elementor-widget-divider--view-line elementor-widget elementor-widget-divider\" data-id=\"04597a0\" data-element_type=\"widget\" data-e-type=\"widget\" data-widget_type=\"divider.default\">\n\t\t\t\t<div class=\"elementor-widget-container\">\n\t\t\t\t\t\t\t<div class=\"elementor-divider\">\n\t\t\t<span class=\"elementor-divider-separator\">\n\t\t\t\t\t\t<\/span>\n\t\t<\/div>\n\t\t\t\t\t\t<\/div>\n\t\t\t\t<\/div>\n\t\t\t\t<div class=\"elementor-element elementor-element-f6cc4be elementor-widget elementor-widget-text-editor\" data-id=\"f6cc4be\" data-element_type=\"widget\" data-e-type=\"widget\" data-widget_type=\"text-editor.default\">\n\t\t\t\t<div class=\"elementor-widget-container\">\n\t\t\t\t\t\t\t\t\t<p>R\u00e9aliser une analyse de commercialisation et de faisabilit\u00e9 afin de d\u00e9terminer s&#8217;il existe un march\u00e9 pour la technologie elle-m\u00eame ou pour d&#8217;autres technologies, produits et services qui pourraient en d\u00e9couler. L&#8217;objectif principal est d&#8217;\u00e9valuer les besoins potentiellement pertinents, caract\u00e9ris\u00e9s par les segments de client\u00e8le et la localisation g\u00e9ographique, ainsi que la facilit\u00e9 d&#8217;acc\u00e8s au march\u00e9 potentiel, en se concentrant sur l&#8217;intensit\u00e9 de la concurrence, les barri\u00e8res r\u00e9glementaires et fiscales, et la pr\u00e9paration des clients. <\/p>\t\t\t\t\t\t\t\t<\/div>\n\t\t\t\t<\/div>\n\t\t\t\t\t<\/div>\n\t\t\t\t<\/div>\n\t\t<div class=\"elementor-element elementor-element-c9fd1a9 e-flex e-con-boxed e-con e-parent\" data-id=\"c9fd1a9\" data-element_type=\"container\" data-e-type=\"container\">\n\t\t\t\t\t<div class=\"e-con-inner\">\n\t\t\t\t<div class=\"elementor-element elementor-element-05745b7 elementor-widget elementor-widget-spacer\" data-id=\"05745b7\" data-element_type=\"widget\" data-e-type=\"widget\" data-widget_type=\"spacer.default\">\n\t\t\t\t<div class=\"elementor-widget-container\">\n\t\t\t\t\t\t\t<div class=\"elementor-spacer\">\n\t\t\t<div class=\"elementor-spacer-inner\"><\/div>\n\t\t<\/div>\n\t\t\t\t\t\t<\/div>\n\t\t\t\t<\/div>\n\t\t\t\t<div class=\"elementor-element elementor-element-68fd4b4 elementor-widget elementor-widget-heading\" data-id=\"68fd4b4\" data-element_type=\"widget\" data-e-type=\"widget\" data-widget_type=\"heading.default\">\n\t\t\t\t<div class=\"elementor-widget-container\">\n\t\t\t\t\t<h3 class=\"elementor-heading-title elementor-size-medium\">WP5- Conception et pr\u00e9-planification des pilotes et des d\u00e9monstrateurs<\/h3>\t\t\t\t<\/div>\n\t\t\t\t<\/div>\n\t\t\t\t<div class=\"elementor-element elementor-element-261cba9 elementor-widget-divider--view-line elementor-widget elementor-widget-divider\" data-id=\"261cba9\" data-element_type=\"widget\" data-e-type=\"widget\" data-widget_type=\"divider.default\">\n\t\t\t\t<div class=\"elementor-widget-container\">\n\t\t\t\t\t\t\t<div class=\"elementor-divider\">\n\t\t\t<span class=\"elementor-divider-separator\">\n\t\t\t\t\t\t<\/span>\n\t\t<\/div>\n\t\t\t\t\t\t<\/div>\n\t\t\t\t<\/div>\n\t\t\t\t<div class=\"elementor-element elementor-element-2e52d8c elementor-widget elementor-widget-text-editor\" data-id=\"2e52d8c\" data-element_type=\"widget\" data-e-type=\"widget\" data-widget_type=\"text-editor.default\">\n\t\t\t\t<div class=\"elementor-widget-container\">\n\t\t\t\t\t\t\t\t\tDes activit\u00e9s pilotes seront d\u00e9velopp\u00e9es pour chaque technologie dans deux cha\u00eenes d&#8217;approvisionnement (agrumes et grenades) et un r\u00e9seau de cha\u00eenes de distribution. L&#8217;objectif principal est de d\u00e9velopper des recommandations pour am\u00e9liorer les instruments politiques afin de promouvoir les technologies vertes dans la cha\u00eene alimentaire m\u00e9diterran\u00e9enne. \t\t\t\t\t\t\t\t<\/div>\n\t\t\t\t<\/div>\n\t\t\t\t\t<\/div>\n\t\t\t\t<\/div>\n\t\t<div class=\"elementor-element elementor-element-6945bb5 e-flex e-con-boxed e-con e-parent\" data-id=\"6945bb5\" data-element_type=\"container\" data-e-type=\"container\">\n\t\t\t\t\t<div class=\"e-con-inner\">\n\t\t\t\t<div class=\"elementor-element elementor-element-b42fa86 elementor-widget elementor-widget-spacer\" data-id=\"b42fa86\" data-element_type=\"widget\" data-e-type=\"widget\" data-widget_type=\"spacer.default\">\n\t\t\t\t<div class=\"elementor-widget-container\">\n\t\t\t\t\t\t\t<div class=\"elementor-spacer\">\n\t\t\t<div class=\"elementor-spacer-inner\"><\/div>\n\t\t<\/div>\n\t\t\t\t\t\t<\/div>\n\t\t\t\t<\/div>\n\t\t\t\t<div class=\"elementor-element elementor-element-91a0f09 elementor-widget elementor-widget-heading\" data-id=\"91a0f09\" data-element_type=\"widget\" data-e-type=\"widget\" data-widget_type=\"heading.default\">\n\t\t\t\t<div class=\"elementor-widget-container\">\n\t\t\t\t\t<h3 class=\"elementor-heading-title elementor-size-medium\">WP6- Mesure d'accompagnement - diffusion<\/h3>\t\t\t\t<\/div>\n\t\t\t\t<\/div>\n\t\t\t\t<div class=\"elementor-element elementor-element-8909ff5 elementor-widget-divider--view-line elementor-widget elementor-widget-divider\" data-id=\"8909ff5\" data-element_type=\"widget\" data-e-type=\"widget\" data-widget_type=\"divider.default\">\n\t\t\t\t<div class=\"elementor-widget-container\">\n\t\t\t\t\t\t\t<div class=\"elementor-divider\">\n\t\t\t<span class=\"elementor-divider-separator\">\n\t\t\t\t\t\t<\/span>\n\t\t<\/div>\n\t\t\t\t\t\t<\/div>\n\t\t\t\t<\/div>\n\t\t\t\t<div class=\"elementor-element elementor-element-c6d1a9b elementor-widget elementor-widget-text-editor\" data-id=\"c6d1a9b\" data-element_type=\"widget\" data-e-type=\"widget\" data-widget_type=\"text-editor.default\">\n\t\t\t\t<div class=\"elementor-widget-container\">\n\t\t\t\t\t\t\t\t\t<p>Mettre en \u0153uvre des strat\u00e9gies de diffusion et de communication et de d\u00e9velopper de nouvelles activit\u00e9s de formation pour transf\u00e9rer les connaissances d&#8217;un secteur \u00e0 l&#8217;autre.<\/p>\t\t\t\t\t\t\t\t<\/div>\n\t\t\t\t<\/div>\n\t\t\t\t\t<\/div>\n\t\t\t\t<\/div>\n\t\t<div class=\"elementor-element elementor-element-ef76619 e-flex e-con-boxed e-con e-parent\" data-id=\"ef76619\" data-element_type=\"container\" data-e-type=\"container\">\n\t\t\t\t\t<div class=\"e-con-inner\">\n\t\t\t\t<div class=\"elementor-element elementor-element-30e08ec elementor-widget elementor-widget-spacer\" data-id=\"30e08ec\" data-element_type=\"widget\" data-e-type=\"widget\" data-widget_type=\"spacer.default\">\n\t\t\t\t<div class=\"elementor-widget-container\">\n\t\t\t\t\t\t\t<div class=\"elementor-spacer\">\n\t\t\t<div class=\"elementor-spacer-inner\"><\/div>\n\t\t<\/div>\n\t\t\t\t\t\t<\/div>\n\t\t\t\t<\/div>\n\t\t\t\t<div class=\"elementor-element elementor-element-2a338bc elementor-headline--style-highlight elementor-widget elementor-widget-animated-headline\" data-id=\"2a338bc\" data-element_type=\"widget\" data-e-type=\"widget\" data-settings=\"{&quot;highlighted_text&quot;:&quot;objectifs sp\\u00e9cifiques&quot;,&quot;headline_style&quot;:&quot;highlight&quot;,&quot;marker&quot;:&quot;circle&quot;,&quot;loop&quot;:&quot;yes&quot;,&quot;highlight_animation_duration&quot;:1200,&quot;highlight_iteration_delay&quot;:8000}\" data-widget_type=\"animated-headline.default\">\n\t\t\t\t<div class=\"elementor-widget-container\">\n\t\t\t\t\t\t\t\t<a href=\"https:\/\/excel4med.eu\/fr\/le-projet\/objectifs-specifiques\/\">\n\n\t\t\t\t\t<p class=\"elementor-headline\">\n\t\t\t\t\t<span class=\"elementor-headline-plain-text elementor-headline-text-wrapper\">Consultez nos<\/span>\n\t\t\t\t<span class=\"elementor-headline-dynamic-wrapper elementor-headline-text-wrapper\">\n\t\t\t\t\t<span class=\"elementor-headline-dynamic-text elementor-headline-text-active\">objectifs sp\u00e9cifiques<\/span>\n\t\t\t\t<\/span>\n\t\t\t\t\t<span class=\"elementor-headline-plain-text elementor-headline-text-wrapper\">  ici<\/span>\n\t\t\t\t\t<\/p>\n\t\t<\/a>\t\t\t\t<\/div>\n\t\t\t\t<\/div>\n\t\t\t\t<div class=\"elementor-element elementor-element-0fd1f17 elementor-widget elementor-widget-spacer\" data-id=\"0fd1f17\" data-element_type=\"widget\" data-e-type=\"widget\" data-widget_type=\"spacer.default\">\n\t\t\t\t<div class=\"elementor-widget-container\">\n\t\t\t\t\t\t\t<div class=\"elementor-spacer\">\n\t\t\t<div class=\"elementor-spacer-inner\"><\/div>\n\t\t<\/div>\n\t\t\t\t\t\t<\/div>\n\t\t\t\t<\/div>\n\t\t\t\t\t<\/div>\n\t\t\t\t<\/div>\n\t\t\t\t<\/div>\n\t\t","protected":false},"excerpt":{"rendered":"<p>WP1- Gestion Assurer que le projet atteint ses objectifs dans le respect du budget et du calendrier pr\u00e9d\u00e9fini et de g\u00e9rer les questions juridiques, financi\u00e8res et administratives du projet et du consortium, conform\u00e9ment aux normes de la CE (par exemple, qualit\u00e9, gestion financi\u00e8re, etc.). En outre, vous devez assurer la coordination entre les membres du&hellip;<\/p>\n","protected":false},"author":1,"featured_media":0,"parent":9883,"menu_order":0,"comment_status":"closed","ping_status":"closed","template":"","meta":{"footnotes":""},"class_list":["post-9889","page","type-page","status-publish","hentry"],"yoast_head":"<!-- This site is optimized with the Yoast SEO plugin v27.3 - https:\/\/yoast.com\/product\/yoast-seo-wordpress\/ -->\n<title>Lots de travail (WP) - Excel4Med<\/title>\n<meta name=\"robots\" content=\"index, follow, max-snippet:-1, max-image-preview:large, max-video-preview:-1\" \/>\n<link rel=\"canonical\" href=\"https:\/\/excel4med.eu\/fr\/le-projet\/paquets-de-travail\/\" \/>\n<meta property=\"og:locale\" content=\"fr_FR\" \/>\n<meta property=\"og:type\" content=\"article\" \/>\n<meta property=\"og:title\" content=\"Lots de travail (WP) - Excel4Med\" \/>\n<meta property=\"og:description\" content=\"WP1- Gestion Assurer que le projet atteint ses objectifs dans le respect du budget et du calendrier pr\u00e9d\u00e9fini et de g\u00e9rer les questions juridiques, financi\u00e8res et administratives du projet et du consortium, conform\u00e9ment aux normes de la CE (par exemple, qualit\u00e9, gestion financi\u00e8re, etc.). En outre, vous devez assurer la coordination entre les membres du&hellip;\" \/>\n<meta property=\"og:url\" content=\"https:\/\/excel4med.eu\/fr\/le-projet\/paquets-de-travail\/\" \/>\n<meta property=\"og:site_name\" content=\"Excel4Med\" \/>\n<meta property=\"article:publisher\" content=\"https:\/\/www.facebook.com\/excel4med\/\" \/>\n<meta property=\"article:modified_time\" content=\"2025-07-29T08:19:22+00:00\" \/>\n<meta name=\"twitter:card\" content=\"summary_large_image\" \/>\n<meta name=\"twitter:site\" content=\"@excel4med\" \/>\n<meta name=\"twitter:label1\" content=\"Dur\u00e9e de lecture estim\u00e9e\" \/>\n\t<meta name=\"twitter:data1\" content=\"2 minutes\" \/>\n<script type=\"application\/ld+json\" class=\"yoast-schema-graph\">{\"@context\":\"https:\\\/\\\/schema.org\",\"@graph\":[{\"@type\":\"WebPage\",\"@id\":\"https:\\\/\\\/excel4med.eu\\\/fr\\\/le-projet\\\/paquets-de-travail\\\/\",\"url\":\"https:\\\/\\\/excel4med.eu\\\/fr\\\/le-projet\\\/paquets-de-travail\\\/\",\"name\":\"Lots de travail (WP) - Excel4Med\",\"isPartOf\":{\"@id\":\"https:\\\/\\\/excel4med.eu\\\/fr\\\/#website\"},\"datePublished\":\"2023-04-29T16:21:21+00:00\",\"dateModified\":\"2025-07-29T08:19:22+00:00\",\"breadcrumb\":{\"@id\":\"https:\\\/\\\/excel4med.eu\\\/fr\\\/le-projet\\\/paquets-de-travail\\\/#breadcrumb\"},\"inLanguage\":\"fr-FR\",\"potentialAction\":[{\"@type\":\"ReadAction\",\"target\":[\"https:\\\/\\\/excel4med.eu\\\/fr\\\/le-projet\\\/paquets-de-travail\\\/\"]}]},{\"@type\":\"BreadcrumbList\",\"@id\":\"https:\\\/\\\/excel4med.eu\\\/fr\\\/le-projet\\\/paquets-de-travail\\\/#breadcrumb\",\"itemListElement\":[{\"@type\":\"ListItem\",\"position\":1,\"name\":\"Home\",\"item\":\"https:\\\/\\\/excel4med.eu\\\/fr\\\/accueil\\\/\"},{\"@type\":\"ListItem\",\"position\":2,\"name\":\"Le projet\",\"item\":\"https:\\\/\\\/excel4med.eu\\\/fr\\\/?page_id=9883\"},{\"@type\":\"ListItem\",\"position\":3,\"name\":\"Lots de travail (WP)\"}]},{\"@type\":\"WebSite\",\"@id\":\"https:\\\/\\\/excel4med.eu\\\/fr\\\/#website\",\"url\":\"https:\\\/\\\/excel4med.eu\\\/fr\\\/\",\"name\":\"Excel4Med\",\"description\":\"\",\"publisher\":{\"@id\":\"https:\\\/\\\/excel4med.eu\\\/fr\\\/#organization\"},\"potentialAction\":[{\"@type\":\"SearchAction\",\"target\":{\"@type\":\"EntryPoint\",\"urlTemplate\":\"https:\\\/\\\/excel4med.eu\\\/fr\\\/?s={search_term_string}\"},\"query-input\":{\"@type\":\"PropertyValueSpecification\",\"valueRequired\":true,\"valueName\":\"search_term_string\"}}],\"inLanguage\":\"fr-FR\"},{\"@type\":\"Organization\",\"@id\":\"https:\\\/\\\/excel4med.eu\\\/fr\\\/#organization\",\"name\":\"Excel4Med\",\"url\":\"https:\\\/\\\/excel4med.eu\\\/fr\\\/\",\"logo\":{\"@type\":\"ImageObject\",\"inLanguage\":\"fr-FR\",\"@id\":\"https:\\\/\\\/excel4med.eu\\\/fr\\\/#\\\/schema\\\/logo\\\/image\\\/\",\"url\":\"https:\\\/\\\/excel4med.eu\\\/wp-content\\\/uploads\\\/2023\\\/04\\\/excel4med-v6-FBC02D.png\",\"contentUrl\":\"https:\\\/\\\/excel4med.eu\\\/wp-content\\\/uploads\\\/2023\\\/04\\\/excel4med-v6-FBC02D.png\",\"width\":1200,\"height\":443,\"caption\":\"Excel4Med\"},\"image\":{\"@id\":\"https:\\\/\\\/excel4med.eu\\\/fr\\\/#\\\/schema\\\/logo\\\/image\\\/\"},\"sameAs\":[\"https:\\\/\\\/www.facebook.com\\\/excel4med\\\/\",\"https:\\\/\\\/x.com\\\/excel4med\",\"https:\\\/\\\/www.instagram.com\\\/excel4med\\\/\"]}]}<\/script>\n<!-- \/ Yoast SEO plugin. -->","yoast_head_json":{"title":"Lots de travail (WP) - Excel4Med","robots":{"index":"index","follow":"follow","max-snippet":"max-snippet:-1","max-image-preview":"max-image-preview:large","max-video-preview":"max-video-preview:-1"},"canonical":"https:\/\/excel4med.eu\/fr\/le-projet\/paquets-de-travail\/","og_locale":"fr_FR","og_type":"article","og_title":"Lots de travail (WP) - Excel4Med","og_description":"WP1- Gestion Assurer que le projet atteint ses objectifs dans le respect du budget et du calendrier pr\u00e9d\u00e9fini et de g\u00e9rer les questions juridiques, financi\u00e8res et administratives du projet et du consortium, conform\u00e9ment aux normes de la CE (par exemple, qualit\u00e9, gestion financi\u00e8re, etc.). En outre, vous devez assurer la coordination entre les membres du&hellip;","og_url":"https:\/\/excel4med.eu\/fr\/le-projet\/paquets-de-travail\/","og_site_name":"Excel4Med","article_publisher":"https:\/\/www.facebook.com\/excel4med\/","article_modified_time":"2025-07-29T08:19:22+00:00","twitter_card":"summary_large_image","twitter_site":"@excel4med","twitter_misc":{"Dur\u00e9e de lecture estim\u00e9e":"2 minutes"},"schema":{"@context":"https:\/\/schema.org","@graph":[{"@type":"WebPage","@id":"https:\/\/excel4med.eu\/fr\/le-projet\/paquets-de-travail\/","url":"https:\/\/excel4med.eu\/fr\/le-projet\/paquets-de-travail\/","name":"Lots de travail (WP) - Excel4Med","isPartOf":{"@id":"https:\/\/excel4med.eu\/fr\/#website"},"datePublished":"2023-04-29T16:21:21+00:00","dateModified":"2025-07-29T08:19:22+00:00","breadcrumb":{"@id":"https:\/\/excel4med.eu\/fr\/le-projet\/paquets-de-travail\/#breadcrumb"},"inLanguage":"fr-FR","potentialAction":[{"@type":"ReadAction","target":["https:\/\/excel4med.eu\/fr\/le-projet\/paquets-de-travail\/"]}]},{"@type":"BreadcrumbList","@id":"https:\/\/excel4med.eu\/fr\/le-projet\/paquets-de-travail\/#breadcrumb","itemListElement":[{"@type":"ListItem","position":1,"name":"Home","item":"https:\/\/excel4med.eu\/fr\/accueil\/"},{"@type":"ListItem","position":2,"name":"Le projet","item":"https:\/\/excel4med.eu\/fr\/?page_id=9883"},{"@type":"ListItem","position":3,"name":"Lots de travail (WP)"}]},{"@type":"WebSite","@id":"https:\/\/excel4med.eu\/fr\/#website","url":"https:\/\/excel4med.eu\/fr\/","name":"Excel4Med","description":"","publisher":{"@id":"https:\/\/excel4med.eu\/fr\/#organization"},"potentialAction":[{"@type":"SearchAction","target":{"@type":"EntryPoint","urlTemplate":"https:\/\/excel4med.eu\/fr\/?s={search_term_string}"},"query-input":{"@type":"PropertyValueSpecification","valueRequired":true,"valueName":"search_term_string"}}],"inLanguage":"fr-FR"},{"@type":"Organization","@id":"https:\/\/excel4med.eu\/fr\/#organization","name":"Excel4Med","url":"https:\/\/excel4med.eu\/fr\/","logo":{"@type":"ImageObject","inLanguage":"fr-FR","@id":"https:\/\/excel4med.eu\/fr\/#\/schema\/logo\/image\/","url":"https:\/\/excel4med.eu\/wp-content\/uploads\/2023\/04\/excel4med-v6-FBC02D.png","contentUrl":"https:\/\/excel4med.eu\/wp-content\/uploads\/2023\/04\/excel4med-v6-FBC02D.png","width":1200,"height":443,"caption":"Excel4Med"},"image":{"@id":"https:\/\/excel4med.eu\/fr\/#\/schema\/logo\/image\/"},"sameAs":["https:\/\/www.facebook.com\/excel4med\/","https:\/\/x.com\/excel4med","https:\/\/www.instagram.com\/excel4med\/"]}]}},"_links":{"self":[{"href":"https:\/\/excel4med.eu\/fr\/wp-json\/wp\/v2\/pages\/9889","targetHints":{"allow":["GET"]}}],"collection":[{"href":"https:\/\/excel4med.eu\/fr\/wp-json\/wp\/v2\/pages"}],"about":[{"href":"https:\/\/excel4med.eu\/fr\/wp-json\/wp\/v2\/types\/page"}],"author":[{"embeddable":true,"href":"https:\/\/excel4med.eu\/fr\/wp-json\/wp\/v2\/users\/1"}],"replies":[{"embeddable":true,"href":"https:\/\/excel4med.eu\/fr\/wp-json\/wp\/v2\/comments?post=9889"}],"version-history":[{"count":10,"href":"https:\/\/excel4med.eu\/fr\/wp-json\/wp\/v2\/pages\/9889\/revisions"}],"predecessor-version":[{"id":11999,"href":"https:\/\/excel4med.eu\/fr\/wp-json\/wp\/v2\/pages\/9889\/revisions\/11999"}],"up":[{"embeddable":true,"href":"https:\/\/excel4med.eu\/fr\/wp-json\/wp\/v2\/pages\/9883"}],"wp:attachment":[{"href":"https:\/\/excel4med.eu\/fr\/wp-json\/wp\/v2\/media?parent=9889"}],"curies":[{"name":"wp","href":"https:\/\/api.w.org\/{rel}","templated":true}]}}