{"id":9883,"date":"2023-04-29T16:20:03","date_gmt":"2023-04-29T16:20:03","guid":{"rendered":"https:\/\/excel4med.eu\/le-projet\/"},"modified":"2025-05-13T18:36:28","modified_gmt":"2025-05-13T18:36:28","slug":"le-projet","status":"publish","type":"page","link":"https:\/\/excel4med.eu\/fr\/le-projet\/","title":{"rendered":"Le projet"},"content":{"rendered":"\t\t<div data-elementor-type=\"wp-page\" data-elementor-id=\"9883\" class=\"elementor elementor-9883 elementor-6191\" data-elementor-post-type=\"page\">\n\t\t\t\t<div class=\"elementor-element elementor-element-de38241 e-flex e-con-boxed e-con e-parent\" data-id=\"de38241\" data-element_type=\"container\" data-e-type=\"container\">\n\t\t\t\t\t<div class=\"e-con-inner\">\n\t\t\t\t<div class=\"elementor-element elementor-element-a300e4e elementor-widget elementor-widget-spacer\" data-id=\"a300e4e\" data-element_type=\"widget\" data-e-type=\"widget\" data-widget_type=\"spacer.default\">\n\t\t\t\t<div class=\"elementor-widget-container\">\n\t\t\t\t\t\t\t<div class=\"elementor-spacer\">\n\t\t\t<div class=\"elementor-spacer-inner\"><\/div>\n\t\t<\/div>\n\t\t\t\t\t\t<\/div>\n\t\t\t\t<\/div>\n\t\t\t\t<div class=\"elementor-element elementor-element-3b4c786 elementor-widget elementor-widget-heading\" data-id=\"3b4c786\" data-element_type=\"widget\" data-e-type=\"widget\" data-widget_type=\"heading.default\">\n\t\t\t\t<div class=\"elementor-widget-container\">\n\t\t\t\t\t<h2 class=\"elementor-heading-title elementor-size-medium\">P\u00f4le d'excellence en mati\u00e8re de technologies vertes : Introduire des \u00e9cosyst\u00e8mes d'innovation dans la cha\u00eene de valeur alimentaire m\u00e9diterran\u00e9enne<\/h2>\t\t\t\t<\/div>\n\t\t\t\t<\/div>\n\t\t\t\t<div class=\"elementor-element elementor-element-3bf3a5a elementor-widget-divider--view-line elementor-widget elementor-widget-divider\" data-id=\"3bf3a5a\" data-element_type=\"widget\" data-e-type=\"widget\" data-widget_type=\"divider.default\">\n\t\t\t\t<div class=\"elementor-widget-container\">\n\t\t\t\t\t\t\t<div class=\"elementor-divider\">\n\t\t\t<span class=\"elementor-divider-separator\">\n\t\t\t\t\t\t<\/span>\n\t\t<\/div>\n\t\t\t\t\t\t<\/div>\n\t\t\t\t<\/div>\n\t\t\t\t\t<\/div>\n\t\t\t\t<\/div>\n\t\t<div class=\"elementor-element elementor-element-1bca11a e-flex e-con-boxed e-con e-parent\" data-id=\"1bca11a\" data-element_type=\"container\" data-e-type=\"container\">\n\t\t\t\t\t<div class=\"e-con-inner\">\n\t\t<div class=\"elementor-element elementor-element-49ea7e3 e-con-full e-flex e-con e-parent\" data-id=\"49ea7e3\" data-element_type=\"container\" data-e-type=\"container\">\n\t\t\t\t<div class=\"elementor-element elementor-element-cb5dcc8 elementor-widget elementor-widget-spacer\" data-id=\"cb5dcc8\" data-element_type=\"widget\" data-e-type=\"widget\" data-widget_type=\"spacer.default\">\n\t\t\t\t<div class=\"elementor-widget-container\">\n\t\t\t\t\t\t\t<div class=\"elementor-spacer\">\n\t\t\t<div class=\"elementor-spacer-inner\"><\/div>\n\t\t<\/div>\n\t\t\t\t\t\t<\/div>\n\t\t\t\t<\/div>\n\t\t\t\t<div class=\"elementor-element elementor-element-5e52fcb elementor-widget elementor-widget-text-editor\" data-id=\"5e52fcb\" data-element_type=\"widget\" data-e-type=\"widget\" data-widget_type=\"text-editor.default\">\n\t\t\t\t<div class=\"elementor-widget-container\">\n\t\t\t\t\t\t\t\t\t<p>La r\u00e9gion m\u00e9diterran\u00e9enne est depuis longtemps reconnue comme une plaque tournante de l&#8217;activit\u00e9 agricole. Avec pr\u00e8s d&#8217;un quart de la main-d&#8217;\u0153uvre de la r\u00e9gion employ\u00e9e dans ce secteur, l&#8217;agriculture a connu une croissance prometteuse ces derni\u00e8res ann\u00e9es. <\/p><p>Le projet <strong>EXCEL4MED<\/strong>, financ\u00e9 par l&#8217;UE, vise \u00e0 renforcer les \u00e9cosyst\u00e8mes d&#8217;innovation dans la r\u00e9gion m\u00e9diterran\u00e9enne. Il s&#8217;agit de mettre l&#8217;accent sur la production de produits alimentaires nutritifs et sur la valorisation des flux secondaires de l&#8217;industrie alimentaire. Le projet vise \u00e0 \u00e9tablir des collaborations transfrontali\u00e8res entre la Gr\u00e8ce, Malte et la France, dans le but commun de renforcer les cha\u00eenes de valeur ajout\u00e9e alimentaire de la r\u00e9gion.  <\/p><p>EXCEL4MED a des plans ambitieux pour d\u00e9velopper des \u00e9cosyst\u00e8mes d&#8217;innovation interconnect\u00e9s. L&#8217;objectif final est de stimuler le d\u00e9veloppement et l&#8217;adoption de produits alimentaires nutritifs, conduisant \u00e0 une croissance durable de l&#8217;industrie agricole m\u00e9diterran\u00e9enne. <\/p>\t\t\t\t\t\t\t\t<\/div>\n\t\t\t\t<\/div>\n\t\t\t\t<div class=\"elementor-element elementor-element-ff0dd59 elementor-widget elementor-widget-image\" data-id=\"ff0dd59\" data-element_type=\"widget\" data-e-type=\"widget\" data-widget_type=\"image.default\">\n\t\t\t\t<div class=\"elementor-widget-container\">\n\t\t\t\t\t\t\t\t\t\t\t\t\t\t\t<img fetchpriority=\"high\" decoding=\"async\" width=\"300\" height=\"233\" src=\"https:\/\/excel4med.eu\/wp-content\/uploads\/2023\/05\/europe-map-with-dots-300x233.jpg\" class=\"attachment-medium size-medium wp-image-9277\" alt=\"\" srcset=\"https:\/\/excel4med.eu\/wp-content\/uploads\/2023\/05\/europe-map-with-dots-300x233.jpg 300w, https:\/\/excel4med.eu\/wp-content\/uploads\/2023\/05\/europe-map-with-dots-768x597.jpg 768w, https:\/\/excel4med.eu\/wp-content\/uploads\/2023\/05\/europe-map-with-dots.jpg 1024w\" sizes=\"(max-width: 300px) 100vw, 300px\" \/>\t\t\t\t\t\t\t\t\t\t\t\t\t\t\t<\/div>\n\t\t\t\t<\/div>\n\t\t<div class=\"elementor-element elementor-element-36570de e-flex e-con-boxed e-con e-parent\" data-id=\"36570de\" data-element_type=\"container\" data-e-type=\"container\">\n\t\t\t\t\t<div class=\"e-con-inner\">\n\t\t\t\t<div class=\"elementor-element elementor-element-6d2c857 elementor-align-center elementor-widget elementor-widget-the7_button_widget\" data-id=\"6d2c857\" data-element_type=\"widget\" data-e-type=\"widget\" data-widget_type=\"the7_button_widget.default\">\n\t\t\t\t<div class=\"elementor-widget-container\">\n\t\t\t\t\t<div class=\"elementor-button-wrapper\"><a href=\"https:\/\/excel4med.eu\/the-project\/specific-objectives\/\" class=\"box-button elementor-button elementor-size-lg\">OBJECTIFS SP\u00c9CIFIQUES<i aria-hidden=\"true\" class=\"elementor-button-icon far fa-arrow-alt-circle-right\"><\/i><\/a><\/div>\t\t\t\t<\/div>\n\t\t\t\t<\/div>\n\t\t\t\t<div class=\"elementor-element elementor-element-c60aaa5 elementor-align-center elementor-widget elementor-widget-the7_button_widget\" data-id=\"c60aaa5\" data-element_type=\"widget\" data-e-type=\"widget\" data-widget_type=\"the7_button_widget.default\">\n\t\t\t\t<div class=\"elementor-widget-container\">\n\t\t\t\t\t<div class=\"elementor-button-wrapper\"><a href=\"https:\/\/excel4med.eu\/the-project\/work-packages\/\" class=\"box-button elementor-button elementor-size-lg\">PAQUETS DE TRAVAIL<i aria-hidden=\"true\" class=\"elementor-button-icon far fa-arrow-alt-circle-right\"><\/i><\/a><\/div>\t\t\t\t<\/div>\n\t\t\t\t<\/div>\n\t\t\t\t\t<\/div>\n\t\t\t\t<\/div>\n\t\t\t\t<\/div>\n\t\t<div class=\"elementor-element elementor-element-4d4f96c e-con-full e-flex e-con e-parent\" data-id=\"4d4f96c\" data-element_type=\"container\" data-e-type=\"container\" data-settings=\"{&quot;background_background&quot;:&quot;classic&quot;}\">\n\t\t\t\t<div class=\"elementor-element elementor-element-2732a50 elementor-widget__width-auto elementor-widget elementor-widget-heading\" data-id=\"2732a50\" data-element_type=\"widget\" data-e-type=\"widget\" data-widget_type=\"heading.default\">\n\t\t\t\t<div class=\"elementor-widget-container\">\n\t\t\t\t\t<h2 class=\"elementor-heading-title elementor-size-default\">Le pr\u00e9sent  <\/h2>\t\t\t\t<\/div>\n\t\t\t\t<\/div>\n\t\t\t\t<div class=\"elementor-element elementor-element-8695bf5 elementor-widget__width-auto elementor-widget elementor-widget-heading\" data-id=\"8695bf5\" data-element_type=\"widget\" data-e-type=\"widget\" data-widget_type=\"heading.default\">\n\t\t\t\t<div class=\"elementor-widget-container\">\n\t\t\t\t\t<h2 class=\"elementor-heading-title elementor-size-default\">projet  <\/h2>\t\t\t\t<\/div>\n\t\t\t\t<\/div>\n\t\t\t\t<div class=\"elementor-element elementor-element-c79141d elementor-widget__width-auto elementor-widget elementor-widget-heading\" data-id=\"c79141d\" data-element_type=\"widget\" data-e-type=\"widget\" data-widget_type=\"heading.default\">\n\t\t\t\t<div class=\"elementor-widget-container\">\n\t\t\t\t\t<h2 class=\"elementor-heading-title elementor-size-default\">vise \u00e0<\/h2>\t\t\t\t<\/div>\n\t\t\t\t<\/div>\n\t\t\t\t<div class=\"elementor-element elementor-element-8d15176 elementor-widget elementor-widget-spacer\" data-id=\"8d15176\" data-element_type=\"widget\" data-e-type=\"widget\" data-widget_type=\"spacer.default\">\n\t\t\t\t<div class=\"elementor-widget-container\">\n\t\t\t\t\t\t\t<div class=\"elementor-spacer\">\n\t\t\t<div class=\"elementor-spacer-inner\"><\/div>\n\t\t<\/div>\n\t\t\t\t\t\t<\/div>\n\t\t\t\t<\/div>\n\t\t\t\t<div class=\"elementor-element elementor-element-d07c0bb content-align-left icon-box-vertical-align-top icon-position-left icon-vertical-align-start elementor-widget elementor-widget-the7_icon_box_grid_widget\" data-id=\"d07c0bb\" data-element_type=\"widget\" data-e-type=\"widget\" data-widget_type=\"the7_icon_box_grid_widget.default\">\n\t\t\t\t<div class=\"elementor-widget-container\">\n\t\t\t\t\t<div class=\"the7-box-grid-wrapper the7-elementor-widget loading-effect-none the7_icon_box_grid_widget-d07c0bb\">\t\t\t<div class=\"dt-css-grid\">\n\t\t\t\t\t\t\t\t\t<div class=\"wf-cell shown\">\n\t\t\t\t\t\t<div class=\"the7-icon-box-grid\">\t\t\t\t\t\t\t<div class=\"box-content-wrapper\">\n\t\t\t\t\t\t\t\t\t\t\t\t\t\t\t\t\t<a class=\"elementor-icon-div\" aria-label=\"des strat\u00e9gies \u00e0 fort impact\">\t\t\t\t\t\t\t\t\t\t<div class=\"elementor-icon\">\n\t\t\t\t\t\t\t\t\t\t\t<i aria-hidden=\"true\" class=\"fas fa-check\"><\/i>\t\t\t\t\t\t\t\t\t\t<\/div>\n\t\t\t\t\t\t\t\t\t<\/a>\t\t\t\t\t\t\t\t\t\t\t\t\t\t\t\t<div class=\"box-content\">\n\t\t\t\t\t\t\t\t\t\t\t\t\t\t\t\t\t\t\t\t\t\t\t\t\t\t\t\t\t<h4 class=\"box-heading\">\n\t\t\t\t\t\t\t\t\t\t\t<a aria-label=\"des strat\u00e9gies \u00e0 fort impact\">\t\t\t\t\t\t\t\t\t\t\t\tdes strat\u00e9gies \u00e0 fort impact\t\t\t\t\t\t\t\t\t\t\t<\/a>\t\t\t\t\t\t\t\t\t\t<\/h4>\n\t\t\t\t\t\t\t\t\t\t\t\t\t\t\t\t\t\t\t\t\t\t\t\t\t\t\t\t<div class=\"box-description\">producteurs, transformateurs, consommateurs et d\u00e9cideurs politiques<\/div>\n\t\t\t\t\t\t\t\t\t\t\t\t\t\t\t\t\t\t\t\t\t\t\t\t\t\t<\/div>\n\t\t\t\t\t\t\t<\/div>\n\t\t\t\t\t\t<\/div>\t\t\t\t\t<\/div>\n\t\t\t\t\t\t\t\t\t<div class=\"wf-cell shown\">\n\t\t\t\t\t\t<div class=\"the7-icon-box-grid\">\t\t\t\t\t\t\t<div class=\"box-content-wrapper\">\n\t\t\t\t\t\t\t\t\t\t\t\t\t\t\t\t\t<a class=\"elementor-icon-div\" aria-label=\"entreprise, collaboration\">\t\t\t\t\t\t\t\t\t\t<div class=\"elementor-icon\">\n\t\t\t\t\t\t\t\t\t\t\t<i aria-hidden=\"true\" class=\"fas fa-check\"><\/i>\t\t\t\t\t\t\t\t\t\t<\/div>\n\t\t\t\t\t\t\t\t\t<\/a>\t\t\t\t\t\t\t\t\t\t\t\t\t\t\t\t<div class=\"box-content\">\n\t\t\t\t\t\t\t\t\t\t\t\t\t\t\t\t\t\t\t\t\t\t\t\t\t\t\t\t\t<h4 class=\"box-heading\">\n\t\t\t\t\t\t\t\t\t\t\t<a aria-label=\"entreprise, collaboration\">\t\t\t\t\t\t\t\t\t\t\t\tentreprise, collaboration\t\t\t\t\t\t\t\t\t\t\t<\/a>\t\t\t\t\t\t\t\t\t\t<\/h4>\n\t\t\t\t\t\t\t\t\t\t\t\t\t\t\t\t\t\t\t\t\t\t\t\t\t\t\t\t\t\t\t\t\t\t\t<\/div>\n\t\t\t\t\t\t\t<\/div>\n\t\t\t\t\t\t<\/div>\t\t\t\t\t<\/div>\n\t\t\t\t\t\t\t\t\t<div class=\"wf-cell shown\">\n\t\t\t\t\t\t<div class=\"the7-icon-box-grid\">\t\t\t\t\t\t\t<div class=\"box-content-wrapper\">\n\t\t\t\t\t\t\t\t\t\t\t\t\t\t\t\t\t<a class=\"elementor-icon-div\" aria-label=\"strat\u00e9gies de valorisation des d\u00e9chets\">\t\t\t\t\t\t\t\t\t\t<div class=\"elementor-icon\">\n\t\t\t\t\t\t\t\t\t\t\t<i aria-hidden=\"true\" class=\"fas fa-check\"><\/i>\t\t\t\t\t\t\t\t\t\t<\/div>\n\t\t\t\t\t\t\t\t\t<\/a>\t\t\t\t\t\t\t\t\t\t\t\t\t\t\t\t<div class=\"box-content\">\n\t\t\t\t\t\t\t\t\t\t\t\t\t\t\t\t\t\t\t\t\t\t\t\t\t\t\t\t\t<h4 class=\"box-heading\">\n\t\t\t\t\t\t\t\t\t\t\t<a aria-label=\"strat\u00e9gies de valorisation des d\u00e9chets\">\t\t\t\t\t\t\t\t\t\t\t\tstrat\u00e9gies de valorisation des d\u00e9chets\t\t\t\t\t\t\t\t\t\t\t<\/a>\t\t\t\t\t\t\t\t\t\t<\/h4>\n\t\t\t\t\t\t\t\t\t\t\t\t\t\t\t\t\t\t\t\t\t\t\t\t\t\t\t\t\t\t\t\t\t\t\t<\/div>\n\t\t\t\t\t\t\t<\/div>\n\t\t\t\t\t\t<\/div>\t\t\t\t\t<\/div>\n\t\t\t\t\t\t\t\t\t<div class=\"wf-cell shown\">\n\t\t\t\t\t\t<div class=\"the7-icon-box-grid\">\t\t\t\t\t\t\t<div class=\"box-content-wrapper\">\n\t\t\t\t\t\t\t\t\t\t\t\t\t\t\t\t\t<a class=\"elementor-icon-div\" aria-label=\"Am\u00e9liorer les cha\u00eenes d&#039;approvisionnement alimentaire\">\t\t\t\t\t\t\t\t\t\t<div class=\"elementor-icon\">\n\t\t\t\t\t\t\t\t\t\t\t<i aria-hidden=\"true\" class=\"fas fa-check\"><\/i>\t\t\t\t\t\t\t\t\t\t<\/div>\n\t\t\t\t\t\t\t\t\t<\/a>\t\t\t\t\t\t\t\t\t\t\t\t\t\t\t\t<div class=\"box-content\">\n\t\t\t\t\t\t\t\t\t\t\t\t\t\t\t\t\t\t\t\t\t\t\t\t\t\t\t\t\t<h4 class=\"box-heading\">\n\t\t\t\t\t\t\t\t\t\t\t<a aria-label=\"Am\u00e9liorer les cha\u00eenes d&#039;approvisionnement alimentaire\">\t\t\t\t\t\t\t\t\t\t\t\tAm\u00e9liorer les cha\u00eenes d'approvisionnement alimentaire\t\t\t\t\t\t\t\t\t\t\t<\/a>\t\t\t\t\t\t\t\t\t\t<\/h4>\n\t\t\t\t\t\t\t\t\t\t\t\t\t\t\t\t\t\t\t\t\t\t\t\t\t\t\t\t\t\t\t\t\t\t\t<\/div>\n\t\t\t\t\t\t\t<\/div>\n\t\t\t\t\t\t<\/div>\t\t\t\t\t<\/div>\n\t\t\t\t\t\t\t<\/div>\n\t\t<\/div>\t\t\t\t<\/div>\n\t\t\t\t<\/div>\n\t\t\t\t<div class=\"elementor-element elementor-element-541b22d elementor-widget elementor-widget-spacer\" data-id=\"541b22d\" data-element_type=\"widget\" data-e-type=\"widget\" data-widget_type=\"spacer.default\">\n\t\t\t\t<div class=\"elementor-widget-container\">\n\t\t\t\t\t\t\t<div class=\"elementor-spacer\">\n\t\t\t<div class=\"elementor-spacer-inner\"><\/div>\n\t\t<\/div>\n\t\t\t\t\t\t<\/div>\n\t\t\t\t<\/div>\n\t\t\t\t<\/div>\n\t\t\t\t\t<\/div>\n\t\t\t\t<\/div>\n\t\t<div class=\"elementor-element elementor-element-82e8dd0 e-flex e-con-boxed e-con e-parent\" data-id=\"82e8dd0\" data-element_type=\"container\" data-e-type=\"container\">\n\t\t\t\t\t<div class=\"e-con-inner\">\n\t\t\t\t<div class=\"elementor-element elementor-element-990e146 elementor-widget elementor-widget-spacer\" data-id=\"990e146\" data-element_type=\"widget\" data-e-type=\"widget\" data-widget_type=\"spacer.default\">\n\t\t\t\t<div class=\"elementor-widget-container\">\n\t\t\t\t\t\t\t<div class=\"elementor-spacer\">\n\t\t\t<div class=\"elementor-spacer-inner\"><\/div>\n\t\t<\/div>\n\t\t\t\t\t\t<\/div>\n\t\t\t\t<\/div>\n\t\t\t\t<div class=\"elementor-element elementor-element-d730ba1 elementor-widget elementor-widget-spacer\" data-id=\"d730ba1\" data-element_type=\"widget\" data-e-type=\"widget\" data-widget_type=\"spacer.default\">\n\t\t\t\t<div class=\"elementor-widget-container\">\n\t\t\t\t\t\t\t<div class=\"elementor-spacer\">\n\t\t\t<div class=\"elementor-spacer-inner\"><\/div>\n\t\t<\/div>\n\t\t\t\t\t\t<\/div>\n\t\t\t\t<\/div>\n\t\t\t\t\t<\/div>\n\t\t\t\t<\/div>\n\t\t\t\t<\/div>\n\t\t","protected":false},"excerpt":{"rendered":"<p>P\u00f4le d&#8217;excellence en mati\u00e8re de technologies vertes : Introduire des \u00e9cosyst\u00e8mes d&#8217;innovation dans la cha\u00eene de valeur alimentaire m\u00e9diterran\u00e9enne La r\u00e9gion m\u00e9diterran\u00e9enne est depuis longtemps reconnue comme une plaque tournante de l&#8217;activit\u00e9 agricole. Avec pr\u00e8s d&#8217;un quart de la main-d&#8217;\u0153uvre de la r\u00e9gion employ\u00e9e dans ce secteur, l&#8217;agriculture a connu une croissance prometteuse ces derni\u00e8res&hellip;<\/p>\n","protected":false},"author":1,"featured_media":0,"parent":0,"menu_order":0,"comment_status":"closed","ping_status":"closed","template":"","meta":{"footnotes":""},"class_list":["post-9883","page","type-page","status-publish","hentry"],"yoast_head":"<!-- This site is optimized with the Yoast SEO plugin v27.3 - https:\/\/yoast.com\/product\/yoast-seo-wordpress\/ -->\n<title>Le projet - Excel4Med<\/title>\n<meta name=\"robots\" content=\"index, follow, max-snippet:-1, max-image-preview:large, max-video-preview:-1\" \/>\n<link rel=\"canonical\" href=\"https:\/\/excel4med.eu\/fr\/le-projet\/\" \/>\n<meta property=\"og:locale\" content=\"fr_FR\" \/>\n<meta property=\"og:type\" content=\"article\" \/>\n<meta property=\"og:title\" content=\"Le projet - Excel4Med\" \/>\n<meta property=\"og:description\" content=\"P\u00f4le d&#8217;excellence en mati\u00e8re de technologies vertes : Introduire des \u00e9cosyst\u00e8mes d&#8217;innovation dans la cha\u00eene de valeur alimentaire m\u00e9diterran\u00e9enne La r\u00e9gion m\u00e9diterran\u00e9enne est depuis longtemps reconnue comme une plaque tournante de l&#8217;activit\u00e9 agricole. Avec pr\u00e8s d&#8217;un quart de la main-d&#8217;\u0153uvre de la r\u00e9gion employ\u00e9e dans ce secteur, l&#8217;agriculture a connu une croissance prometteuse ces derni\u00e8res&hellip;\" \/>\n<meta property=\"og:url\" content=\"https:\/\/excel4med.eu\/fr\/le-projet\/\" \/>\n<meta property=\"og:site_name\" content=\"Excel4Med\" \/>\n<meta property=\"article:publisher\" content=\"https:\/\/www.facebook.com\/excel4med\/\" \/>\n<meta property=\"article:modified_time\" content=\"2025-05-13T18:36:28+00:00\" \/>\n<meta property=\"og:image\" content=\"https:\/\/excel4med.eu\/wp-content\/uploads\/2023\/05\/europe-map-with-dots-300x233.jpg\" \/>\n<meta name=\"twitter:card\" content=\"summary_large_image\" \/>\n<meta name=\"twitter:site\" content=\"@excel4med\" \/>\n<meta name=\"twitter:label1\" content=\"Dur\u00e9e de lecture estim\u00e9e\" \/>\n\t<meta name=\"twitter:data1\" content=\"1 minute\" \/>\n<script type=\"application\/ld+json\" class=\"yoast-schema-graph\">{\"@context\":\"https:\\\/\\\/schema.org\",\"@graph\":[{\"@type\":\"WebPage\",\"@id\":\"https:\\\/\\\/excel4med.eu\\\/fr\\\/le-projet\\\/\",\"url\":\"https:\\\/\\\/excel4med.eu\\\/fr\\\/le-projet\\\/\",\"name\":\"Le projet - Excel4Med\",\"isPartOf\":{\"@id\":\"https:\\\/\\\/excel4med.eu\\\/fr\\\/#website\"},\"primaryImageOfPage\":{\"@id\":\"https:\\\/\\\/excel4med.eu\\\/fr\\\/le-projet\\\/#primaryimage\"},\"image\":{\"@id\":\"https:\\\/\\\/excel4med.eu\\\/fr\\\/le-projet\\\/#primaryimage\"},\"thumbnailUrl\":\"https:\\\/\\\/excel4med.eu\\\/wp-content\\\/uploads\\\/2023\\\/05\\\/europe-map-with-dots-300x233.jpg\",\"datePublished\":\"2023-04-29T16:20:03+00:00\",\"dateModified\":\"2025-05-13T18:36:28+00:00\",\"breadcrumb\":{\"@id\":\"https:\\\/\\\/excel4med.eu\\\/fr\\\/le-projet\\\/#breadcrumb\"},\"inLanguage\":\"fr-FR\",\"potentialAction\":[{\"@type\":\"ReadAction\",\"target\":[\"https:\\\/\\\/excel4med.eu\\\/fr\\\/le-projet\\\/\"]}]},{\"@type\":\"ImageObject\",\"inLanguage\":\"fr-FR\",\"@id\":\"https:\\\/\\\/excel4med.eu\\\/fr\\\/le-projet\\\/#primaryimage\",\"url\":\"https:\\\/\\\/excel4med.eu\\\/wp-content\\\/uploads\\\/2023\\\/05\\\/europe-map-with-dots-300x233.jpg\",\"contentUrl\":\"https:\\\/\\\/excel4med.eu\\\/wp-content\\\/uploads\\\/2023\\\/05\\\/europe-map-with-dots-300x233.jpg\"},{\"@type\":\"BreadcrumbList\",\"@id\":\"https:\\\/\\\/excel4med.eu\\\/fr\\\/le-projet\\\/#breadcrumb\",\"itemListElement\":[{\"@type\":\"ListItem\",\"position\":1,\"name\":\"Home\",\"item\":\"https:\\\/\\\/excel4med.eu\\\/fr\\\/accueil\\\/\"},{\"@type\":\"ListItem\",\"position\":2,\"name\":\"Le projet\"}]},{\"@type\":\"WebSite\",\"@id\":\"https:\\\/\\\/excel4med.eu\\\/fr\\\/#website\",\"url\":\"https:\\\/\\\/excel4med.eu\\\/fr\\\/\",\"name\":\"Excel4Med\",\"description\":\"\",\"publisher\":{\"@id\":\"https:\\\/\\\/excel4med.eu\\\/fr\\\/#organization\"},\"potentialAction\":[{\"@type\":\"SearchAction\",\"target\":{\"@type\":\"EntryPoint\",\"urlTemplate\":\"https:\\\/\\\/excel4med.eu\\\/fr\\\/?s={search_term_string}\"},\"query-input\":{\"@type\":\"PropertyValueSpecification\",\"valueRequired\":true,\"valueName\":\"search_term_string\"}}],\"inLanguage\":\"fr-FR\"},{\"@type\":\"Organization\",\"@id\":\"https:\\\/\\\/excel4med.eu\\\/fr\\\/#organization\",\"name\":\"Excel4Med\",\"url\":\"https:\\\/\\\/excel4med.eu\\\/fr\\\/\",\"logo\":{\"@type\":\"ImageObject\",\"inLanguage\":\"fr-FR\",\"@id\":\"https:\\\/\\\/excel4med.eu\\\/fr\\\/#\\\/schema\\\/logo\\\/image\\\/\",\"url\":\"https:\\\/\\\/excel4med.eu\\\/wp-content\\\/uploads\\\/2023\\\/04\\\/excel4med-v6-FBC02D.png\",\"contentUrl\":\"https:\\\/\\\/excel4med.eu\\\/wp-content\\\/uploads\\\/2023\\\/04\\\/excel4med-v6-FBC02D.png\",\"width\":1200,\"height\":443,\"caption\":\"Excel4Med\"},\"image\":{\"@id\":\"https:\\\/\\\/excel4med.eu\\\/fr\\\/#\\\/schema\\\/logo\\\/image\\\/\"},\"sameAs\":[\"https:\\\/\\\/www.facebook.com\\\/excel4med\\\/\",\"https:\\\/\\\/x.com\\\/excel4med\",\"https:\\\/\\\/www.instagram.com\\\/excel4med\\\/\"]}]}<\/script>\n<!-- \/ Yoast SEO plugin. -->","yoast_head_json":{"title":"Le projet - Excel4Med","robots":{"index":"index","follow":"follow","max-snippet":"max-snippet:-1","max-image-preview":"max-image-preview:large","max-video-preview":"max-video-preview:-1"},"canonical":"https:\/\/excel4med.eu\/fr\/le-projet\/","og_locale":"fr_FR","og_type":"article","og_title":"Le projet - Excel4Med","og_description":"P\u00f4le d&#8217;excellence en mati\u00e8re de technologies vertes : Introduire des \u00e9cosyst\u00e8mes d&#8217;innovation dans la cha\u00eene de valeur alimentaire m\u00e9diterran\u00e9enne La r\u00e9gion m\u00e9diterran\u00e9enne est depuis longtemps reconnue comme une plaque tournante de l&#8217;activit\u00e9 agricole. Avec pr\u00e8s d&#8217;un quart de la main-d&#8217;\u0153uvre de la r\u00e9gion employ\u00e9e dans ce secteur, l&#8217;agriculture a connu une croissance prometteuse ces derni\u00e8res&hellip;","og_url":"https:\/\/excel4med.eu\/fr\/le-projet\/","og_site_name":"Excel4Med","article_publisher":"https:\/\/www.facebook.com\/excel4med\/","article_modified_time":"2025-05-13T18:36:28+00:00","og_image":[{"url":"https:\/\/excel4med.eu\/wp-content\/uploads\/2023\/05\/europe-map-with-dots-300x233.jpg","type":"","width":"","height":""}],"twitter_card":"summary_large_image","twitter_site":"@excel4med","twitter_misc":{"Dur\u00e9e de lecture estim\u00e9e":"1 minute"},"schema":{"@context":"https:\/\/schema.org","@graph":[{"@type":"WebPage","@id":"https:\/\/excel4med.eu\/fr\/le-projet\/","url":"https:\/\/excel4med.eu\/fr\/le-projet\/","name":"Le projet - Excel4Med","isPartOf":{"@id":"https:\/\/excel4med.eu\/fr\/#website"},"primaryImageOfPage":{"@id":"https:\/\/excel4med.eu\/fr\/le-projet\/#primaryimage"},"image":{"@id":"https:\/\/excel4med.eu\/fr\/le-projet\/#primaryimage"},"thumbnailUrl":"https:\/\/excel4med.eu\/wp-content\/uploads\/2023\/05\/europe-map-with-dots-300x233.jpg","datePublished":"2023-04-29T16:20:03+00:00","dateModified":"2025-05-13T18:36:28+00:00","breadcrumb":{"@id":"https:\/\/excel4med.eu\/fr\/le-projet\/#breadcrumb"},"inLanguage":"fr-FR","potentialAction":[{"@type":"ReadAction","target":["https:\/\/excel4med.eu\/fr\/le-projet\/"]}]},{"@type":"ImageObject","inLanguage":"fr-FR","@id":"https:\/\/excel4med.eu\/fr\/le-projet\/#primaryimage","url":"https:\/\/excel4med.eu\/wp-content\/uploads\/2023\/05\/europe-map-with-dots-300x233.jpg","contentUrl":"https:\/\/excel4med.eu\/wp-content\/uploads\/2023\/05\/europe-map-with-dots-300x233.jpg"},{"@type":"BreadcrumbList","@id":"https:\/\/excel4med.eu\/fr\/le-projet\/#breadcrumb","itemListElement":[{"@type":"ListItem","position":1,"name":"Home","item":"https:\/\/excel4med.eu\/fr\/accueil\/"},{"@type":"ListItem","position":2,"name":"Le projet"}]},{"@type":"WebSite","@id":"https:\/\/excel4med.eu\/fr\/#website","url":"https:\/\/excel4med.eu\/fr\/","name":"Excel4Med","description":"","publisher":{"@id":"https:\/\/excel4med.eu\/fr\/#organization"},"potentialAction":[{"@type":"SearchAction","target":{"@type":"EntryPoint","urlTemplate":"https:\/\/excel4med.eu\/fr\/?s={search_term_string}"},"query-input":{"@type":"PropertyValueSpecification","valueRequired":true,"valueName":"search_term_string"}}],"inLanguage":"fr-FR"},{"@type":"Organization","@id":"https:\/\/excel4med.eu\/fr\/#organization","name":"Excel4Med","url":"https:\/\/excel4med.eu\/fr\/","logo":{"@type":"ImageObject","inLanguage":"fr-FR","@id":"https:\/\/excel4med.eu\/fr\/#\/schema\/logo\/image\/","url":"https:\/\/excel4med.eu\/wp-content\/uploads\/2023\/04\/excel4med-v6-FBC02D.png","contentUrl":"https:\/\/excel4med.eu\/wp-content\/uploads\/2023\/04\/excel4med-v6-FBC02D.png","width":1200,"height":443,"caption":"Excel4Med"},"image":{"@id":"https:\/\/excel4med.eu\/fr\/#\/schema\/logo\/image\/"},"sameAs":["https:\/\/www.facebook.com\/excel4med\/","https:\/\/x.com\/excel4med","https:\/\/www.instagram.com\/excel4med\/"]}]}},"_links":{"self":[{"href":"https:\/\/excel4med.eu\/fr\/wp-json\/wp\/v2\/pages\/9883","targetHints":{"allow":["GET"]}}],"collection":[{"href":"https:\/\/excel4med.eu\/fr\/wp-json\/wp\/v2\/pages"}],"about":[{"href":"https:\/\/excel4med.eu\/fr\/wp-json\/wp\/v2\/types\/page"}],"author":[{"embeddable":true,"href":"https:\/\/excel4med.eu\/fr\/wp-json\/wp\/v2\/users\/1"}],"replies":[{"embeddable":true,"href":"https:\/\/excel4med.eu\/fr\/wp-json\/wp\/v2\/comments?post=9883"}],"version-history":[{"count":2,"href":"https:\/\/excel4med.eu\/fr\/wp-json\/wp\/v2\/pages\/9883\/revisions"}],"predecessor-version":[{"id":9885,"href":"https:\/\/excel4med.eu\/fr\/wp-json\/wp\/v2\/pages\/9883\/revisions\/9885"}],"wp:attachment":[{"href":"https:\/\/excel4med.eu\/fr\/wp-json\/wp\/v2\/media?parent=9883"}],"curies":[{"name":"wp","href":"https:\/\/api.w.org\/{rel}","templated":true}]}}