{"id":12247,"date":"2025-07-02T05:47:52","date_gmt":"2025-07-02T05:47:52","guid":{"rendered":"https:\/\/excel4med.eu\/hub-multilingue\/resumes-et-rapports\/"},"modified":"2025-08-01T08:54:38","modified_gmt":"2025-08-01T08:54:38","slug":"resumes-et-rapports","status":"publish","type":"page","link":"https:\/\/excel4med.eu\/fr\/hub-multilingue\/resumes-et-rapports\/","title":{"rendered":"R\u00e9sum\u00e9s et rapports"},"content":{"rendered":"\t\t<div data-elementor-type=\"wp-page\" data-elementor-id=\"12247\" class=\"elementor elementor-12247 elementor-11450\" data-elementor-post-type=\"page\">\n\t\t\t\t<div class=\"elementor-element elementor-element-dc0e3de e-flex e-con-boxed e-con e-parent\" data-id=\"dc0e3de\" data-element_type=\"container\" data-e-type=\"container\">\n\t\t\t\t\t<div class=\"e-con-inner\">\n\t\t\t\t<div class=\"elementor-element elementor-element-5401336 elementor-widget elementor-widget-spacer\" data-id=\"5401336\" data-element_type=\"widget\" data-e-type=\"widget\" data-widget_type=\"spacer.default\">\n\t\t\t\t<div class=\"elementor-widget-container\">\n\t\t\t\t\t\t\t<div class=\"elementor-spacer\">\n\t\t\t<div class=\"elementor-spacer-inner\"><\/div>\n\t\t<\/div>\n\t\t\t\t\t\t<\/div>\n\t\t\t\t<\/div>\n\t\t\t\t\t<\/div>\n\t\t\t\t<\/div>\n\t\t<div class=\"elementor-element elementor-element-c39cc04 e-flex e-con-boxed e-con e-parent\" data-id=\"c39cc04\" data-element_type=\"container\" data-e-type=\"container\">\n\t\t\t\t\t<div class=\"e-con-inner\">\n\t\t\t\t<div class=\"elementor-element elementor-element-c18aba1 content-align-left icon-box-vertical-align-top icon-position-left icon-vertical-align-start elementor-widget elementor-widget-the7_icon_box_grid_widget\" data-id=\"c18aba1\" data-element_type=\"widget\" data-e-type=\"widget\" data-widget_type=\"the7_icon_box_grid_widget.default\">\n\t\t\t\t<div class=\"elementor-widget-container\">\n\t\t\t\t\t<div class=\"the7-box-grid-wrapper the7-elementor-widget loading-effect-none the7_icon_box_grid_widget-c18aba1\">\t\t\t<div class=\"dt-css-grid\">\n\t\t\t\t\t\t\t\t\t<div class=\"wf-cell shown\">\n\t\t\t\t\t\t<div class=\"the7-icon-box-grid\">\t\t\t\t\t\t\t<div class=\"box-content-wrapper\">\n\t\t\t\t\t\t\t\t\t\t\t\t\t\t\t\t\t<a class=\"elementor-icon-div\" rel=\"nofollow\" aria-label=\"R\u00e9sum\u00e9 du document D2.1\">\t\t\t\t\t\t\t\t\t\t<div class=\"elementor-icon\">\n\t\t\t\t\t\t\t\t\t\t\t<i aria-hidden=\"true\" class=\"far fa-bookmark\"><\/i>\t\t\t\t\t\t\t\t\t\t<\/div>\n\t\t\t\t\t\t\t\t\t<\/a>\t\t\t\t\t\t\t\t\t\t\t\t\t\t\t\t<div class=\"box-content\">\n\t\t\t\t\t\t\t\t\t\t\t\t\t\t\t\t\t\t\t\t\t\t\t\t\t\t\t\t\t<h4 class=\"box-heading\">\n\t\t\t\t\t\t\t\t\t\t\t<a rel=\"nofollow\" aria-label=\"R\u00e9sum\u00e9 du document D2.1\">\t\t\t\t\t\t\t\t\t\t\t\tR\u00e9sum\u00e9 du document D2.1\t\t\t\t\t\t\t\t\t\t\t<\/a>\t\t\t\t\t\t\t\t\t\t<\/h4>\n\t\t\t\t\t\t\t\t\t\t\t\t\t\t\t\t\t\t\t\t\t\t\t\t\t\t\t\t<div class=\"box-description\">Rapport sur l'acceptation par les consommateurs et identification des segments de march\u00e9 potentiels (r\u00e9sum\u00e9 en plusieurs langues)<\/div>\n\t\t\t\t\t\t\t\t\t\t\t\t\t\t\t\t\t\t\t\t\t\t\t\t\t\t<\/div>\n\t\t\t\t\t\t\t<\/div>\n\t\t\t\t\t\t<\/div>\t\t\t\t\t<\/div>\n\t\t\t\t\t\t\t<\/div>\n\t\t<\/div>\t\t\t\t<\/div>\n\t\t\t\t<\/div>\n\t\t<div class=\"elementor-element elementor-element-6ef86e3 e-con-full e-flex e-con e-child\" data-id=\"6ef86e3\" data-element_type=\"container\" data-e-type=\"container\">\n\t\t\t\t<div class=\"elementor-element elementor-element-b66cb1d elementor-widget elementor-widget-button\" data-id=\"b66cb1d\" data-element_type=\"widget\" data-e-type=\"widget\" data-widget_type=\"button.default\">\n\t\t\t\t<div class=\"elementor-widget-container\">\n\t\t\t\t\t\t\t\t\t<div class=\"elementor-button-wrapper\">\n\t\t\t\t\t<a class=\"elementor-button elementor-button-link elementor-size-sm\" href=\"https:\/\/excel4med.eu\/wp-content\/uploads\/2025\/07\/D2_1_Spanish_translation.pdf\" target=\"_blank\" rel=\"nofollow\">\n\t\t\t\t\t\t<span class=\"elementor-button-content-wrapper\">\n\t\t\t\t\t\t\t\t\t<span class=\"elementor-button-text\">D2.1. Espagnol<\/span>\n\t\t\t\t\t<\/span>\n\t\t\t\t\t<\/a>\n\t\t\t\t<\/div>\n\t\t\t\t\t\t\t\t<\/div>\n\t\t\t\t<\/div>\n\t\t\t\t<div class=\"elementor-element elementor-element-83941ef elementor-widget elementor-widget-button\" data-id=\"83941ef\" data-element_type=\"widget\" data-e-type=\"widget\" data-widget_type=\"button.default\">\n\t\t\t\t<div class=\"elementor-widget-container\">\n\t\t\t\t\t\t\t\t\t<div class=\"elementor-button-wrapper\">\n\t\t\t\t\t<a class=\"elementor-button elementor-button-link elementor-size-sm\" href=\"https:\/\/excel4med.eu\/wp-content\/uploads\/2025\/07\/D2_1_Italian-translation.pdf\" target=\"_blank\" rel=\"nofollow\">\n\t\t\t\t\t\t<span class=\"elementor-button-content-wrapper\">\n\t\t\t\t\t\t\t\t\t<span class=\"elementor-button-text\">D2.1. Italien <\/span>\n\t\t\t\t\t<\/span>\n\t\t\t\t\t<\/a>\n\t\t\t\t<\/div>\n\t\t\t\t\t\t\t\t<\/div>\n\t\t\t\t<\/div>\n\t\t\t\t<div class=\"elementor-element elementor-element-5ba0a5b elementor-widget elementor-widget-button\" data-id=\"5ba0a5b\" data-element_type=\"widget\" data-e-type=\"widget\" data-widget_type=\"button.default\">\n\t\t\t\t<div class=\"elementor-widget-container\">\n\t\t\t\t\t\t\t\t\t<div class=\"elementor-button-wrapper\">\n\t\t\t\t\t<a class=\"elementor-button elementor-button-link elementor-size-sm\" href=\"https:\/\/excel4med.eu\/wp-content\/uploads\/2025\/08\/D2.1.-French-translation-1.pdf\" target=\"_blank\" rel=\"nofollow\">\n\t\t\t\t\t\t<span class=\"elementor-button-content-wrapper\">\n\t\t\t\t\t\t\t\t\t<span class=\"elementor-button-text\">D2.1. Fran\u00e7ais<\/span>\n\t\t\t\t\t<\/span>\n\t\t\t\t\t<\/a>\n\t\t\t\t<\/div>\n\t\t\t\t\t\t\t\t<\/div>\n\t\t\t\t<\/div>\n\t\t\t\t<div class=\"elementor-element elementor-element-3504cdc elementor-widget elementor-widget-button\" data-id=\"3504cdc\" data-element_type=\"widget\" data-e-type=\"widget\" data-widget_type=\"button.default\">\n\t\t\t\t<div class=\"elementor-widget-container\">\n\t\t\t\t\t\t\t\t\t<div class=\"elementor-button-wrapper\">\n\t\t\t\t\t<a class=\"elementor-button elementor-button-link elementor-size-sm\" href=\"https:\/\/excel4med.eu\/wp-content\/uploads\/2025\/07\/D2.1.-Turkish-translation.pdf\" target=\"_blank\" rel=\"nofollow\">\n\t\t\t\t\t\t<span class=\"elementor-button-content-wrapper\">\n\t\t\t\t\t\t\t\t\t<span class=\"elementor-button-text\">D2.1 Turc<\/span>\n\t\t\t\t\t<\/span>\n\t\t\t\t\t<\/a>\n\t\t\t\t<\/div>\n\t\t\t\t\t\t\t\t<\/div>\n\t\t\t\t<\/div>\n\t\t\t\t<\/div>\n\t\t\t\t\t<\/div>\n\t\t\t\t<\/div>\n\t\t<div class=\"elementor-element elementor-element-8a0efd4 e-flex e-con-boxed e-con e-parent\" data-id=\"8a0efd4\" data-element_type=\"container\" data-e-type=\"container\">\n\t\t\t\t\t<div class=\"e-con-inner\">\n\t\t\t\t<div class=\"elementor-element elementor-element-ea2629b elementor-widget-divider--separator-type-pattern elementor-widget-divider--no-spacing elementor-widget-divider--view-line elementor-widget elementor-widget-divider\" data-id=\"ea2629b\" data-element_type=\"widget\" data-e-type=\"widget\" data-widget_type=\"divider.default\">\n\t\t\t\t<div class=\"elementor-widget-container\">\n\t\t\t\t\t\t\t<div class=\"elementor-divider\" style=\"--divider-pattern-url: url(&quot;data:image\/svg+xml,%3Csvg xmlns=&#039;http:\/\/www.w3.org\/2000\/svg&#039; preserveAspectRatio=&#039;xMidYMid meet&#039; overflow=&#039;visible&#039; height=&#039;100%&#039; viewBox=&#039;0 0 126 26&#039; fill=&#039;black&#039; stroke=&#039;none&#039;%3E%3Cpath d=&#039;M3,10.2c2.6,0,2.6,2,2.6,3.2S4.4,16.5,3,16.5s-3-1.4-3-3.2S0.4,10.2,3,10.2z M18.8,10.2c1.7,0,3.2,1.4,3.2,3.2s-1.4,3.2-3.2,3.2c-1.7,0-3.2-1.4-3.2-3.2S17,10.2,18.8,10.2z M34.6,10.2c1.5,0,2.6,1.4,2.6,3.2s-0.5,3.2-1.9,3.2c-1.5,0-3.4-1.4-3.4-3.2S33.1,10.2,34.6,10.2z M50.5,10.2c1.7,0,3.2,1.4,3.2,3.2s-1.4,3.2-3.2,3.2c-1.7,0-3.3-0.9-3.3-2.6S48.7,10.2,50.5,10.2z M66.2,10.2c1.5,0,3.4,1.4,3.4,3.2s-1.9,3.2-3.4,3.2c-1.5,0-2.6-0.4-2.6-2.1S64.8,10.2,66.2,10.2z M82.2,10.2c1.7,0.8,2.6,1.4,2.6,3.2s-0.1,3.2-1.6,3.2c-1.5,0-3.7-1.4-3.7-3.2S80.5,9.4,82.2,10.2zM98.6,10.2c1.5,0,2.6,0.4,2.6,2.1s-1.2,4.2-2.6,4.2c-1.5,0-3.7-0.4-3.7-2.1S97.1,10.2,98.6,10.2z M113.4,10.2c1.2,0,2.2,0.9,2.2,3.2s-0.1,3.2-1.3,3.2s-3.1-1.4-3.1-3.2S112.2,10.2,113.4,10.2z&#039;\/%3E%3C\/svg%3E&quot;);\">\n\t\t\t<span class=\"elementor-divider-separator\">\n\t\t\t\t\t\t<\/span>\n\t\t<\/div>\n\t\t\t\t\t\t<\/div>\n\t\t\t\t<\/div>\n\t\t\t\t\t<\/div>\n\t\t\t\t<\/div>\n\t\t<div class=\"elementor-element elementor-element-867fe7c e-flex e-con-boxed e-con e-parent\" data-id=\"867fe7c\" data-element_type=\"container\" data-e-type=\"container\">\n\t\t\t\t\t<div class=\"e-con-inner\">\n\t\t\t\t<div class=\"elementor-element elementor-element-f5ea235 content-align-left icon-box-vertical-align-top icon-position-left icon-vertical-align-start elementor-widget elementor-widget-the7_icon_box_grid_widget\" data-id=\"f5ea235\" data-element_type=\"widget\" data-e-type=\"widget\" data-widget_type=\"the7_icon_box_grid_widget.default\">\n\t\t\t\t<div class=\"elementor-widget-container\">\n\t\t\t\t\t<div class=\"the7-box-grid-wrapper the7-elementor-widget loading-effect-none the7_icon_box_grid_widget-f5ea235\">\t\t\t<div class=\"dt-css-grid\">\n\t\t\t\t\t\t\t\t\t<div class=\"wf-cell shown\">\n\t\t\t\t\t\t<div class=\"the7-icon-box-grid\">\t\t\t\t\t\t\t<div class=\"box-content-wrapper\">\n\t\t\t\t\t\t\t\t\t\t\t\t\t\t\t\t\t<a class=\"elementor-icon-div\" aria-label=\"R\u00e9sum\u00e9 du document D2.2\">\t\t\t\t\t\t\t\t\t\t<div class=\"elementor-icon\">\n\t\t\t\t\t\t\t\t\t\t\t<i aria-hidden=\"true\" class=\"far fa-bookmark\"><\/i>\t\t\t\t\t\t\t\t\t\t<\/div>\n\t\t\t\t\t\t\t\t\t<\/a>\t\t\t\t\t\t\t\t\t\t\t\t\t\t\t\t<div class=\"box-content\">\n\t\t\t\t\t\t\t\t\t\t\t\t\t\t\t\t\t\t\t\t\t\t\t\t\t\t\t\t\t<h4 class=\"box-heading\">\n\t\t\t\t\t\t\t\t\t\t\t<a aria-label=\"R\u00e9sum\u00e9 du document D2.2\">\t\t\t\t\t\t\t\t\t\t\t\tR\u00e9sum\u00e9 du document D2.2\t\t\t\t\t\t\t\t\t\t\t<\/a>\t\t\t\t\t\t\t\t\t\t<\/h4>\n\t\t\t\t\t\t\t\t\t\t\t\t\t\t\t\t\t\t\t\t\t\t\t\t\t\t\t\t<div class=\"box-description\">Rapport sur l'identification des goulets d'\u00e9tranglement pour la diffusion de l'innovation dans les cha\u00eenes de valeur (r\u00e9sum\u00e9 en plusieurs langues)<\/div>\n\t\t\t\t\t\t\t\t\t\t\t\t\t\t\t\t\t\t\t\t\t\t\t\t\t\t<\/div>\n\t\t\t\t\t\t\t<\/div>\n\t\t\t\t\t\t<\/div>\t\t\t\t\t<\/div>\n\t\t\t\t\t\t\t<\/div>\n\t\t<\/div>\t\t\t\t<\/div>\n\t\t\t\t<\/div>\n\t\t<div class=\"elementor-element elementor-element-c88c7af e-con-full e-flex e-con e-child\" data-id=\"c88c7af\" data-element_type=\"container\" data-e-type=\"container\">\n\t\t\t\t<div class=\"elementor-element elementor-element-c84e8f5 elementor-widget elementor-widget-button\" data-id=\"c84e8f5\" data-element_type=\"widget\" data-e-type=\"widget\" data-widget_type=\"button.default\">\n\t\t\t\t<div class=\"elementor-widget-container\">\n\t\t\t\t\t\t\t\t\t<div class=\"elementor-button-wrapper\">\n\t\t\t\t\t<a class=\"elementor-button elementor-button-link elementor-size-sm\" href=\"https:\/\/excel4med.eu\/wp-content\/uploads\/2025\/07\/D2_2_Spanish-translation.pdf\" target=\"_blank\" rel=\"nofollow\">\n\t\t\t\t\t\t<span class=\"elementor-button-content-wrapper\">\n\t\t\t\t\t\t\t\t\t<span class=\"elementor-button-text\">D2.2. Espagnol<\/span>\n\t\t\t\t\t<\/span>\n\t\t\t\t\t<\/a>\n\t\t\t\t<\/div>\n\t\t\t\t\t\t\t\t<\/div>\n\t\t\t\t<\/div>\n\t\t\t\t<div class=\"elementor-element elementor-element-0c30815 elementor-widget elementor-widget-button\" data-id=\"0c30815\" data-element_type=\"widget\" data-e-type=\"widget\" data-widget_type=\"button.default\">\n\t\t\t\t<div class=\"elementor-widget-container\">\n\t\t\t\t\t\t\t\t\t<div class=\"elementor-button-wrapper\">\n\t\t\t\t\t<a class=\"elementor-button elementor-button-link elementor-size-sm\" href=\"https:\/\/excel4med.eu\/wp-content\/uploads\/2025\/07\/D2_2_Italian-translation.pdf\" target=\"_blank\" rel=\"nofollow\">\n\t\t\t\t\t\t<span class=\"elementor-button-content-wrapper\">\n\t\t\t\t\t\t\t\t\t<span class=\"elementor-button-text\">D2.2 Italien<\/span>\n\t\t\t\t\t<\/span>\n\t\t\t\t\t<\/a>\n\t\t\t\t<\/div>\n\t\t\t\t\t\t\t\t<\/div>\n\t\t\t\t<\/div>\n\t\t\t\t<div class=\"elementor-element elementor-element-9a9d395 elementor-widget elementor-widget-button\" data-id=\"9a9d395\" data-element_type=\"widget\" data-e-type=\"widget\" data-widget_type=\"button.default\">\n\t\t\t\t<div class=\"elementor-widget-container\">\n\t\t\t\t\t\t\t\t\t<div class=\"elementor-button-wrapper\">\n\t\t\t\t\t<a class=\"elementor-button elementor-button-link elementor-size-sm\" href=\"https:\/\/excel4med.eu\/wp-content\/uploads\/2025\/08\/D2.2.-French-translation-1.pdf\" target=\"_blank\" rel=\"nofollow\">\n\t\t\t\t\t\t<span class=\"elementor-button-content-wrapper\">\n\t\t\t\t\t\t\t\t\t<span class=\"elementor-button-text\">D2.2 Fran\u00e7ais<\/span>\n\t\t\t\t\t<\/span>\n\t\t\t\t\t<\/a>\n\t\t\t\t<\/div>\n\t\t\t\t\t\t\t\t<\/div>\n\t\t\t\t<\/div>\n\t\t\t\t<div class=\"elementor-element elementor-element-6e70994 elementor-widget elementor-widget-button\" data-id=\"6e70994\" data-element_type=\"widget\" data-e-type=\"widget\" data-widget_type=\"button.default\">\n\t\t\t\t<div class=\"elementor-widget-container\">\n\t\t\t\t\t\t\t\t\t<div class=\"elementor-button-wrapper\">\n\t\t\t\t\t<a class=\"elementor-button elementor-button-link elementor-size-sm\" href=\"https:\/\/excel4med.eu\/wp-content\/uploads\/2025\/07\/D2_2_Turkish-translation.pdf\" target=\"_blank\" rel=\"nofollow\">\n\t\t\t\t\t\t<span class=\"elementor-button-content-wrapper\">\n\t\t\t\t\t\t\t\t\t<span class=\"elementor-button-text\">D2.2 Turc<\/span>\n\t\t\t\t\t<\/span>\n\t\t\t\t\t<\/a>\n\t\t\t\t<\/div>\n\t\t\t\t\t\t\t\t<\/div>\n\t\t\t\t<\/div>\n\t\t\t\t<\/div>\n\t\t\t\t\t<\/div>\n\t\t\t\t<\/div>\n\t\t<div class=\"elementor-element elementor-element-0e0ba50 e-flex e-con-boxed e-con e-parent\" data-id=\"0e0ba50\" data-element_type=\"container\" data-e-type=\"container\">\n\t\t\t\t\t<div class=\"e-con-inner\">\n\t\t\t\t<div class=\"elementor-element elementor-element-2f401a0 elementor-widget-divider--separator-type-pattern elementor-widget-divider--no-spacing elementor-widget-divider--view-line elementor-widget elementor-widget-divider\" data-id=\"2f401a0\" data-element_type=\"widget\" data-e-type=\"widget\" data-widget_type=\"divider.default\">\n\t\t\t\t<div class=\"elementor-widget-container\">\n\t\t\t\t\t\t\t<div class=\"elementor-divider\" style=\"--divider-pattern-url: url(&quot;data:image\/svg+xml,%3Csvg xmlns=&#039;http:\/\/www.w3.org\/2000\/svg&#039; preserveAspectRatio=&#039;xMidYMid meet&#039; overflow=&#039;visible&#039; height=&#039;100%&#039; viewBox=&#039;0 0 126 26&#039; fill=&#039;black&#039; stroke=&#039;none&#039;%3E%3Cpath d=&#039;M3,10.2c2.6,0,2.6,2,2.6,3.2S4.4,16.5,3,16.5s-3-1.4-3-3.2S0.4,10.2,3,10.2z M18.8,10.2c1.7,0,3.2,1.4,3.2,3.2s-1.4,3.2-3.2,3.2c-1.7,0-3.2-1.4-3.2-3.2S17,10.2,18.8,10.2z M34.6,10.2c1.5,0,2.6,1.4,2.6,3.2s-0.5,3.2-1.9,3.2c-1.5,0-3.4-1.4-3.4-3.2S33.1,10.2,34.6,10.2z M50.5,10.2c1.7,0,3.2,1.4,3.2,3.2s-1.4,3.2-3.2,3.2c-1.7,0-3.3-0.9-3.3-2.6S48.7,10.2,50.5,10.2z M66.2,10.2c1.5,0,3.4,1.4,3.4,3.2s-1.9,3.2-3.4,3.2c-1.5,0-2.6-0.4-2.6-2.1S64.8,10.2,66.2,10.2z M82.2,10.2c1.7,0.8,2.6,1.4,2.6,3.2s-0.1,3.2-1.6,3.2c-1.5,0-3.7-1.4-3.7-3.2S80.5,9.4,82.2,10.2zM98.6,10.2c1.5,0,2.6,0.4,2.6,2.1s-1.2,4.2-2.6,4.2c-1.5,0-3.7-0.4-3.7-2.1S97.1,10.2,98.6,10.2z M113.4,10.2c1.2,0,2.2,0.9,2.2,3.2s-0.1,3.2-1.3,3.2s-3.1-1.4-3.1-3.2S112.2,10.2,113.4,10.2z&#039;\/%3E%3C\/svg%3E&quot;);\">\n\t\t\t<span class=\"elementor-divider-separator\">\n\t\t\t\t\t\t<\/span>\n\t\t<\/div>\n\t\t\t\t\t\t<\/div>\n\t\t\t\t<\/div>\n\t\t\t\t\t<\/div>\n\t\t\t\t<\/div>\n\t\t\t\t<\/div>\n\t\t","protected":false},"excerpt":{"rendered":"<p>R\u00e9sum\u00e9 du document D2.1 Rapport sur l&#8217;acceptation par les consommateurs et identification des segments de march\u00e9 potentiels (r\u00e9sum\u00e9 en plusieurs langues) D2.1. Espagnol D2.1. Italien D2.1. Fran\u00e7ais D2.1 Turc R\u00e9sum\u00e9 du document D2.2 Rapport sur l&#8217;identification des goulets d&#8217;\u00e9tranglement pour la diffusion de l&#8217;innovation dans les cha\u00eenes de valeur (r\u00e9sum\u00e9 en plusieurs langues) D2.2. Espagnol&hellip;<\/p>\n","protected":false},"author":1,"featured_media":0,"parent":10969,"menu_order":0,"comment_status":"closed","ping_status":"closed","template":"","meta":{"footnotes":""},"class_list":["post-12247","page","type-page","status-publish","hentry"],"yoast_head":"<!-- This site is optimized with the Yoast SEO plugin v27.3 - https:\/\/yoast.com\/product\/yoast-seo-wordpress\/ -->\n<title>R\u00e9sum\u00e9s et rapports - Excel4Med<\/title>\n<meta name=\"robots\" content=\"index, follow, max-snippet:-1, max-image-preview:large, max-video-preview:-1\" \/>\n<link rel=\"canonical\" href=\"https:\/\/excel4med.eu\/fr\/hub-multilingue\/resumes-et-rapports\/\" \/>\n<meta property=\"og:locale\" content=\"fr_FR\" \/>\n<meta property=\"og:type\" content=\"article\" \/>\n<meta property=\"og:title\" content=\"R\u00e9sum\u00e9s et rapports - Excel4Med\" \/>\n<meta property=\"og:description\" content=\"R\u00e9sum\u00e9 du document D2.1 Rapport sur l&#8217;acceptation par les consommateurs et identification des segments de march\u00e9 potentiels (r\u00e9sum\u00e9 en plusieurs langues) D2.1. Espagnol D2.1. Italien D2.1. Fran\u00e7ais D2.1 Turc R\u00e9sum\u00e9 du document D2.2 Rapport sur l&#8217;identification des goulets d&#8217;\u00e9tranglement pour la diffusion de l&#8217;innovation dans les cha\u00eenes de valeur (r\u00e9sum\u00e9 en plusieurs langues) D2.2. Espagnol&hellip;\" \/>\n<meta property=\"og:url\" content=\"https:\/\/excel4med.eu\/fr\/hub-multilingue\/resumes-et-rapports\/\" \/>\n<meta property=\"og:site_name\" content=\"Excel4Med\" \/>\n<meta property=\"article:publisher\" content=\"https:\/\/www.facebook.com\/excel4med\/\" \/>\n<meta property=\"article:modified_time\" content=\"2025-08-01T08:54:38+00:00\" \/>\n<meta name=\"twitter:card\" content=\"summary_large_image\" \/>\n<meta name=\"twitter:site\" content=\"@excel4med\" \/>\n<script type=\"application\/ld+json\" class=\"yoast-schema-graph\">{\"@context\":\"https:\\\/\\\/schema.org\",\"@graph\":[{\"@type\":\"WebPage\",\"@id\":\"https:\\\/\\\/excel4med.eu\\\/fr\\\/hub-multilingue\\\/resumes-et-rapports\\\/\",\"url\":\"https:\\\/\\\/excel4med.eu\\\/fr\\\/hub-multilingue\\\/resumes-et-rapports\\\/\",\"name\":\"R\u00e9sum\u00e9s et rapports - Excel4Med\",\"isPartOf\":{\"@id\":\"https:\\\/\\\/excel4med.eu\\\/fr\\\/#website\"},\"datePublished\":\"2025-07-02T05:47:52+00:00\",\"dateModified\":\"2025-08-01T08:54:38+00:00\",\"breadcrumb\":{\"@id\":\"https:\\\/\\\/excel4med.eu\\\/fr\\\/hub-multilingue\\\/resumes-et-rapports\\\/#breadcrumb\"},\"inLanguage\":\"fr-FR\",\"potentialAction\":[{\"@type\":\"ReadAction\",\"target\":[\"https:\\\/\\\/excel4med.eu\\\/fr\\\/hub-multilingue\\\/resumes-et-rapports\\\/\"]}]},{\"@type\":\"BreadcrumbList\",\"@id\":\"https:\\\/\\\/excel4med.eu\\\/fr\\\/hub-multilingue\\\/resumes-et-rapports\\\/#breadcrumb\",\"itemListElement\":[{\"@type\":\"ListItem\",\"position\":1,\"name\":\"Home\",\"item\":\"https:\\\/\\\/excel4med.eu\\\/fr\\\/accueil\\\/\"},{\"@type\":\"ListItem\",\"position\":2,\"name\":\"Ressources multilingues\",\"item\":\"https:\\\/\\\/excel4med.eu\\\/fr\\\/hub-multilingue\\\/\"},{\"@type\":\"ListItem\",\"position\":3,\"name\":\"R\u00e9sum\u00e9s et rapports\"}]},{\"@type\":\"WebSite\",\"@id\":\"https:\\\/\\\/excel4med.eu\\\/fr\\\/#website\",\"url\":\"https:\\\/\\\/excel4med.eu\\\/fr\\\/\",\"name\":\"Excel4Med\",\"description\":\"\",\"publisher\":{\"@id\":\"https:\\\/\\\/excel4med.eu\\\/fr\\\/#organization\"},\"potentialAction\":[{\"@type\":\"SearchAction\",\"target\":{\"@type\":\"EntryPoint\",\"urlTemplate\":\"https:\\\/\\\/excel4med.eu\\\/fr\\\/?s={search_term_string}\"},\"query-input\":{\"@type\":\"PropertyValueSpecification\",\"valueRequired\":true,\"valueName\":\"search_term_string\"}}],\"inLanguage\":\"fr-FR\"},{\"@type\":\"Organization\",\"@id\":\"https:\\\/\\\/excel4med.eu\\\/fr\\\/#organization\",\"name\":\"Excel4Med\",\"url\":\"https:\\\/\\\/excel4med.eu\\\/fr\\\/\",\"logo\":{\"@type\":\"ImageObject\",\"inLanguage\":\"fr-FR\",\"@id\":\"https:\\\/\\\/excel4med.eu\\\/fr\\\/#\\\/schema\\\/logo\\\/image\\\/\",\"url\":\"https:\\\/\\\/excel4med.eu\\\/wp-content\\\/uploads\\\/2023\\\/04\\\/excel4med-v6-FBC02D.png\",\"contentUrl\":\"https:\\\/\\\/excel4med.eu\\\/wp-content\\\/uploads\\\/2023\\\/04\\\/excel4med-v6-FBC02D.png\",\"width\":1200,\"height\":443,\"caption\":\"Excel4Med\"},\"image\":{\"@id\":\"https:\\\/\\\/excel4med.eu\\\/fr\\\/#\\\/schema\\\/logo\\\/image\\\/\"},\"sameAs\":[\"https:\\\/\\\/www.facebook.com\\\/excel4med\\\/\",\"https:\\\/\\\/x.com\\\/excel4med\",\"https:\\\/\\\/www.instagram.com\\\/excel4med\\\/\"]}]}<\/script>\n<!-- \/ Yoast SEO plugin. -->","yoast_head_json":{"title":"R\u00e9sum\u00e9s et rapports - Excel4Med","robots":{"index":"index","follow":"follow","max-snippet":"max-snippet:-1","max-image-preview":"max-image-preview:large","max-video-preview":"max-video-preview:-1"},"canonical":"https:\/\/excel4med.eu\/fr\/hub-multilingue\/resumes-et-rapports\/","og_locale":"fr_FR","og_type":"article","og_title":"R\u00e9sum\u00e9s et rapports - Excel4Med","og_description":"R\u00e9sum\u00e9 du document D2.1 Rapport sur l&#8217;acceptation par les consommateurs et identification des segments de march\u00e9 potentiels (r\u00e9sum\u00e9 en plusieurs langues) D2.1. Espagnol D2.1. Italien D2.1. Fran\u00e7ais D2.1 Turc R\u00e9sum\u00e9 du document D2.2 Rapport sur l&#8217;identification des goulets d&#8217;\u00e9tranglement pour la diffusion de l&#8217;innovation dans les cha\u00eenes de valeur (r\u00e9sum\u00e9 en plusieurs langues) D2.2. Espagnol&hellip;","og_url":"https:\/\/excel4med.eu\/fr\/hub-multilingue\/resumes-et-rapports\/","og_site_name":"Excel4Med","article_publisher":"https:\/\/www.facebook.com\/excel4med\/","article_modified_time":"2025-08-01T08:54:38+00:00","twitter_card":"summary_large_image","twitter_site":"@excel4med","schema":{"@context":"https:\/\/schema.org","@graph":[{"@type":"WebPage","@id":"https:\/\/excel4med.eu\/fr\/hub-multilingue\/resumes-et-rapports\/","url":"https:\/\/excel4med.eu\/fr\/hub-multilingue\/resumes-et-rapports\/","name":"R\u00e9sum\u00e9s et rapports - Excel4Med","isPartOf":{"@id":"https:\/\/excel4med.eu\/fr\/#website"},"datePublished":"2025-07-02T05:47:52+00:00","dateModified":"2025-08-01T08:54:38+00:00","breadcrumb":{"@id":"https:\/\/excel4med.eu\/fr\/hub-multilingue\/resumes-et-rapports\/#breadcrumb"},"inLanguage":"fr-FR","potentialAction":[{"@type":"ReadAction","target":["https:\/\/excel4med.eu\/fr\/hub-multilingue\/resumes-et-rapports\/"]}]},{"@type":"BreadcrumbList","@id":"https:\/\/excel4med.eu\/fr\/hub-multilingue\/resumes-et-rapports\/#breadcrumb","itemListElement":[{"@type":"ListItem","position":1,"name":"Home","item":"https:\/\/excel4med.eu\/fr\/accueil\/"},{"@type":"ListItem","position":2,"name":"Ressources multilingues","item":"https:\/\/excel4med.eu\/fr\/hub-multilingue\/"},{"@type":"ListItem","position":3,"name":"R\u00e9sum\u00e9s et rapports"}]},{"@type":"WebSite","@id":"https:\/\/excel4med.eu\/fr\/#website","url":"https:\/\/excel4med.eu\/fr\/","name":"Excel4Med","description":"","publisher":{"@id":"https:\/\/excel4med.eu\/fr\/#organization"},"potentialAction":[{"@type":"SearchAction","target":{"@type":"EntryPoint","urlTemplate":"https:\/\/excel4med.eu\/fr\/?s={search_term_string}"},"query-input":{"@type":"PropertyValueSpecification","valueRequired":true,"valueName":"search_term_string"}}],"inLanguage":"fr-FR"},{"@type":"Organization","@id":"https:\/\/excel4med.eu\/fr\/#organization","name":"Excel4Med","url":"https:\/\/excel4med.eu\/fr\/","logo":{"@type":"ImageObject","inLanguage":"fr-FR","@id":"https:\/\/excel4med.eu\/fr\/#\/schema\/logo\/image\/","url":"https:\/\/excel4med.eu\/wp-content\/uploads\/2023\/04\/excel4med-v6-FBC02D.png","contentUrl":"https:\/\/excel4med.eu\/wp-content\/uploads\/2023\/04\/excel4med-v6-FBC02D.png","width":1200,"height":443,"caption":"Excel4Med"},"image":{"@id":"https:\/\/excel4med.eu\/fr\/#\/schema\/logo\/image\/"},"sameAs":["https:\/\/www.facebook.com\/excel4med\/","https:\/\/x.com\/excel4med","https:\/\/www.instagram.com\/excel4med\/"]}]}},"_links":{"self":[{"href":"https:\/\/excel4med.eu\/fr\/wp-json\/wp\/v2\/pages\/12247","targetHints":{"allow":["GET"]}}],"collection":[{"href":"https:\/\/excel4med.eu\/fr\/wp-json\/wp\/v2\/pages"}],"about":[{"href":"https:\/\/excel4med.eu\/fr\/wp-json\/wp\/v2\/types\/page"}],"author":[{"embeddable":true,"href":"https:\/\/excel4med.eu\/fr\/wp-json\/wp\/v2\/users\/1"}],"replies":[{"embeddable":true,"href":"https:\/\/excel4med.eu\/fr\/wp-json\/wp\/v2\/comments?post=12247"}],"version-history":[{"count":2,"href":"https:\/\/excel4med.eu\/fr\/wp-json\/wp\/v2\/pages\/12247\/revisions"}],"predecessor-version":[{"id":12282,"href":"https:\/\/excel4med.eu\/fr\/wp-json\/wp\/v2\/pages\/12247\/revisions\/12282"}],"up":[{"embeddable":true,"href":"https:\/\/excel4med.eu\/fr\/wp-json\/wp\/v2\/pages\/10969"}],"wp:attachment":[{"href":"https:\/\/excel4med.eu\/fr\/wp-json\/wp\/v2\/media?parent=12247"}],"curies":[{"name":"wp","href":"https:\/\/api.w.org\/{rel}","templated":true}]}}