{"id":12237,"date":"2025-07-03T05:54:00","date_gmt":"2025-07-03T05:54:00","guid":{"rendered":"https:\/\/excel4med.eu\/hub-multilingue\/presentations\/"},"modified":"2025-07-30T09:21:22","modified_gmt":"2025-07-30T09:21:22","slug":"presentations","status":"publish","type":"page","link":"https:\/\/excel4med.eu\/fr\/hub-multilingue\/presentations\/","title":{"rendered":"Pr\u00e9sentations"},"content":{"rendered":"\t\t<div data-elementor-type=\"wp-page\" data-elementor-id=\"12237\" class=\"elementor elementor-12237 elementor-11494\" data-elementor-post-type=\"page\">\n\t\t\t\t<div class=\"elementor-element elementor-element-e9449e5 e-flex e-con-boxed e-con e-parent\" data-id=\"e9449e5\" data-element_type=\"container\" data-e-type=\"container\">\n\t\t\t\t\t<div class=\"e-con-inner\">\n\t\t\t\t<div class=\"elementor-element elementor-element-1318f44 elementor-widget elementor-widget-spacer\" data-id=\"1318f44\" data-element_type=\"widget\" data-e-type=\"widget\" data-widget_type=\"spacer.default\">\n\t\t\t\t<div class=\"elementor-widget-container\">\n\t\t\t\t\t\t\t<div class=\"elementor-spacer\">\n\t\t\t<div class=\"elementor-spacer-inner\"><\/div>\n\t\t<\/div>\n\t\t\t\t\t\t<\/div>\n\t\t\t\t<\/div>\n\t\t\t\t\t<\/div>\n\t\t\t\t<\/div>\n\t\t<div class=\"elementor-element elementor-element-336b262 e-flex e-con-boxed e-con e-parent\" data-id=\"336b262\" data-element_type=\"container\" data-e-type=\"container\">\n\t\t\t\t\t<div class=\"e-con-inner\">\n\t\t\t\t<div class=\"elementor-element elementor-element-18dbb27 content-align-left icon-box-vertical-align-top icon-position-left icon-vertical-align-start elementor-widget elementor-widget-the7_icon_box_grid_widget\" data-id=\"18dbb27\" data-element_type=\"widget\" data-e-type=\"widget\" data-widget_type=\"the7_icon_box_grid_widget.default\">\n\t\t\t\t<div class=\"elementor-widget-container\">\n\t\t\t\t\t<div class=\"the7-box-grid-wrapper the7-elementor-widget loading-effect-none the7_icon_box_grid_widget-18dbb27\">\t\t\t<div class=\"dt-css-grid\">\n\t\t\t\t\t\t\t\t\t<div class=\"wf-cell shown\">\n\t\t\t\t\t\t<div class=\"the7-icon-box-grid\">\t\t\t\t\t\t\t<div class=\"box-content-wrapper\">\n\t\t\t\t\t\t\t\t\t\t\t\t\t\t\t\t\t<a class=\"elementor-icon-div\" rel=\"nofollow\" aria-label=\"Pr\u00e9sentation du Projet et des Lots de Travail\">\t\t\t\t\t\t\t\t\t\t<div class=\"elementor-icon\">\n\t\t\t\t\t\t\t\t\t\t\t<i aria-hidden=\"true\" class=\"far fa-bookmark\"><\/i>\t\t\t\t\t\t\t\t\t\t<\/div>\n\t\t\t\t\t\t\t\t\t<\/a>\t\t\t\t\t\t\t\t\t\t\t\t\t\t\t\t<div class=\"box-content\">\n\t\t\t\t\t\t\t\t\t\t\t\t\t\t\t\t\t\t\t\t\t\t\t\t\t\t\t\t\t<h4 class=\"box-heading\">\n\t\t\t\t\t\t\t\t\t\t\t<a rel=\"nofollow\" aria-label=\"Pr\u00e9sentation du Projet et des Lots de Travail\">\t\t\t\t\t\t\t\t\t\t\t\tPr\u00e9sentation du Projet et des Lots de Travail\t\t\t\t\t\t\t\t\t\t\t<\/a>\t\t\t\t\t\t\t\t\t\t<\/h4>\n\t\t\t\t\t\t\t\t\t\t\t\t\t\t\t\t\t\t\t\t\t\t\t\t\t\t\t\t<div class=\"box-description\">Pr\u00e9sentations offrant un aper\u00e7u g\u00e9n\u00e9ral du projet EXCEL4MED, ainsi que des informations d\u00e9taill\u00e9es sur certains lots de travail<\/div>\n\t\t\t\t\t\t\t\t\t\t\t\t\t\t\t\t\t\t\t\t\t\t\t\t\t\t<\/div>\n\t\t\t\t\t\t\t<\/div>\n\t\t\t\t\t\t<\/div>\t\t\t\t\t<\/div>\n\t\t\t\t\t\t\t<\/div>\n\t\t<\/div>\t\t\t\t<\/div>\n\t\t\t\t<\/div>\n\t\t<div class=\"elementor-element elementor-element-8e6b1ea e-con-full e-flex e-con e-child\" data-id=\"8e6b1ea\" data-element_type=\"container\" data-e-type=\"container\">\n\t\t\t\t<div class=\"elementor-element elementor-element-fb13dae elementor-widget elementor-widget-button\" data-id=\"fb13dae\" data-element_type=\"widget\" data-e-type=\"widget\" data-widget_type=\"button.default\">\n\t\t\t\t<div class=\"elementor-widget-container\">\n\t\t\t\t\t\t\t\t\t<div class=\"elementor-button-wrapper\">\n\t\t\t\t\t<a class=\"elementor-button elementor-button-link elementor-size-sm\" href=\"https:\/\/excel4med.eu\/wp-content\/uploads\/2025\/07\/EXCEL4MED_WIDERA-Workshop.pdf\" target=\"_blank\" rel=\"nofollow\">\n\t\t\t\t\t\t<span class=\"elementor-button-content-wrapper\">\n\t\t\t\t\t\t\t\t\t<span class=\"elementor-button-text\">Anglais<\/span>\n\t\t\t\t\t<\/span>\n\t\t\t\t\t<\/a>\n\t\t\t\t<\/div>\n\t\t\t\t\t\t\t\t<\/div>\n\t\t\t\t<\/div>\n\t\t\t\t<div class=\"elementor-element elementor-element-e80c5f8 elementor-widget elementor-widget-button\" data-id=\"e80c5f8\" data-element_type=\"widget\" data-e-type=\"widget\" data-widget_type=\"button.default\">\n\t\t\t\t<div class=\"elementor-widget-container\">\n\t\t\t\t\t\t\t\t\t<div class=\"elementor-button-wrapper\">\n\t\t\t\t\t<a class=\"elementor-button elementor-button-link elementor-size-sm\" href=\"https:\/\/excel4med.eu\/wp-content\/uploads\/2025\/07\/EXCEL4MED-Overview_Greek.pdf\" target=\"_blank\" rel=\"nofollow\">\n\t\t\t\t\t\t<span class=\"elementor-button-content-wrapper\">\n\t\t\t\t\t\t\t\t\t<span class=\"elementor-button-text\">Grec<\/span>\n\t\t\t\t\t<\/span>\n\t\t\t\t\t<\/a>\n\t\t\t\t<\/div>\n\t\t\t\t\t\t\t\t<\/div>\n\t\t\t\t<\/div>\n\t\t\t\t<div class=\"elementor-element elementor-element-665a3c4 elementor-widget elementor-widget-button\" data-id=\"665a3c4\" data-element_type=\"widget\" data-e-type=\"widget\" data-widget_type=\"button.default\">\n\t\t\t\t<div class=\"elementor-widget-container\">\n\t\t\t\t\t\t\t\t\t<div class=\"elementor-button-wrapper\">\n\t\t\t\t\t<a class=\"elementor-button elementor-button-link elementor-size-sm\" href=\"https:\/\/excel4med.eu\/wp-content\/uploads\/2025\/07\/EXCEL4MED-Overview_Spanish.pdf\" target=\"_blank\" rel=\"nofollow\">\n\t\t\t\t\t\t<span class=\"elementor-button-content-wrapper\">\n\t\t\t\t\t\t\t\t\t<span class=\"elementor-button-text\">Espagnol<\/span>\n\t\t\t\t\t<\/span>\n\t\t\t\t\t<\/a>\n\t\t\t\t<\/div>\n\t\t\t\t\t\t\t\t<\/div>\n\t\t\t\t<\/div>\n\t\t\t\t<div class=\"elementor-element elementor-element-e829c51 elementor-widget elementor-widget-button\" data-id=\"e829c51\" data-element_type=\"widget\" data-e-type=\"widget\" data-widget_type=\"button.default\">\n\t\t\t\t<div class=\"elementor-widget-container\">\n\t\t\t\t\t\t\t\t\t<div class=\"elementor-button-wrapper\">\n\t\t\t\t\t<a class=\"elementor-button elementor-button-link elementor-size-sm\" href=\"https:\/\/excel4med.eu\/wp-content\/uploads\/2025\/07\/EXCEL4MED_presentation-CIHEAM_Turkish.pdf\" target=\"_blank\" rel=\"nofollow\">\n\t\t\t\t\t\t<span class=\"elementor-button-content-wrapper\">\n\t\t\t\t\t\t\t\t\t<span class=\"elementor-button-text\">Turc<\/span>\n\t\t\t\t\t<\/span>\n\t\t\t\t\t<\/a>\n\t\t\t\t<\/div>\n\t\t\t\t\t\t\t\t<\/div>\n\t\t\t\t<\/div>\n\t\t\t\t<div class=\"elementor-element elementor-element-397b204 elementor-widget elementor-widget-button\" data-id=\"397b204\" data-element_type=\"widget\" data-e-type=\"widget\" data-widget_type=\"button.default\">\n\t\t\t\t<div class=\"elementor-widget-container\">\n\t\t\t\t\t\t\t\t\t<div class=\"elementor-button-wrapper\">\n\t\t\t\t\t<a class=\"elementor-button elementor-button-link elementor-size-sm\" href=\"https:\/\/excel4med.eu\/wp-content\/uploads\/2025\/07\/EXCEL4MED-presentation-CIHEAM_French.pdf\" target=\"_blank\" rel=\"nofollow\">\n\t\t\t\t\t\t<span class=\"elementor-button-content-wrapper\">\n\t\t\t\t\t\t\t\t\t<span class=\"elementor-button-text\">Fran\u00e7ais<\/span>\n\t\t\t\t\t<\/span>\n\t\t\t\t\t<\/a>\n\t\t\t\t<\/div>\n\t\t\t\t\t\t\t\t<\/div>\n\t\t\t\t<\/div>\n\t\t\t\t<\/div>\n\t\t\t\t<div class=\"elementor-element elementor-element-d6b4867 elementor-widget-divider--separator-type-pattern elementor-widget-divider--no-spacing elementor-widget-divider--view-line elementor-widget elementor-widget-divider\" data-id=\"d6b4867\" data-element_type=\"widget\" data-e-type=\"widget\" data-widget_type=\"divider.default\">\n\t\t\t\t<div class=\"elementor-widget-container\">\n\t\t\t\t\t\t\t<div class=\"elementor-divider\" style=\"--divider-pattern-url: url(&quot;data:image\/svg+xml,%3Csvg xmlns=&#039;http:\/\/www.w3.org\/2000\/svg&#039; preserveAspectRatio=&#039;xMidYMid meet&#039; overflow=&#039;visible&#039; height=&#039;100%&#039; viewBox=&#039;0 0 126 26&#039; fill=&#039;black&#039; stroke=&#039;none&#039;%3E%3Cpath d=&#039;M3,10.2c2.6,0,2.6,2,2.6,3.2S4.4,16.5,3,16.5s-3-1.4-3-3.2S0.4,10.2,3,10.2z M18.8,10.2c1.7,0,3.2,1.4,3.2,3.2s-1.4,3.2-3.2,3.2c-1.7,0-3.2-1.4-3.2-3.2S17,10.2,18.8,10.2z M34.6,10.2c1.5,0,2.6,1.4,2.6,3.2s-0.5,3.2-1.9,3.2c-1.5,0-3.4-1.4-3.4-3.2S33.1,10.2,34.6,10.2z M50.5,10.2c1.7,0,3.2,1.4,3.2,3.2s-1.4,3.2-3.2,3.2c-1.7,0-3.3-0.9-3.3-2.6S48.7,10.2,50.5,10.2z M66.2,10.2c1.5,0,3.4,1.4,3.4,3.2s-1.9,3.2-3.4,3.2c-1.5,0-2.6-0.4-2.6-2.1S64.8,10.2,66.2,10.2z M82.2,10.2c1.7,0.8,2.6,1.4,2.6,3.2s-0.1,3.2-1.6,3.2c-1.5,0-3.7-1.4-3.7-3.2S80.5,9.4,82.2,10.2zM98.6,10.2c1.5,0,2.6,0.4,2.6,2.1s-1.2,4.2-2.6,4.2c-1.5,0-3.7-0.4-3.7-2.1S97.1,10.2,98.6,10.2z M113.4,10.2c1.2,0,2.2,0.9,2.2,3.2s-0.1,3.2-1.3,3.2s-3.1-1.4-3.1-3.2S112.2,10.2,113.4,10.2z&#039;\/%3E%3C\/svg%3E&quot;);\">\n\t\t\t<span class=\"elementor-divider-separator\">\n\t\t\t\t\t\t<\/span>\n\t\t<\/div>\n\t\t\t\t\t\t<\/div>\n\t\t\t\t<\/div>\n\t\t\t\t\t<\/div>\n\t\t\t\t<\/div>\n\t\t<div class=\"elementor-element elementor-element-c135e3e e-flex e-con-boxed e-con e-parent\" data-id=\"c135e3e\" data-element_type=\"container\" data-e-type=\"container\">\n\t\t\t\t\t<div class=\"e-con-inner\">\n\t\t\t\t<div class=\"elementor-element elementor-element-c66f99f content-align-left icon-box-vertical-align-top icon-position-left icon-vertical-align-start elementor-widget elementor-widget-the7_icon_box_grid_widget\" data-id=\"c66f99f\" data-element_type=\"widget\" data-e-type=\"widget\" data-widget_type=\"the7_icon_box_grid_widget.default\">\n\t\t\t\t<div class=\"elementor-widget-container\">\n\t\t\t\t\t<div class=\"the7-box-grid-wrapper the7-elementor-widget loading-effect-none the7_icon_box_grid_widget-c66f99f\">\t\t\t<div class=\"dt-css-grid\">\n\t\t\t\t\t\t\t\t\t<div class=\"wf-cell shown\">\n\t\t\t\t\t\t<div class=\"the7-icon-box-grid\">\t\t\t\t\t\t\t<div class=\"box-content-wrapper\">\n\t\t\t\t\t\t\t\t\t\t\t\t\t\t\t\t\t<a class=\"elementor-icon-div\" rel=\"nofollow\" aria-label=\"Visites Scolaires\">\t\t\t\t\t\t\t\t\t\t<div class=\"elementor-icon\">\n\t\t\t\t\t\t\t\t\t\t\t<i aria-hidden=\"true\" class=\"far fa-bookmark\"><\/i>\t\t\t\t\t\t\t\t\t\t<\/div>\n\t\t\t\t\t\t\t\t\t<\/a>\t\t\t\t\t\t\t\t\t\t\t\t\t\t\t\t<div class=\"box-content\">\n\t\t\t\t\t\t\t\t\t\t\t\t\t\t\t\t\t\t\t\t\t\t\t\t\t\t\t\t\t<h4 class=\"box-heading\">\n\t\t\t\t\t\t\t\t\t\t\t<a rel=\"nofollow\" aria-label=\"Visites Scolaires\">\t\t\t\t\t\t\t\t\t\t\t\tVisites Scolaires\t\t\t\t\t\t\t\t\t\t\t<\/a>\t\t\t\t\t\t\t\t\t\t<\/h4>\n\t\t\t\t\t\t\t\t\t\t\t\t\t\t\t\t\t\t\t\t\t\t\t\t\t\t\t\t<div class=\"box-description\">Pr\u00e9sentations effectu\u00e9es par les partenaires d'EXCEL4MED lors d'activit\u00e9s de sensibilisation dans les \u00e9coles<\/div>\n\t\t\t\t\t\t\t\t\t\t\t\t\t\t\t\t\t\t\t\t\t\t\t\t\t\t<\/div>\n\t\t\t\t\t\t\t<\/div>\n\t\t\t\t\t\t<\/div>\t\t\t\t\t<\/div>\n\t\t\t\t\t\t\t<\/div>\n\t\t<\/div>\t\t\t\t<\/div>\n\t\t\t\t<\/div>\n\t\t<div class=\"elementor-element elementor-element-be9fe57 e-con-full e-flex e-con e-child\" data-id=\"be9fe57\" data-element_type=\"container\" data-e-type=\"container\">\n\t\t\t\t<div class=\"elementor-element elementor-element-020f96f elementor-widget elementor-widget-button\" data-id=\"020f96f\" data-element_type=\"widget\" data-e-type=\"widget\" data-widget_type=\"button.default\">\n\t\t\t\t<div class=\"elementor-widget-container\">\n\t\t\t\t\t\t\t\t\t<div class=\"elementor-button-wrapper\">\n\t\t\t\t\t<a class=\"elementor-button elementor-button-link elementor-size-sm\" href=\"https:\/\/excel4med.eu\/wp-content\/uploads\/2025\/07\/School_presentation.pdf\" target=\"_blank\" rel=\"nofollow\">\n\t\t\t\t\t\t<span class=\"elementor-button-content-wrapper\">\n\t\t\t\t\t\t\t\t\t<span class=\"elementor-button-text\">Anglais<\/span>\n\t\t\t\t\t<\/span>\n\t\t\t\t\t<\/a>\n\t\t\t\t<\/div>\n\t\t\t\t\t\t\t\t<\/div>\n\t\t\t\t<\/div>\n\t\t\t\t<div class=\"elementor-element elementor-element-db0b9df elementor-widget elementor-widget-button\" data-id=\"db0b9df\" data-element_type=\"widget\" data-e-type=\"widget\" data-widget_type=\"button.default\">\n\t\t\t\t<div class=\"elementor-widget-container\">\n\t\t\t\t\t\t\t\t\t<div class=\"elementor-button-wrapper\">\n\t\t\t\t\t<a class=\"elementor-button elementor-button-link elementor-size-sm\" href=\"https:\/\/excel4med.eu\/wp-content\/uploads\/2025\/07\/School-visit-presentation_Greek-1.pdf\" target=\"_blank\" rel=\"nofollow\">\n\t\t\t\t\t\t<span class=\"elementor-button-content-wrapper\">\n\t\t\t\t\t\t\t\t\t<span class=\"elementor-button-text\">Grec<\/span>\n\t\t\t\t\t<\/span>\n\t\t\t\t\t<\/a>\n\t\t\t\t<\/div>\n\t\t\t\t\t\t\t\t<\/div>\n\t\t\t\t<\/div>\n\t\t\t\t<\/div>\n\t\t\t\t<div class=\"elementor-element elementor-element-03b7370 elementor-widget-divider--separator-type-pattern elementor-widget-divider--no-spacing elementor-widget-divider--view-line elementor-widget elementor-widget-divider\" data-id=\"03b7370\" data-element_type=\"widget\" data-e-type=\"widget\" data-widget_type=\"divider.default\">\n\t\t\t\t<div class=\"elementor-widget-container\">\n\t\t\t\t\t\t\t<div class=\"elementor-divider\" style=\"--divider-pattern-url: url(&quot;data:image\/svg+xml,%3Csvg xmlns=&#039;http:\/\/www.w3.org\/2000\/svg&#039; preserveAspectRatio=&#039;xMidYMid meet&#039; overflow=&#039;visible&#039; height=&#039;100%&#039; viewBox=&#039;0 0 126 26&#039; fill=&#039;black&#039; stroke=&#039;none&#039;%3E%3Cpath d=&#039;M3,10.2c2.6,0,2.6,2,2.6,3.2S4.4,16.5,3,16.5s-3-1.4-3-3.2S0.4,10.2,3,10.2z M18.8,10.2c1.7,0,3.2,1.4,3.2,3.2s-1.4,3.2-3.2,3.2c-1.7,0-3.2-1.4-3.2-3.2S17,10.2,18.8,10.2z M34.6,10.2c1.5,0,2.6,1.4,2.6,3.2s-0.5,3.2-1.9,3.2c-1.5,0-3.4-1.4-3.4-3.2S33.1,10.2,34.6,10.2z M50.5,10.2c1.7,0,3.2,1.4,3.2,3.2s-1.4,3.2-3.2,3.2c-1.7,0-3.3-0.9-3.3-2.6S48.7,10.2,50.5,10.2z M66.2,10.2c1.5,0,3.4,1.4,3.4,3.2s-1.9,3.2-3.4,3.2c-1.5,0-2.6-0.4-2.6-2.1S64.8,10.2,66.2,10.2z M82.2,10.2c1.7,0.8,2.6,1.4,2.6,3.2s-0.1,3.2-1.6,3.2c-1.5,0-3.7-1.4-3.7-3.2S80.5,9.4,82.2,10.2zM98.6,10.2c1.5,0,2.6,0.4,2.6,2.1s-1.2,4.2-2.6,4.2c-1.5,0-3.7-0.4-3.7-2.1S97.1,10.2,98.6,10.2z M113.4,10.2c1.2,0,2.2,0.9,2.2,3.2s-0.1,3.2-1.3,3.2s-3.1-1.4-3.1-3.2S112.2,10.2,113.4,10.2z&#039;\/%3E%3C\/svg%3E&quot;);\">\n\t\t\t<span class=\"elementor-divider-separator\">\n\t\t\t\t\t\t<\/span>\n\t\t<\/div>\n\t\t\t\t\t\t<\/div>\n\t\t\t\t<\/div>\n\t\t\t\t\t<\/div>\n\t\t\t\t<\/div>\n\t\t\t\t<\/div>\n\t\t","protected":false},"excerpt":{"rendered":"<p>Pr\u00e9sentation du Projet et des Lots de Travail Pr\u00e9sentations offrant un aper\u00e7u g\u00e9n\u00e9ral du projet EXCEL4MED, ainsi que des informations d\u00e9taill\u00e9es sur certains lots de travail Anglais Grec Espagnol Turc Fran\u00e7ais Visites Scolaires Pr\u00e9sentations effectu\u00e9es par les partenaires d&#8217;EXCEL4MED lors d&#8217;activit\u00e9s de sensibilisation dans les \u00e9coles Anglais Grec<\/p>\n","protected":false},"author":1,"featured_media":0,"parent":10969,"menu_order":0,"comment_status":"closed","ping_status":"closed","template":"","meta":{"footnotes":""},"class_list":["post-12237","page","type-page","status-publish","hentry"],"yoast_head":"<!-- This site is optimized with the Yoast SEO plugin v27.3 - https:\/\/yoast.com\/product\/yoast-seo-wordpress\/ -->\n<title>Pr\u00e9sentations - Excel4Med<\/title>\n<meta name=\"robots\" content=\"index, follow, max-snippet:-1, max-image-preview:large, max-video-preview:-1\" \/>\n<link rel=\"canonical\" href=\"https:\/\/excel4med.eu\/fr\/hub-multilingue\/presentations\/\" \/>\n<meta property=\"og:locale\" content=\"fr_FR\" \/>\n<meta property=\"og:type\" content=\"article\" \/>\n<meta property=\"og:title\" content=\"Pr\u00e9sentations - Excel4Med\" \/>\n<meta property=\"og:description\" content=\"Pr\u00e9sentation du Projet et des Lots de Travail Pr\u00e9sentations offrant un aper\u00e7u g\u00e9n\u00e9ral du projet EXCEL4MED, ainsi que des informations d\u00e9taill\u00e9es sur certains lots de travail Anglais Grec Espagnol Turc Fran\u00e7ais Visites Scolaires Pr\u00e9sentations effectu\u00e9es par les partenaires d&#8217;EXCEL4MED lors d&#8217;activit\u00e9s de sensibilisation dans les \u00e9coles Anglais Grec\" \/>\n<meta property=\"og:url\" content=\"https:\/\/excel4med.eu\/fr\/hub-multilingue\/presentations\/\" \/>\n<meta property=\"og:site_name\" content=\"Excel4Med\" \/>\n<meta property=\"article:publisher\" content=\"https:\/\/www.facebook.com\/excel4med\/\" \/>\n<meta property=\"article:modified_time\" content=\"2025-07-30T09:21:22+00:00\" \/>\n<meta name=\"twitter:card\" content=\"summary_large_image\" \/>\n<meta name=\"twitter:site\" content=\"@excel4med\" \/>\n<script type=\"application\/ld+json\" class=\"yoast-schema-graph\">{\"@context\":\"https:\\\/\\\/schema.org\",\"@graph\":[{\"@type\":\"WebPage\",\"@id\":\"https:\\\/\\\/excel4med.eu\\\/fr\\\/hub-multilingue\\\/presentations\\\/\",\"url\":\"https:\\\/\\\/excel4med.eu\\\/fr\\\/hub-multilingue\\\/presentations\\\/\",\"name\":\"Pr\u00e9sentations - Excel4Med\",\"isPartOf\":{\"@id\":\"https:\\\/\\\/excel4med.eu\\\/fr\\\/#website\"},\"datePublished\":\"2025-07-03T05:54:00+00:00\",\"dateModified\":\"2025-07-30T09:21:22+00:00\",\"breadcrumb\":{\"@id\":\"https:\\\/\\\/excel4med.eu\\\/fr\\\/hub-multilingue\\\/presentations\\\/#breadcrumb\"},\"inLanguage\":\"fr-FR\",\"potentialAction\":[{\"@type\":\"ReadAction\",\"target\":[\"https:\\\/\\\/excel4med.eu\\\/fr\\\/hub-multilingue\\\/presentations\\\/\"]}]},{\"@type\":\"BreadcrumbList\",\"@id\":\"https:\\\/\\\/excel4med.eu\\\/fr\\\/hub-multilingue\\\/presentations\\\/#breadcrumb\",\"itemListElement\":[{\"@type\":\"ListItem\",\"position\":1,\"name\":\"Home\",\"item\":\"https:\\\/\\\/excel4med.eu\\\/fr\\\/accueil\\\/\"},{\"@type\":\"ListItem\",\"position\":2,\"name\":\"Ressources multilingues\",\"item\":\"https:\\\/\\\/excel4med.eu\\\/fr\\\/hub-multilingue\\\/\"},{\"@type\":\"ListItem\",\"position\":3,\"name\":\"Pr\u00e9sentations\"}]},{\"@type\":\"WebSite\",\"@id\":\"https:\\\/\\\/excel4med.eu\\\/fr\\\/#website\",\"url\":\"https:\\\/\\\/excel4med.eu\\\/fr\\\/\",\"name\":\"Excel4Med\",\"description\":\"\",\"publisher\":{\"@id\":\"https:\\\/\\\/excel4med.eu\\\/fr\\\/#organization\"},\"potentialAction\":[{\"@type\":\"SearchAction\",\"target\":{\"@type\":\"EntryPoint\",\"urlTemplate\":\"https:\\\/\\\/excel4med.eu\\\/fr\\\/?s={search_term_string}\"},\"query-input\":{\"@type\":\"PropertyValueSpecification\",\"valueRequired\":true,\"valueName\":\"search_term_string\"}}],\"inLanguage\":\"fr-FR\"},{\"@type\":\"Organization\",\"@id\":\"https:\\\/\\\/excel4med.eu\\\/fr\\\/#organization\",\"name\":\"Excel4Med\",\"url\":\"https:\\\/\\\/excel4med.eu\\\/fr\\\/\",\"logo\":{\"@type\":\"ImageObject\",\"inLanguage\":\"fr-FR\",\"@id\":\"https:\\\/\\\/excel4med.eu\\\/fr\\\/#\\\/schema\\\/logo\\\/image\\\/\",\"url\":\"https:\\\/\\\/excel4med.eu\\\/wp-content\\\/uploads\\\/2023\\\/04\\\/excel4med-v6-FBC02D.png\",\"contentUrl\":\"https:\\\/\\\/excel4med.eu\\\/wp-content\\\/uploads\\\/2023\\\/04\\\/excel4med-v6-FBC02D.png\",\"width\":1200,\"height\":443,\"caption\":\"Excel4Med\"},\"image\":{\"@id\":\"https:\\\/\\\/excel4med.eu\\\/fr\\\/#\\\/schema\\\/logo\\\/image\\\/\"},\"sameAs\":[\"https:\\\/\\\/www.facebook.com\\\/excel4med\\\/\",\"https:\\\/\\\/x.com\\\/excel4med\",\"https:\\\/\\\/www.instagram.com\\\/excel4med\\\/\"]}]}<\/script>\n<!-- \/ Yoast SEO plugin. -->","yoast_head_json":{"title":"Pr\u00e9sentations - Excel4Med","robots":{"index":"index","follow":"follow","max-snippet":"max-snippet:-1","max-image-preview":"max-image-preview:large","max-video-preview":"max-video-preview:-1"},"canonical":"https:\/\/excel4med.eu\/fr\/hub-multilingue\/presentations\/","og_locale":"fr_FR","og_type":"article","og_title":"Pr\u00e9sentations - Excel4Med","og_description":"Pr\u00e9sentation du Projet et des Lots de Travail Pr\u00e9sentations offrant un aper\u00e7u g\u00e9n\u00e9ral du projet EXCEL4MED, ainsi que des informations d\u00e9taill\u00e9es sur certains lots de travail Anglais Grec Espagnol Turc Fran\u00e7ais Visites Scolaires Pr\u00e9sentations effectu\u00e9es par les partenaires d&#8217;EXCEL4MED lors d&#8217;activit\u00e9s de sensibilisation dans les \u00e9coles Anglais Grec","og_url":"https:\/\/excel4med.eu\/fr\/hub-multilingue\/presentations\/","og_site_name":"Excel4Med","article_publisher":"https:\/\/www.facebook.com\/excel4med\/","article_modified_time":"2025-07-30T09:21:22+00:00","twitter_card":"summary_large_image","twitter_site":"@excel4med","schema":{"@context":"https:\/\/schema.org","@graph":[{"@type":"WebPage","@id":"https:\/\/excel4med.eu\/fr\/hub-multilingue\/presentations\/","url":"https:\/\/excel4med.eu\/fr\/hub-multilingue\/presentations\/","name":"Pr\u00e9sentations - Excel4Med","isPartOf":{"@id":"https:\/\/excel4med.eu\/fr\/#website"},"datePublished":"2025-07-03T05:54:00+00:00","dateModified":"2025-07-30T09:21:22+00:00","breadcrumb":{"@id":"https:\/\/excel4med.eu\/fr\/hub-multilingue\/presentations\/#breadcrumb"},"inLanguage":"fr-FR","potentialAction":[{"@type":"ReadAction","target":["https:\/\/excel4med.eu\/fr\/hub-multilingue\/presentations\/"]}]},{"@type":"BreadcrumbList","@id":"https:\/\/excel4med.eu\/fr\/hub-multilingue\/presentations\/#breadcrumb","itemListElement":[{"@type":"ListItem","position":1,"name":"Home","item":"https:\/\/excel4med.eu\/fr\/accueil\/"},{"@type":"ListItem","position":2,"name":"Ressources multilingues","item":"https:\/\/excel4med.eu\/fr\/hub-multilingue\/"},{"@type":"ListItem","position":3,"name":"Pr\u00e9sentations"}]},{"@type":"WebSite","@id":"https:\/\/excel4med.eu\/fr\/#website","url":"https:\/\/excel4med.eu\/fr\/","name":"Excel4Med","description":"","publisher":{"@id":"https:\/\/excel4med.eu\/fr\/#organization"},"potentialAction":[{"@type":"SearchAction","target":{"@type":"EntryPoint","urlTemplate":"https:\/\/excel4med.eu\/fr\/?s={search_term_string}"},"query-input":{"@type":"PropertyValueSpecification","valueRequired":true,"valueName":"search_term_string"}}],"inLanguage":"fr-FR"},{"@type":"Organization","@id":"https:\/\/excel4med.eu\/fr\/#organization","name":"Excel4Med","url":"https:\/\/excel4med.eu\/fr\/","logo":{"@type":"ImageObject","inLanguage":"fr-FR","@id":"https:\/\/excel4med.eu\/fr\/#\/schema\/logo\/image\/","url":"https:\/\/excel4med.eu\/wp-content\/uploads\/2023\/04\/excel4med-v6-FBC02D.png","contentUrl":"https:\/\/excel4med.eu\/wp-content\/uploads\/2023\/04\/excel4med-v6-FBC02D.png","width":1200,"height":443,"caption":"Excel4Med"},"image":{"@id":"https:\/\/excel4med.eu\/fr\/#\/schema\/logo\/image\/"},"sameAs":["https:\/\/www.facebook.com\/excel4med\/","https:\/\/x.com\/excel4med","https:\/\/www.instagram.com\/excel4med\/"]}]}},"_links":{"self":[{"href":"https:\/\/excel4med.eu\/fr\/wp-json\/wp\/v2\/pages\/12237","targetHints":{"allow":["GET"]}}],"collection":[{"href":"https:\/\/excel4med.eu\/fr\/wp-json\/wp\/v2\/pages"}],"about":[{"href":"https:\/\/excel4med.eu\/fr\/wp-json\/wp\/v2\/types\/page"}],"author":[{"embeddable":true,"href":"https:\/\/excel4med.eu\/fr\/wp-json\/wp\/v2\/users\/1"}],"replies":[{"embeddable":true,"href":"https:\/\/excel4med.eu\/fr\/wp-json\/wp\/v2\/comments?post=12237"}],"version-history":[{"count":3,"href":"https:\/\/excel4med.eu\/fr\/wp-json\/wp\/v2\/pages\/12237\/revisions"}],"predecessor-version":[{"id":12243,"href":"https:\/\/excel4med.eu\/fr\/wp-json\/wp\/v2\/pages\/12237\/revisions\/12243"}],"up":[{"embeddable":true,"href":"https:\/\/excel4med.eu\/fr\/wp-json\/wp\/v2\/pages\/10969"}],"wp:attachment":[{"href":"https:\/\/excel4med.eu\/fr\/wp-json\/wp\/v2\/media?parent=12237"}],"curies":[{"name":"wp","href":"https:\/\/api.w.org\/{rel}","templated":true}]}}