{"id":10030,"date":"2025-02-17T09:58:27","date_gmt":"2025-02-17T09:58:27","guid":{"rendered":"https:\/\/excel4med.eu\/publications-de-la-revue\/"},"modified":"2025-09-30T09:27:43","modified_gmt":"2025-09-30T09:27:43","slug":"publications-de-la-revue","status":"publish","type":"page","link":"https:\/\/excel4med.eu\/fr\/publications-de-la-revue\/","title":{"rendered":"Articles de journaux"},"content":{"rendered":"\t\t<div data-elementor-type=\"wp-page\" data-elementor-id=\"10030\" class=\"elementor elementor-10030 elementor-7971\" data-elementor-post-type=\"page\">\n\t\t\t\t<div class=\"elementor-element elementor-element-6573894 e-flex e-con-boxed e-con e-parent\" data-id=\"6573894\" data-element_type=\"container\" data-e-type=\"container\">\n\t\t\t\t\t<div class=\"e-con-inner\">\n\t\t\t\t<div class=\"elementor-element elementor-element-fadd61a elementor-widget elementor-widget-spacer\" data-id=\"fadd61a\" data-element_type=\"widget\" data-e-type=\"widget\" data-widget_type=\"spacer.default\">\n\t\t\t\t<div class=\"elementor-widget-container\">\n\t\t\t\t\t\t\t<div class=\"elementor-spacer\">\n\t\t\t<div class=\"elementor-spacer-inner\"><\/div>\n\t\t<\/div>\n\t\t\t\t\t\t<\/div>\n\t\t\t\t<\/div>\n\t\t\t\t\t<\/div>\n\t\t\t\t<\/div>\n\t\t<div class=\"elementor-element elementor-element-db83808 e-flex e-con-boxed e-con e-parent\" data-id=\"db83808\" data-element_type=\"container\" data-e-type=\"container\">\n\t\t\t\t\t<div class=\"e-con-inner\">\n\t\t\t\t<div class=\"elementor-element elementor-element-959df7a content-align-left icon-box-vertical-align-top icon-position-left icon-vertical-align-start elementor-widget elementor-widget-the7_icon_box_grid_widget\" data-id=\"959df7a\" data-element_type=\"widget\" data-e-type=\"widget\" data-widget_type=\"the7_icon_box_grid_widget.default\">\n\t\t\t\t<div class=\"elementor-widget-container\">\n\t\t\t\t\t<div class=\"the7-box-grid-wrapper the7-elementor-widget loading-effect-none the7_icon_box_grid_widget-959df7a widget-divider-on\">\t\t\t<div class=\"dt-css-grid\">\n\t\t\t\t\t\t\t\t\t<div class=\"wf-cell shown\">\n\t\t\t\t\t\t<div class=\"the7-icon-box-grid\">\t\t\t\t\t\t\t<div class=\"box-content-wrapper\">\n\t\t\t\t\t\t\t\t\t\t\t\t\t\t\t\t\t<a class=\"elementor-icon-div\" href=\"https:\/\/doi.org\/10.3389\/fchem.2024.1411727\" target=\"_blank\" rel=\"nofollow\" aria-label=\"Exploration de la cavitation hydrodynamique pour la valorisation des d\u00e9chets d\u2019agrumes \u00e0 Malte : de l\u2019am\u00e9lioration des boissons \u00e0 la suppression du germination des pommes de terre et \u00e0 la d\u00e9pollution de l\u2019eau\">\t\t\t\t\t\t\t\t\t\t<div class=\"elementor-icon\">\n\t\t\t\t\t\t\t\t\t\t\t<i aria-hidden=\"true\" class=\"fab fa-readme\"><\/i>\t\t\t\t\t\t\t\t\t\t<\/div>\n\t\t\t\t\t\t\t\t\t<\/a>\t\t\t\t\t\t\t\t\t\t\t\t\t\t\t\t<div class=\"box-content\">\n\t\t\t\t\t\t\t\t\t\t\t\t\t\t\t\t\t\t\t\t\t\t\t\t\t\t\t\t\t<h5 class=\"box-heading\">\n\t\t\t\t\t\t\t\t\t\t\t<a href=\"https:\/\/doi.org\/10.3389\/fchem.2024.1411727\" target=\"_blank\" rel=\"nofollow\" aria-label=\"Exploration de la cavitation hydrodynamique pour la valorisation des d\u00e9chets d\u2019agrumes \u00e0 Malte : de l\u2019am\u00e9lioration des boissons \u00e0 la suppression du germination des pommes de terre et \u00e0 la d\u00e9pollution de l\u2019eau\">\t\t\t\t\t\t\t\t\t\t\t\tExploration de la cavitation hydrodynamique pour la valorisation des d\u00e9chets d\u2019agrumes \u00e0 Malte : de l\u2019am\u00e9lioration des boissons \u00e0 la suppression du germination des pommes de terre et \u00e0 la d\u00e9pollution de l\u2019eau\t\t\t\t\t\t\t\t\t\t\t<\/a>\t\t\t\t\t\t\t\t\t\t<\/h5>\n\t\t\t\t\t\t\t\t\t\t\t\t\t\t\t\t\t\t\t\t\t\t\t\t\t\t\t\t<div class=\"box-description\">Auteur(s) : Georgios Psakis, Frederick Lia, Vasilis P. Valdramidis et Ruben Gatt.\n<br>Publi\u00e9 dans : Front. Chem., 27 mai 2024, Sec. Green and Sustainable Chemistry, Volume 12 - 2024  <\/div>\n\t\t\t\t\t\t\t\t\t\t\t\t\t\t\t\t\t\t<a href=\"https:\/\/doi.org\/10.3389\/fchem.2024.1411727\" target=\"_blank\" rel=\"nofollow\" aria-label=\"Exploration de la cavitation hydrodynamique pour la valorisation des d\u00e9chets d\u2019agrumes \u00e0 Malte : de l\u2019am\u00e9lioration des boissons \u00e0 la suppression du germination des pommes de terre et \u00e0 la d\u00e9pollution de l\u2019eau\" class=\"box-button elementor-button elementor-size-sm\">https:\/\/doi.org\/10.3389\/fchem.2024.1411727<i aria-hidden=\"true\" class=\"elementor-button-icon far fa-arrow-alt-circle-right\"><\/i><\/a>\t\t\t\t\t\t\t\t<\/div>\n\t\t\t\t\t\t\t<\/div>\n\t\t\t\t\t\t<\/div>\t\t\t\t\t<\/div>\n\t\t\t\t\t\t\t<\/div>\n\t\t<\/div>\t\t\t\t<\/div>\n\t\t\t\t<\/div>\n\t\t\t\t<div class=\"elementor-element elementor-element-0edb9e8 content-align-left icon-box-vertical-align-top icon-position-left icon-vertical-align-start elementor-widget elementor-widget-the7_icon_box_grid_widget\" data-id=\"0edb9e8\" data-element_type=\"widget\" data-e-type=\"widget\" data-widget_type=\"the7_icon_box_grid_widget.default\">\n\t\t\t\t<div class=\"elementor-widget-container\">\n\t\t\t\t\t<div class=\"the7-box-grid-wrapper the7-elementor-widget loading-effect-none the7_icon_box_grid_widget-0edb9e8 widget-divider-on\">\t\t\t<div class=\"dt-css-grid\">\n\t\t\t\t\t\t\t\t\t<div class=\"wf-cell shown\">\n\t\t\t\t\t\t<div class=\"the7-icon-box-grid\">\t\t\t\t\t\t\t<div class=\"box-content-wrapper\">\n\t\t\t\t\t\t\t\t\t\t\t\t\t\t\t\t\t<a class=\"elementor-icon-div\" href=\"https:\/\/doi.org\/10.3390\/molecules30030648\" target=\"_blank\" rel=\"nofollow\" aria-label=\"Analyse compl\u00e8te de l\u2019extraction non thermique assist\u00e9e par ultrasons des compos\u00e9s bioactifs issus des d\u00e9chets de pelure d\u2019agrumes selon une approche facteur par facteur\">\t\t\t\t\t\t\t\t\t\t<div class=\"elementor-icon\">\n\t\t\t\t\t\t\t\t\t\t\t<i aria-hidden=\"true\" class=\"fab fa-readme\"><\/i>\t\t\t\t\t\t\t\t\t\t<\/div>\n\t\t\t\t\t\t\t\t\t<\/a>\t\t\t\t\t\t\t\t\t\t\t\t\t\t\t\t<div class=\"box-content\">\n\t\t\t\t\t\t\t\t\t\t\t\t\t\t\t\t\t\t\t\t\t\t\t\t\t\t\t\t\t<h5 class=\"box-heading\">\n\t\t\t\t\t\t\t\t\t\t\t<a href=\"https:\/\/doi.org\/10.3390\/molecules30030648\" target=\"_blank\" rel=\"nofollow\" aria-label=\"Analyse compl\u00e8te de l\u2019extraction non thermique assist\u00e9e par ultrasons des compos\u00e9s bioactifs issus des d\u00e9chets de pelure d\u2019agrumes selon une approche facteur par facteur\">\t\t\t\t\t\t\t\t\t\t\t\tAnalyse compl\u00e8te de l\u2019extraction non thermique assist\u00e9e par ultrasons des compos\u00e9s bioactifs issus des d\u00e9chets de pelure d\u2019agrumes selon une approche facteur par facteur\t\t\t\t\t\t\t\t\t\t\t<\/a>\t\t\t\t\t\t\t\t\t\t<\/h5>\n\t\t\t\t\t\t\t\t\t\t\t\t\t\t\t\t\t\t\t\t\t\t\t\t\t\t\t\t<div class=\"box-description\">Auteur(s) : Matthew A. Xuereb, Georgios Psakis, Karen Attard, Frederick Lia et Ruben Gatt.\n<br>Publi\u00e9 dans : Molecules 2025, 30(3), 648<\/div>\n\t\t\t\t\t\t\t\t\t\t\t\t\t\t\t\t\t\t<a href=\"https:\/\/doi.org\/10.3390\/molecules30030648\" target=\"_blank\" rel=\"nofollow\" aria-label=\"Analyse compl\u00e8te de l\u2019extraction non thermique assist\u00e9e par ultrasons des compos\u00e9s bioactifs issus des d\u00e9chets de pelure d\u2019agrumes selon une approche facteur par facteur\" class=\"box-button elementor-button elementor-size-sm\">https:\/\/doi.org\/10.3390\/molecules30030648<i aria-hidden=\"true\" class=\"elementor-button-icon far fa-arrow-alt-circle-right\"><\/i><\/a>\t\t\t\t\t\t\t\t<\/div>\n\t\t\t\t\t\t\t<\/div>\n\t\t\t\t\t\t<\/div>\t\t\t\t\t<\/div>\n\t\t\t\t\t\t\t<\/div>\n\t\t<\/div>\t\t\t\t<\/div>\n\t\t\t\t<\/div>\n\t\t\t\t\t<\/div>\n\t\t\t\t<\/div>\n\t\t\t\t<\/div>\n\t\t","protected":false},"excerpt":{"rendered":"<p>Exploration de la cavitation hydrodynamique pour la valorisation des d\u00e9chets d\u2019agrumes \u00e0 Malte : de l\u2019am\u00e9lioration des boissons \u00e0 la suppression du germination des pommes de terre et \u00e0 la d\u00e9pollution de l\u2019eau Auteur(s) : Georgios Psakis, Frederick Lia, Vasilis P. Valdramidis et Ruben Gatt. Publi\u00e9 dans : Front. Chem., 27 mai 2024, Sec. Green&hellip;<\/p>\n","protected":false},"author":1,"featured_media":0,"parent":0,"menu_order":0,"comment_status":"closed","ping_status":"closed","template":"","meta":{"footnotes":""},"class_list":["post-10030","page","type-page","status-publish","hentry"],"yoast_head":"<!-- This site is optimized with the Yoast SEO plugin v27.3 - https:\/\/yoast.com\/product\/yoast-seo-wordpress\/ -->\n<title>Articles de journaux - Excel4Med<\/title>\n<meta name=\"robots\" content=\"index, follow, max-snippet:-1, max-image-preview:large, max-video-preview:-1\" \/>\n<link rel=\"canonical\" href=\"https:\/\/excel4med.eu\/fr\/publications-de-la-revue\/\" \/>\n<meta property=\"og:locale\" content=\"fr_FR\" \/>\n<meta property=\"og:type\" content=\"article\" \/>\n<meta property=\"og:title\" content=\"Articles de journaux - Excel4Med\" \/>\n<meta property=\"og:description\" content=\"Exploration de la cavitation hydrodynamique pour la valorisation des d\u00e9chets d\u2019agrumes \u00e0 Malte : de l\u2019am\u00e9lioration des boissons \u00e0 la suppression du germination des pommes de terre et \u00e0 la d\u00e9pollution de l\u2019eau Auteur(s) : Georgios Psakis, Frederick Lia, Vasilis P. Valdramidis et Ruben Gatt. Publi\u00e9 dans : Front. Chem., 27 mai 2024, Sec. Green&hellip;\" \/>\n<meta property=\"og:url\" content=\"https:\/\/excel4med.eu\/fr\/publications-de-la-revue\/\" \/>\n<meta property=\"og:site_name\" content=\"Excel4Med\" \/>\n<meta property=\"article:publisher\" content=\"https:\/\/www.facebook.com\/excel4med\/\" \/>\n<meta property=\"article:modified_time\" content=\"2025-09-30T09:27:43+00:00\" \/>\n<meta name=\"twitter:card\" content=\"summary_large_image\" \/>\n<meta name=\"twitter:site\" content=\"@excel4med\" \/>\n<meta name=\"twitter:label1\" content=\"Dur\u00e9e de lecture estim\u00e9e\" \/>\n\t<meta name=\"twitter:data1\" content=\"1 minute\" \/>\n<script type=\"application\/ld+json\" class=\"yoast-schema-graph\">{\"@context\":\"https:\\\/\\\/schema.org\",\"@graph\":[{\"@type\":\"WebPage\",\"@id\":\"https:\\\/\\\/excel4med.eu\\\/fr\\\/publications-de-la-revue\\\/\",\"url\":\"https:\\\/\\\/excel4med.eu\\\/fr\\\/publications-de-la-revue\\\/\",\"name\":\"Articles de journaux - Excel4Med\",\"isPartOf\":{\"@id\":\"https:\\\/\\\/excel4med.eu\\\/fr\\\/#website\"},\"datePublished\":\"2025-02-17T09:58:27+00:00\",\"dateModified\":\"2025-09-30T09:27:43+00:00\",\"breadcrumb\":{\"@id\":\"https:\\\/\\\/excel4med.eu\\\/fr\\\/publications-de-la-revue\\\/#breadcrumb\"},\"inLanguage\":\"fr-FR\",\"potentialAction\":[{\"@type\":\"ReadAction\",\"target\":[\"https:\\\/\\\/excel4med.eu\\\/fr\\\/publications-de-la-revue\\\/\"]}]},{\"@type\":\"BreadcrumbList\",\"@id\":\"https:\\\/\\\/excel4med.eu\\\/fr\\\/publications-de-la-revue\\\/#breadcrumb\",\"itemListElement\":[{\"@type\":\"ListItem\",\"position\":1,\"name\":\"Home\",\"item\":\"https:\\\/\\\/excel4med.eu\\\/fr\\\/accueil\\\/\"},{\"@type\":\"ListItem\",\"position\":2,\"name\":\"Articles de journaux\"}]},{\"@type\":\"WebSite\",\"@id\":\"https:\\\/\\\/excel4med.eu\\\/fr\\\/#website\",\"url\":\"https:\\\/\\\/excel4med.eu\\\/fr\\\/\",\"name\":\"Excel4Med\",\"description\":\"\",\"publisher\":{\"@id\":\"https:\\\/\\\/excel4med.eu\\\/fr\\\/#organization\"},\"potentialAction\":[{\"@type\":\"SearchAction\",\"target\":{\"@type\":\"EntryPoint\",\"urlTemplate\":\"https:\\\/\\\/excel4med.eu\\\/fr\\\/?s={search_term_string}\"},\"query-input\":{\"@type\":\"PropertyValueSpecification\",\"valueRequired\":true,\"valueName\":\"search_term_string\"}}],\"inLanguage\":\"fr-FR\"},{\"@type\":\"Organization\",\"@id\":\"https:\\\/\\\/excel4med.eu\\\/fr\\\/#organization\",\"name\":\"Excel4Med\",\"url\":\"https:\\\/\\\/excel4med.eu\\\/fr\\\/\",\"logo\":{\"@type\":\"ImageObject\",\"inLanguage\":\"fr-FR\",\"@id\":\"https:\\\/\\\/excel4med.eu\\\/fr\\\/#\\\/schema\\\/logo\\\/image\\\/\",\"url\":\"https:\\\/\\\/excel4med.eu\\\/wp-content\\\/uploads\\\/2023\\\/04\\\/excel4med-v6-FBC02D.png\",\"contentUrl\":\"https:\\\/\\\/excel4med.eu\\\/wp-content\\\/uploads\\\/2023\\\/04\\\/excel4med-v6-FBC02D.png\",\"width\":1200,\"height\":443,\"caption\":\"Excel4Med\"},\"image\":{\"@id\":\"https:\\\/\\\/excel4med.eu\\\/fr\\\/#\\\/schema\\\/logo\\\/image\\\/\"},\"sameAs\":[\"https:\\\/\\\/www.facebook.com\\\/excel4med\\\/\",\"https:\\\/\\\/x.com\\\/excel4med\",\"https:\\\/\\\/www.instagram.com\\\/excel4med\\\/\"]}]}<\/script>\n<!-- \/ Yoast SEO plugin. -->","yoast_head_json":{"title":"Articles de journaux - Excel4Med","robots":{"index":"index","follow":"follow","max-snippet":"max-snippet:-1","max-image-preview":"max-image-preview:large","max-video-preview":"max-video-preview:-1"},"canonical":"https:\/\/excel4med.eu\/fr\/publications-de-la-revue\/","og_locale":"fr_FR","og_type":"article","og_title":"Articles de journaux - Excel4Med","og_description":"Exploration de la cavitation hydrodynamique pour la valorisation des d\u00e9chets d\u2019agrumes \u00e0 Malte : de l\u2019am\u00e9lioration des boissons \u00e0 la suppression du germination des pommes de terre et \u00e0 la d\u00e9pollution de l\u2019eau Auteur(s) : Georgios Psakis, Frederick Lia, Vasilis P. Valdramidis et Ruben Gatt. Publi\u00e9 dans : Front. Chem., 27 mai 2024, Sec. Green&hellip;","og_url":"https:\/\/excel4med.eu\/fr\/publications-de-la-revue\/","og_site_name":"Excel4Med","article_publisher":"https:\/\/www.facebook.com\/excel4med\/","article_modified_time":"2025-09-30T09:27:43+00:00","twitter_card":"summary_large_image","twitter_site":"@excel4med","twitter_misc":{"Dur\u00e9e de lecture estim\u00e9e":"1 minute"},"schema":{"@context":"https:\/\/schema.org","@graph":[{"@type":"WebPage","@id":"https:\/\/excel4med.eu\/fr\/publications-de-la-revue\/","url":"https:\/\/excel4med.eu\/fr\/publications-de-la-revue\/","name":"Articles de journaux - Excel4Med","isPartOf":{"@id":"https:\/\/excel4med.eu\/fr\/#website"},"datePublished":"2025-02-17T09:58:27+00:00","dateModified":"2025-09-30T09:27:43+00:00","breadcrumb":{"@id":"https:\/\/excel4med.eu\/fr\/publications-de-la-revue\/#breadcrumb"},"inLanguage":"fr-FR","potentialAction":[{"@type":"ReadAction","target":["https:\/\/excel4med.eu\/fr\/publications-de-la-revue\/"]}]},{"@type":"BreadcrumbList","@id":"https:\/\/excel4med.eu\/fr\/publications-de-la-revue\/#breadcrumb","itemListElement":[{"@type":"ListItem","position":1,"name":"Home","item":"https:\/\/excel4med.eu\/fr\/accueil\/"},{"@type":"ListItem","position":2,"name":"Articles de journaux"}]},{"@type":"WebSite","@id":"https:\/\/excel4med.eu\/fr\/#website","url":"https:\/\/excel4med.eu\/fr\/","name":"Excel4Med","description":"","publisher":{"@id":"https:\/\/excel4med.eu\/fr\/#organization"},"potentialAction":[{"@type":"SearchAction","target":{"@type":"EntryPoint","urlTemplate":"https:\/\/excel4med.eu\/fr\/?s={search_term_string}"},"query-input":{"@type":"PropertyValueSpecification","valueRequired":true,"valueName":"search_term_string"}}],"inLanguage":"fr-FR"},{"@type":"Organization","@id":"https:\/\/excel4med.eu\/fr\/#organization","name":"Excel4Med","url":"https:\/\/excel4med.eu\/fr\/","logo":{"@type":"ImageObject","inLanguage":"fr-FR","@id":"https:\/\/excel4med.eu\/fr\/#\/schema\/logo\/image\/","url":"https:\/\/excel4med.eu\/wp-content\/uploads\/2023\/04\/excel4med-v6-FBC02D.png","contentUrl":"https:\/\/excel4med.eu\/wp-content\/uploads\/2023\/04\/excel4med-v6-FBC02D.png","width":1200,"height":443,"caption":"Excel4Med"},"image":{"@id":"https:\/\/excel4med.eu\/fr\/#\/schema\/logo\/image\/"},"sameAs":["https:\/\/www.facebook.com\/excel4med\/","https:\/\/x.com\/excel4med","https:\/\/www.instagram.com\/excel4med\/"]}]}},"_links":{"self":[{"href":"https:\/\/excel4med.eu\/fr\/wp-json\/wp\/v2\/pages\/10030","targetHints":{"allow":["GET"]}}],"collection":[{"href":"https:\/\/excel4med.eu\/fr\/wp-json\/wp\/v2\/pages"}],"about":[{"href":"https:\/\/excel4med.eu\/fr\/wp-json\/wp\/v2\/types\/page"}],"author":[{"embeddable":true,"href":"https:\/\/excel4med.eu\/fr\/wp-json\/wp\/v2\/users\/1"}],"replies":[{"embeddable":true,"href":"https:\/\/excel4med.eu\/fr\/wp-json\/wp\/v2\/comments?post=10030"}],"version-history":[{"count":11,"href":"https:\/\/excel4med.eu\/fr\/wp-json\/wp\/v2\/pages\/10030\/revisions"}],"predecessor-version":[{"id":12400,"href":"https:\/\/excel4med.eu\/fr\/wp-json\/wp\/v2\/pages\/10030\/revisions\/12400"}],"wp:attachment":[{"href":"https:\/\/excel4med.eu\/fr\/wp-json\/wp\/v2\/media?parent=10030"}],"curies":[{"name":"wp","href":"https:\/\/api.w.org\/{rel}","templated":true}]}}