{"id":9902,"date":"2023-04-29T16:21:21","date_gmt":"2023-04-29T16:21:21","guid":{"rendered":"https:\/\/excel4med.eu\/el-proyecto\/paquetes-de-trabajo\/"},"modified":"2025-05-20T12:00:06","modified_gmt":"2025-05-20T12:00:06","slug":"paquetes-de-trabajo","status":"publish","type":"page","link":"https:\/\/excel4med.eu\/es\/el-proyecto\/paquetes-de-trabajo\/","title":{"rendered":"Paquetes de trabajo"},"content":{"rendered":"\t\t<div data-elementor-type=\"wp-page\" data-elementor-id=\"9902\" class=\"elementor elementor-9902 elementor-6195\" data-elementor-post-type=\"page\">\n\t\t\t\t<div class=\"elementor-element elementor-element-9ec406f e-flex e-con-boxed e-con e-parent\" data-id=\"9ec406f\" data-element_type=\"container\" data-e-type=\"container\">\n\t\t\t\t\t<div class=\"e-con-inner\">\n\t\t\t\t<div class=\"elementor-element elementor-element-78dbcdd elementor-widget elementor-widget-spacer\" data-id=\"78dbcdd\" data-element_type=\"widget\" data-e-type=\"widget\" data-widget_type=\"spacer.default\">\n\t\t\t\t<div class=\"elementor-widget-container\">\n\t\t\t\t\t\t\t<div class=\"elementor-spacer\">\n\t\t\t<div class=\"elementor-spacer-inner\"><\/div>\n\t\t<\/div>\n\t\t\t\t\t\t<\/div>\n\t\t\t\t<\/div>\n\t\t\t\t<div class=\"elementor-element elementor-element-d1a2fa6 elementor-widget elementor-widget-heading\" data-id=\"d1a2fa6\" data-element_type=\"widget\" data-e-type=\"widget\" data-widget_type=\"heading.default\">\n\t\t\t\t<div class=\"elementor-widget-container\">\n\t\t\t\t\t<h3 class=\"elementor-heading-title elementor-size-medium\">WP1- Gesti\u00f3n<\/h3>\t\t\t\t<\/div>\n\t\t\t\t<\/div>\n\t\t\t\t<div class=\"elementor-element elementor-element-a6549e1 elementor-widget-divider--view-line elementor-widget elementor-widget-divider\" data-id=\"a6549e1\" data-element_type=\"widget\" data-e-type=\"widget\" data-widget_type=\"divider.default\">\n\t\t\t\t<div class=\"elementor-widget-container\">\n\t\t\t\t\t\t\t<div class=\"elementor-divider\">\n\t\t\t<span class=\"elementor-divider-separator\">\n\t\t\t\t\t\t<\/span>\n\t\t<\/div>\n\t\t\t\t\t\t<\/div>\n\t\t\t\t<\/div>\n\t\t\t\t<div class=\"elementor-element elementor-element-8d119bf elementor-widget elementor-widget-text-editor\" data-id=\"8d119bf\" data-element_type=\"widget\" data-e-type=\"widget\" data-widget_type=\"text-editor.default\">\n\t\t\t\t<div class=\"elementor-widget-container\">\n\t\t\t\t\t\t\t\t\t<p>Los principales objetivos del primer paquete de trabajo son garantizar que el proyecto alcance sus objetivos dentro del presupuesto, de acuerdo con el calendario predefinido; y gestionar las cuestiones legales, financieras y administrativas del proyecto y del consorcio, de acuerdo con las normas de la CE (por ejemplo, calidad, gesti\u00f3n financiera, etc.). Adem\u00e1s, garantiza la coordinaci\u00f3n entre los miembros del consorcio y entre las actividades, especialmente teniendo en cuenta la complejidad del proyecto, as\u00ed como desarrolla una estrategia concreta para la gesti\u00f3n de los datos. <\/p>\t\t\t\t\t\t\t\t<\/div>\n\t\t\t\t<\/div>\n\t\t\t\t\t<\/div>\n\t\t\t\t<\/div>\n\t\t<div class=\"elementor-element elementor-element-fe3c0c9 e-flex e-con-boxed e-con e-parent\" data-id=\"fe3c0c9\" data-element_type=\"container\" data-e-type=\"container\">\n\t\t\t\t\t<div class=\"e-con-inner\">\n\t\t\t\t<div class=\"elementor-element elementor-element-9b36b80 elementor-widget elementor-widget-spacer\" data-id=\"9b36b80\" data-element_type=\"widget\" data-e-type=\"widget\" data-widget_type=\"spacer.default\">\n\t\t\t\t<div class=\"elementor-widget-container\">\n\t\t\t\t\t\t\t<div class=\"elementor-spacer\">\n\t\t\t<div class=\"elementor-spacer-inner\"><\/div>\n\t\t<\/div>\n\t\t\t\t\t\t<\/div>\n\t\t\t\t<\/div>\n\t\t\t\t<div class=\"elementor-element elementor-element-d01ead6 elementor-widget elementor-widget-heading\" data-id=\"d01ead6\" data-element_type=\"widget\" data-e-type=\"widget\" data-widget_type=\"heading.default\">\n\t\t\t\t<div class=\"elementor-widget-container\">\n\t\t\t\t\t<h3 class=\"elementor-heading-title elementor-size-medium\">WP2- Estrategia conjunta transfronteriza de I+I alineada con las prioridades estrat\u00e9gicas<\/h3>\t\t\t\t<\/div>\n\t\t\t\t<\/div>\n\t\t\t\t<div class=\"elementor-element elementor-element-6cfd704 elementor-widget-divider--view-line elementor-widget elementor-widget-divider\" data-id=\"6cfd704\" data-element_type=\"widget\" data-e-type=\"widget\" data-widget_type=\"divider.default\">\n\t\t\t\t<div class=\"elementor-widget-container\">\n\t\t\t\t\t\t\t<div class=\"elementor-divider\">\n\t\t\t<span class=\"elementor-divider-separator\">\n\t\t\t\t\t\t<\/span>\n\t\t<\/div>\n\t\t\t\t\t\t<\/div>\n\t\t\t\t<\/div>\n\t\t\t\t<div class=\"elementor-element elementor-element-1ecf954 elementor-widget elementor-widget-text-editor\" data-id=\"1ecf954\" data-element_type=\"widget\" data-e-type=\"widget\" data-widget_type=\"text-editor.default\">\n\t\t\t\t<div class=\"elementor-widget-container\">\n\t\t\t\t\t\t\t\t\t<p>Los objetivos de este paquete de trabajo son establecer un mapa perceptivo de los comportamientos de los consumidores, los h\u00e1bitos de compra y el desperdicio alimentario, identificar los cuellos de botella para la difusi\u00f3n de la innovaci\u00f3n dentro de las cadenas de valor, las limitaciones y oportunidades de los modelos empresariales existentes y proporcionar a las partes interesadas &#8220;Living Labs&#8221; o laboratorios vivos adaptados e innovadores, como base de un Ecosistema de Innovaci\u00f3n interactivo, participativo y abierto para mejorar los modelos organizativos y la gobernanza de la cadena de valor.<\/p>\t\t\t\t\t\t\t\t<\/div>\n\t\t\t\t<\/div>\n\t\t\t\t\t<\/div>\n\t\t\t\t<\/div>\n\t\t<div class=\"elementor-element elementor-element-174b0d8 e-flex e-con-boxed e-con e-parent\" data-id=\"174b0d8\" data-element_type=\"container\" data-e-type=\"container\">\n\t\t\t\t\t<div class=\"e-con-inner\">\n\t\t\t\t<div class=\"elementor-element elementor-element-09316ba elementor-widget elementor-widget-spacer\" data-id=\"09316ba\" data-element_type=\"widget\" data-e-type=\"widget\" data-widget_type=\"spacer.default\">\n\t\t\t\t<div class=\"elementor-widget-container\">\n\t\t\t\t\t\t\t<div class=\"elementor-spacer\">\n\t\t\t<div class=\"elementor-spacer-inner\"><\/div>\n\t\t<\/div>\n\t\t\t\t\t\t<\/div>\n\t\t\t\t<\/div>\n\t\t\t\t<div class=\"elementor-element elementor-element-9f3464a elementor-widget elementor-widget-heading\" data-id=\"9f3464a\" data-element_type=\"widget\" data-e-type=\"widget\" data-widget_type=\"heading.default\">\n\t\t\t\t<div class=\"elementor-widget-container\">\n\t\t\t\t\t<h3 class=\"elementor-heading-title elementor-size-medium\">WP3- Proyecto conjunto de I+I que consolida los v\u00ednculos entre el mundo acad\u00e9mico y el empresarial<\/h3>\t\t\t\t<\/div>\n\t\t\t\t<\/div>\n\t\t\t\t<div class=\"elementor-element elementor-element-ab829a4 elementor-widget-divider--view-line elementor-widget elementor-widget-divider\" data-id=\"ab829a4\" data-element_type=\"widget\" data-e-type=\"widget\" data-widget_type=\"divider.default\">\n\t\t\t\t<div class=\"elementor-widget-container\">\n\t\t\t\t\t\t\t<div class=\"elementor-divider\">\n\t\t\t<span class=\"elementor-divider-separator\">\n\t\t\t\t\t\t<\/span>\n\t\t<\/div>\n\t\t\t\t\t\t<\/div>\n\t\t\t\t<\/div>\n\t\t\t\t<div class=\"elementor-element elementor-element-18adf85 elementor-widget elementor-widget-text-editor\" data-id=\"18adf85\" data-element_type=\"widget\" data-e-type=\"widget\" data-widget_type=\"text-editor.default\">\n\t\t\t\t<div class=\"elementor-widget-container\">\n\t\t\t\t\t\t\t\t\t<p>El objetivo del paquete de trabajo 3 es producir nuevos productos alimentarios de valor a\u00f1adido, proponiendo nuevas estrategias para la extracci\u00f3n ecol\u00f3gica de la granada y los c\u00edtricos y sus subproductos, as\u00ed como establecer tecnolog\u00edas ecol\u00f3gicas para la conversi\u00f3n de la descomposici\u00f3n del az\u00facar del zumo.<\/p>\t\t\t\t\t\t\t\t<\/div>\n\t\t\t\t<\/div>\n\t\t\t\t\t<\/div>\n\t\t\t\t<\/div>\n\t\t<div class=\"elementor-element elementor-element-2f7225b e-flex e-con-boxed e-con e-parent\" data-id=\"2f7225b\" data-element_type=\"container\" data-e-type=\"container\">\n\t\t\t\t\t<div class=\"e-con-inner\">\n\t\t\t\t<div class=\"elementor-element elementor-element-047dd18 elementor-widget elementor-widget-spacer\" data-id=\"047dd18\" data-element_type=\"widget\" data-e-type=\"widget\" data-widget_type=\"spacer.default\">\n\t\t\t\t<div class=\"elementor-widget-container\">\n\t\t\t\t\t\t\t<div class=\"elementor-spacer\">\n\t\t\t<div class=\"elementor-spacer-inner\"><\/div>\n\t\t<\/div>\n\t\t\t\t\t\t<\/div>\n\t\t\t\t<\/div>\n\t\t\t\t<div class=\"elementor-element elementor-element-0661065 elementor-widget elementor-widget-heading\" data-id=\"0661065\" data-element_type=\"widget\" data-e-type=\"widget\" data-widget_type=\"heading.default\">\n\t\t\t\t<div class=\"elementor-widget-container\">\n\t\t\t\t\t<h3 class=\"elementor-heading-title elementor-size-medium\">WP4- Plan de acci\u00f3n e inversi\u00f3n para la aplicaci\u00f3n de la estrategia<\/h3>\t\t\t\t<\/div>\n\t\t\t\t<\/div>\n\t\t\t\t<div class=\"elementor-element elementor-element-04597a0 elementor-widget-divider--view-line elementor-widget elementor-widget-divider\" data-id=\"04597a0\" data-element_type=\"widget\" data-e-type=\"widget\" data-widget_type=\"divider.default\">\n\t\t\t\t<div class=\"elementor-widget-container\">\n\t\t\t\t\t\t\t<div class=\"elementor-divider\">\n\t\t\t<span class=\"elementor-divider-separator\">\n\t\t\t\t\t\t<\/span>\n\t\t<\/div>\n\t\t\t\t\t\t<\/div>\n\t\t\t\t<\/div>\n\t\t\t\t<div class=\"elementor-element elementor-element-f6cc4be elementor-widget elementor-widget-text-editor\" data-id=\"f6cc4be\" data-element_type=\"widget\" data-e-type=\"widget\" data-widget_type=\"text-editor.default\">\n\t\t\t\t<div class=\"elementor-widget-container\">\n\t\t\t\t\t\t\t\t\t<p>Los objetivos de este paquete de trabajo son llevar a cabo el an\u00e1lisis de comercializaci\u00f3n y viabilidad para identificar si existe un mercado para la propia tecnolog\u00eda, o para otras tecnolog\u00edas, productos y servicios que puedan derivarse de ella. El objetivo principal es evaluar las necesidades potencialmente relevantes, caracterizadas por segmentos de clientes y ubicaci\u00f3n geogr\u00e1fica, y la facilidad de acceso al mercado potencial, centr\u00e1ndose en la intensidad de la competencia, las barreras normativas y fiscales, y la disposici\u00f3n de los clientes. <\/p>\t\t\t\t\t\t\t\t<\/div>\n\t\t\t\t<\/div>\n\t\t\t\t\t<\/div>\n\t\t\t\t<\/div>\n\t\t<div class=\"elementor-element elementor-element-c9fd1a9 e-flex e-con-boxed e-con e-parent\" data-id=\"c9fd1a9\" data-element_type=\"container\" data-e-type=\"container\">\n\t\t\t\t\t<div class=\"e-con-inner\">\n\t\t\t\t<div class=\"elementor-element elementor-element-05745b7 elementor-widget elementor-widget-spacer\" data-id=\"05745b7\" data-element_type=\"widget\" data-e-type=\"widget\" data-widget_type=\"spacer.default\">\n\t\t\t\t<div class=\"elementor-widget-container\">\n\t\t\t\t\t\t\t<div class=\"elementor-spacer\">\n\t\t\t<div class=\"elementor-spacer-inner\"><\/div>\n\t\t<\/div>\n\t\t\t\t\t\t<\/div>\n\t\t\t\t<\/div>\n\t\t\t\t<div class=\"elementor-element elementor-element-68fd4b4 elementor-widget elementor-widget-heading\" data-id=\"68fd4b4\" data-element_type=\"widget\" data-e-type=\"widget\" data-widget_type=\"heading.default\">\n\t\t\t\t<div class=\"elementor-widget-container\">\n\t\t\t\t\t<h3 class=\"elementor-heading-title elementor-size-medium\">WP5- Dise\u00f1o conceptual y planificaci\u00f3n previa de pilotos y demostradores<\/h3>\t\t\t\t<\/div>\n\t\t\t\t<\/div>\n\t\t\t\t<div class=\"elementor-element elementor-element-261cba9 elementor-widget-divider--view-line elementor-widget elementor-widget-divider\" data-id=\"261cba9\" data-element_type=\"widget\" data-e-type=\"widget\" data-widget_type=\"divider.default\">\n\t\t\t\t<div class=\"elementor-widget-container\">\n\t\t\t\t\t\t\t<div class=\"elementor-divider\">\n\t\t\t<span class=\"elementor-divider-separator\">\n\t\t\t\t\t\t<\/span>\n\t\t<\/div>\n\t\t\t\t\t\t<\/div>\n\t\t\t\t<\/div>\n\t\t\t\t<div class=\"elementor-element elementor-element-2e52d8c elementor-widget elementor-widget-text-editor\" data-id=\"2e52d8c\" data-element_type=\"widget\" data-e-type=\"widget\" data-widget_type=\"text-editor.default\">\n\t\t\t\t<div class=\"elementor-widget-container\">\n\t\t\t\t\t\t\t\t\tEn el paquete de trabajo 5 se desarrollar\u00e1n actividades a escala piloto para cada tecnolog\u00eda en dos cadenas de suministro (c\u00edtricos y granada) y una red de cadenas de distribuci\u00f3n. El objetivo principal es elaborar recomendaciones para mejorar los instrumentos pol\u00edticos de promoci\u00f3n de las tecnolog\u00edas verdes en la cadena alimentaria mediterr\u00e1nea. \t\t\t\t\t\t\t\t<\/div>\n\t\t\t\t<\/div>\n\t\t\t\t\t<\/div>\n\t\t\t\t<\/div>\n\t\t<div class=\"elementor-element elementor-element-6945bb5 e-flex e-con-boxed e-con e-parent\" data-id=\"6945bb5\" data-element_type=\"container\" data-e-type=\"container\">\n\t\t\t\t\t<div class=\"e-con-inner\">\n\t\t\t\t<div class=\"elementor-element elementor-element-b42fa86 elementor-widget elementor-widget-spacer\" data-id=\"b42fa86\" data-element_type=\"widget\" data-e-type=\"widget\" data-widget_type=\"spacer.default\">\n\t\t\t\t<div class=\"elementor-widget-container\">\n\t\t\t\t\t\t\t<div class=\"elementor-spacer\">\n\t\t\t<div class=\"elementor-spacer-inner\"><\/div>\n\t\t<\/div>\n\t\t\t\t\t\t<\/div>\n\t\t\t\t<\/div>\n\t\t\t\t<div class=\"elementor-element elementor-element-91a0f09 elementor-widget elementor-widget-heading\" data-id=\"91a0f09\" data-element_type=\"widget\" data-e-type=\"widget\" data-widget_type=\"heading.default\">\n\t\t\t\t<div class=\"elementor-widget-container\">\n\t\t\t\t\t<h3 class=\"elementor-heading-title elementor-size-medium\">WP6- Medida de acompa\u00f1amiento - difusi\u00f3n<\/h3>\t\t\t\t<\/div>\n\t\t\t\t<\/div>\n\t\t\t\t<div class=\"elementor-element elementor-element-8909ff5 elementor-widget-divider--view-line elementor-widget elementor-widget-divider\" data-id=\"8909ff5\" data-element_type=\"widget\" data-e-type=\"widget\" data-widget_type=\"divider.default\">\n\t\t\t\t<div class=\"elementor-widget-container\">\n\t\t\t\t\t\t\t<div class=\"elementor-divider\">\n\t\t\t<span class=\"elementor-divider-separator\">\n\t\t\t\t\t\t<\/span>\n\t\t<\/div>\n\t\t\t\t\t\t<\/div>\n\t\t\t\t<\/div>\n\t\t\t\t<div class=\"elementor-element elementor-element-c6d1a9b elementor-widget elementor-widget-text-editor\" data-id=\"c6d1a9b\" data-element_type=\"widget\" data-e-type=\"widget\" data-widget_type=\"text-editor.default\">\n\t\t\t\t<div class=\"elementor-widget-container\">\n\t\t\t\t\t\t\t\t\t<p>Los principales objetivos de este \u00faltimo paquete de trabajo son aplicar estrategias de difusi\u00f3n y comunicaci\u00f3n, as\u00ed como desarrollar nuevas actividades de formaci\u00f3n para transferir conocimientos entre sectores.<\/p>\t\t\t\t\t\t\t\t<\/div>\n\t\t\t\t<\/div>\n\t\t\t\t\t<\/div>\n\t\t\t\t<\/div>\n\t\t<div class=\"elementor-element elementor-element-ef76619 e-flex e-con-boxed e-con e-parent\" data-id=\"ef76619\" data-element_type=\"container\" data-e-type=\"container\">\n\t\t\t\t\t<div class=\"e-con-inner\">\n\t\t\t\t<div class=\"elementor-element elementor-element-30e08ec elementor-widget elementor-widget-spacer\" data-id=\"30e08ec\" data-element_type=\"widget\" data-e-type=\"widget\" data-widget_type=\"spacer.default\">\n\t\t\t\t<div class=\"elementor-widget-container\">\n\t\t\t\t\t\t\t<div class=\"elementor-spacer\">\n\t\t\t<div class=\"elementor-spacer-inner\"><\/div>\n\t\t<\/div>\n\t\t\t\t\t\t<\/div>\n\t\t\t\t<\/div>\n\t\t\t\t<div class=\"elementor-element elementor-element-2a338bc elementor-headline--style-highlight elementor-widget elementor-widget-animated-headline\" data-id=\"2a338bc\" data-element_type=\"widget\" data-e-type=\"widget\" data-settings=\"{&quot;highlighted_text&quot;:&quot;Espec\\u00edficos&quot;,&quot;headline_style&quot;:&quot;highlight&quot;,&quot;marker&quot;:&quot;circle&quot;,&quot;loop&quot;:&quot;yes&quot;,&quot;highlight_animation_duration&quot;:1200,&quot;highlight_iteration_delay&quot;:8000}\" data-widget_type=\"animated-headline.default\">\n\t\t\t\t<div class=\"elementor-widget-container\">\n\t\t\t\t\t\t\t\t<a href=\"https:\/\/excel4med.eu\/es\/?page_id=9905\">\n\n\t\t\t\t\t<p class=\"elementor-headline\">\n\t\t\t\t\t<span class=\"elementor-headline-plain-text elementor-headline-text-wrapper\">Conoce Nuestros Objetivos<\/span>\n\t\t\t\t<span class=\"elementor-headline-dynamic-wrapper elementor-headline-text-wrapper\">\n\t\t\t\t\t<span class=\"elementor-headline-dynamic-text elementor-headline-text-active\">Espec\u00edficos<\/span>\n\t\t\t\t<\/span>\n\t\t\t\t\t<span class=\"elementor-headline-plain-text elementor-headline-text-wrapper\">  aqu\u00ed<\/span>\n\t\t\t\t\t<\/p>\n\t\t<\/a>\t\t\t\t<\/div>\n\t\t\t\t<\/div>\n\t\t\t\t<div class=\"elementor-element elementor-element-0fd1f17 elementor-widget elementor-widget-spacer\" data-id=\"0fd1f17\" data-element_type=\"widget\" data-e-type=\"widget\" data-widget_type=\"spacer.default\">\n\t\t\t\t<div class=\"elementor-widget-container\">\n\t\t\t\t\t\t\t<div class=\"elementor-spacer\">\n\t\t\t<div class=\"elementor-spacer-inner\"><\/div>\n\t\t<\/div>\n\t\t\t\t\t\t<\/div>\n\t\t\t\t<\/div>\n\t\t\t\t\t<\/div>\n\t\t\t\t<\/div>\n\t\t\t\t<\/div>\n\t\t","protected":false},"excerpt":{"rendered":"<p>WP1- Gesti\u00f3n Los principales objetivos del primer paquete de trabajo son garantizar que el proyecto alcance sus objetivos dentro del presupuesto, de acuerdo con el calendario predefinido; y gestionar las cuestiones legales, financieras y administrativas del proyecto y del consorcio, de acuerdo con las normas de la CE (por ejemplo, calidad, gesti\u00f3n financiera, etc.). Adem\u00e1s,&hellip;<\/p>\n","protected":false},"author":1,"featured_media":0,"parent":9895,"menu_order":0,"comment_status":"closed","ping_status":"closed","template":"","meta":{"footnotes":""},"class_list":["post-9902","page","type-page","status-publish","hentry"],"yoast_head":"<!-- This site is optimized with the Yoast SEO plugin v27.3 - https:\/\/yoast.com\/product\/yoast-seo-wordpress\/ -->\n<title>Paquetes de trabajo - Excel4Med<\/title>\n<meta name=\"robots\" content=\"index, follow, max-snippet:-1, max-image-preview:large, max-video-preview:-1\" \/>\n<link rel=\"canonical\" href=\"https:\/\/excel4med.eu\/es\/el-proyecto\/paquetes-de-trabajo\/\" \/>\n<meta property=\"og:locale\" content=\"es_ES\" \/>\n<meta property=\"og:type\" content=\"article\" \/>\n<meta property=\"og:title\" content=\"Paquetes de trabajo - Excel4Med\" \/>\n<meta property=\"og:description\" content=\"WP1- Gesti\u00f3n Los principales objetivos del primer paquete de trabajo son garantizar que el proyecto alcance sus objetivos dentro del presupuesto, de acuerdo con el calendario predefinido; y gestionar las cuestiones legales, financieras y administrativas del proyecto y del consorcio, de acuerdo con las normas de la CE (por ejemplo, calidad, gesti\u00f3n financiera, etc.). Adem\u00e1s,&hellip;\" \/>\n<meta property=\"og:url\" content=\"https:\/\/excel4med.eu\/es\/el-proyecto\/paquetes-de-trabajo\/\" \/>\n<meta property=\"og:site_name\" content=\"Excel4Med\" \/>\n<meta property=\"article:publisher\" content=\"https:\/\/www.facebook.com\/excel4med\/\" \/>\n<meta property=\"article:modified_time\" content=\"2025-05-20T12:00:06+00:00\" \/>\n<meta name=\"twitter:card\" content=\"summary_large_image\" \/>\n<meta name=\"twitter:site\" content=\"@excel4med\" \/>\n<meta name=\"twitter:label1\" content=\"Tiempo de lectura\" \/>\n\t<meta name=\"twitter:data1\" content=\"2 minutos\" \/>\n<script type=\"application\/ld+json\" class=\"yoast-schema-graph\">{\"@context\":\"https:\\\/\\\/schema.org\",\"@graph\":[{\"@type\":\"WebPage\",\"@id\":\"https:\\\/\\\/excel4med.eu\\\/es\\\/el-proyecto\\\/paquetes-de-trabajo\\\/\",\"url\":\"https:\\\/\\\/excel4med.eu\\\/es\\\/el-proyecto\\\/paquetes-de-trabajo\\\/\",\"name\":\"Paquetes de trabajo - Excel4Med\",\"isPartOf\":{\"@id\":\"https:\\\/\\\/excel4med.eu\\\/es\\\/#website\"},\"datePublished\":\"2023-04-29T16:21:21+00:00\",\"dateModified\":\"2025-05-20T12:00:06+00:00\",\"breadcrumb\":{\"@id\":\"https:\\\/\\\/excel4med.eu\\\/es\\\/el-proyecto\\\/paquetes-de-trabajo\\\/#breadcrumb\"},\"inLanguage\":\"es\",\"potentialAction\":[{\"@type\":\"ReadAction\",\"target\":[\"https:\\\/\\\/excel4med.eu\\\/es\\\/el-proyecto\\\/paquetes-de-trabajo\\\/\"]}]},{\"@type\":\"BreadcrumbList\",\"@id\":\"https:\\\/\\\/excel4med.eu\\\/es\\\/el-proyecto\\\/paquetes-de-trabajo\\\/#breadcrumb\",\"itemListElement\":[{\"@type\":\"ListItem\",\"position\":1,\"name\":\"Home\",\"item\":\"https:\\\/\\\/excel4med.eu\\\/es\\\/\"},{\"@type\":\"ListItem\",\"position\":2,\"name\":\"El proyecto\",\"item\":\"https:\\\/\\\/excel4med.eu\\\/es\\\/?page_id=9895\"},{\"@type\":\"ListItem\",\"position\":3,\"name\":\"Paquetes de trabajo\"}]},{\"@type\":\"WebSite\",\"@id\":\"https:\\\/\\\/excel4med.eu\\\/es\\\/#website\",\"url\":\"https:\\\/\\\/excel4med.eu\\\/es\\\/\",\"name\":\"Excel4Med\",\"description\":\"\",\"publisher\":{\"@id\":\"https:\\\/\\\/excel4med.eu\\\/es\\\/#organization\"},\"potentialAction\":[{\"@type\":\"SearchAction\",\"target\":{\"@type\":\"EntryPoint\",\"urlTemplate\":\"https:\\\/\\\/excel4med.eu\\\/es\\\/?s={search_term_string}\"},\"query-input\":{\"@type\":\"PropertyValueSpecification\",\"valueRequired\":true,\"valueName\":\"search_term_string\"}}],\"inLanguage\":\"es\"},{\"@type\":\"Organization\",\"@id\":\"https:\\\/\\\/excel4med.eu\\\/es\\\/#organization\",\"name\":\"Excel4Med\",\"url\":\"https:\\\/\\\/excel4med.eu\\\/es\\\/\",\"logo\":{\"@type\":\"ImageObject\",\"inLanguage\":\"es\",\"@id\":\"https:\\\/\\\/excel4med.eu\\\/es\\\/#\\\/schema\\\/logo\\\/image\\\/\",\"url\":\"https:\\\/\\\/excel4med.eu\\\/wp-content\\\/uploads\\\/2023\\\/04\\\/excel4med-v6-FBC02D.png\",\"contentUrl\":\"https:\\\/\\\/excel4med.eu\\\/wp-content\\\/uploads\\\/2023\\\/04\\\/excel4med-v6-FBC02D.png\",\"width\":1200,\"height\":443,\"caption\":\"Excel4Med\"},\"image\":{\"@id\":\"https:\\\/\\\/excel4med.eu\\\/es\\\/#\\\/schema\\\/logo\\\/image\\\/\"},\"sameAs\":[\"https:\\\/\\\/www.facebook.com\\\/excel4med\\\/\",\"https:\\\/\\\/x.com\\\/excel4med\",\"https:\\\/\\\/www.instagram.com\\\/excel4med\\\/\"]}]}<\/script>\n<!-- \/ Yoast SEO plugin. -->","yoast_head_json":{"title":"Paquetes de trabajo - Excel4Med","robots":{"index":"index","follow":"follow","max-snippet":"max-snippet:-1","max-image-preview":"max-image-preview:large","max-video-preview":"max-video-preview:-1"},"canonical":"https:\/\/excel4med.eu\/es\/el-proyecto\/paquetes-de-trabajo\/","og_locale":"es_ES","og_type":"article","og_title":"Paquetes de trabajo - Excel4Med","og_description":"WP1- Gesti\u00f3n Los principales objetivos del primer paquete de trabajo son garantizar que el proyecto alcance sus objetivos dentro del presupuesto, de acuerdo con el calendario predefinido; y gestionar las cuestiones legales, financieras y administrativas del proyecto y del consorcio, de acuerdo con las normas de la CE (por ejemplo, calidad, gesti\u00f3n financiera, etc.). Adem\u00e1s,&hellip;","og_url":"https:\/\/excel4med.eu\/es\/el-proyecto\/paquetes-de-trabajo\/","og_site_name":"Excel4Med","article_publisher":"https:\/\/www.facebook.com\/excel4med\/","article_modified_time":"2025-05-20T12:00:06+00:00","twitter_card":"summary_large_image","twitter_site":"@excel4med","twitter_misc":{"Tiempo de lectura":"2 minutos"},"schema":{"@context":"https:\/\/schema.org","@graph":[{"@type":"WebPage","@id":"https:\/\/excel4med.eu\/es\/el-proyecto\/paquetes-de-trabajo\/","url":"https:\/\/excel4med.eu\/es\/el-proyecto\/paquetes-de-trabajo\/","name":"Paquetes de trabajo - Excel4Med","isPartOf":{"@id":"https:\/\/excel4med.eu\/es\/#website"},"datePublished":"2023-04-29T16:21:21+00:00","dateModified":"2025-05-20T12:00:06+00:00","breadcrumb":{"@id":"https:\/\/excel4med.eu\/es\/el-proyecto\/paquetes-de-trabajo\/#breadcrumb"},"inLanguage":"es","potentialAction":[{"@type":"ReadAction","target":["https:\/\/excel4med.eu\/es\/el-proyecto\/paquetes-de-trabajo\/"]}]},{"@type":"BreadcrumbList","@id":"https:\/\/excel4med.eu\/es\/el-proyecto\/paquetes-de-trabajo\/#breadcrumb","itemListElement":[{"@type":"ListItem","position":1,"name":"Home","item":"https:\/\/excel4med.eu\/es\/"},{"@type":"ListItem","position":2,"name":"El proyecto","item":"https:\/\/excel4med.eu\/es\/?page_id=9895"},{"@type":"ListItem","position":3,"name":"Paquetes de trabajo"}]},{"@type":"WebSite","@id":"https:\/\/excel4med.eu\/es\/#website","url":"https:\/\/excel4med.eu\/es\/","name":"Excel4Med","description":"","publisher":{"@id":"https:\/\/excel4med.eu\/es\/#organization"},"potentialAction":[{"@type":"SearchAction","target":{"@type":"EntryPoint","urlTemplate":"https:\/\/excel4med.eu\/es\/?s={search_term_string}"},"query-input":{"@type":"PropertyValueSpecification","valueRequired":true,"valueName":"search_term_string"}}],"inLanguage":"es"},{"@type":"Organization","@id":"https:\/\/excel4med.eu\/es\/#organization","name":"Excel4Med","url":"https:\/\/excel4med.eu\/es\/","logo":{"@type":"ImageObject","inLanguage":"es","@id":"https:\/\/excel4med.eu\/es\/#\/schema\/logo\/image\/","url":"https:\/\/excel4med.eu\/wp-content\/uploads\/2023\/04\/excel4med-v6-FBC02D.png","contentUrl":"https:\/\/excel4med.eu\/wp-content\/uploads\/2023\/04\/excel4med-v6-FBC02D.png","width":1200,"height":443,"caption":"Excel4Med"},"image":{"@id":"https:\/\/excel4med.eu\/es\/#\/schema\/logo\/image\/"},"sameAs":["https:\/\/www.facebook.com\/excel4med\/","https:\/\/x.com\/excel4med","https:\/\/www.instagram.com\/excel4med\/"]}]}},"_links":{"self":[{"href":"https:\/\/excel4med.eu\/es\/wp-json\/wp\/v2\/pages\/9902","targetHints":{"allow":["GET"]}}],"collection":[{"href":"https:\/\/excel4med.eu\/es\/wp-json\/wp\/v2\/pages"}],"about":[{"href":"https:\/\/excel4med.eu\/es\/wp-json\/wp\/v2\/types\/page"}],"author":[{"embeddable":true,"href":"https:\/\/excel4med.eu\/es\/wp-json\/wp\/v2\/users\/1"}],"replies":[{"embeddable":true,"href":"https:\/\/excel4med.eu\/es\/wp-json\/wp\/v2\/comments?post=9902"}],"version-history":[{"count":6,"href":"https:\/\/excel4med.eu\/es\/wp-json\/wp\/v2\/pages\/9902\/revisions"}],"predecessor-version":[{"id":11088,"href":"https:\/\/excel4med.eu\/es\/wp-json\/wp\/v2\/pages\/9902\/revisions\/11088"}],"up":[{"embeddable":true,"href":"https:\/\/excel4med.eu\/es\/wp-json\/wp\/v2\/pages\/9895"}],"wp:attachment":[{"href":"https:\/\/excel4med.eu\/es\/wp-json\/wp\/v2\/media?parent=9902"}],"curies":[{"name":"wp","href":"https:\/\/api.w.org\/{rel}","templated":true}]}}