{"id":9895,"date":"2023-04-29T16:20:03","date_gmt":"2023-04-29T16:20:03","guid":{"rendered":"https:\/\/excel4med.eu\/el-proyecto\/"},"modified":"2025-05-20T12:30:33","modified_gmt":"2025-05-20T12:30:33","slug":"el-proyecto","status":"publish","type":"page","link":"https:\/\/excel4med.eu\/es\/el-proyecto\/","title":{"rendered":"El proyecto"},"content":{"rendered":"\t\t<div data-elementor-type=\"wp-page\" data-elementor-id=\"9895\" class=\"elementor elementor-9895 elementor-6191\" data-elementor-post-type=\"page\">\n\t\t\t\t<div class=\"elementor-element elementor-element-de38241 e-flex e-con-boxed e-con e-parent\" data-id=\"de38241\" data-element_type=\"container\" data-e-type=\"container\">\n\t\t\t\t\t<div class=\"e-con-inner\">\n\t\t\t\t<div class=\"elementor-element elementor-element-a300e4e elementor-widget elementor-widget-spacer\" data-id=\"a300e4e\" data-element_type=\"widget\" data-e-type=\"widget\" data-widget_type=\"spacer.default\">\n\t\t\t\t<div class=\"elementor-widget-container\">\n\t\t\t\t\t\t\t<div class=\"elementor-spacer\">\n\t\t\t<div class=\"elementor-spacer-inner\"><\/div>\n\t\t<\/div>\n\t\t\t\t\t\t<\/div>\n\t\t\t\t<\/div>\n\t\t\t\t<div class=\"elementor-element elementor-element-3b4c786 elementor-widget elementor-widget-heading\" data-id=\"3b4c786\" data-element_type=\"widget\" data-e-type=\"widget\" data-widget_type=\"heading.default\">\n\t\t\t\t<div class=\"elementor-widget-container\">\n\t\t\t\t\t<h2 class=\"elementor-heading-title elementor-size-medium\">Centro de excelencia en tecnolog\u00edas verdes: Introducci\u00f3n de ecosistemas de innovaci\u00f3n en la cadena de valor alimentaria mediterr\u00e1nea<\/h2>\t\t\t\t<\/div>\n\t\t\t\t<\/div>\n\t\t\t\t<div class=\"elementor-element elementor-element-3bf3a5a elementor-widget-divider--view-line elementor-widget elementor-widget-divider\" data-id=\"3bf3a5a\" data-element_type=\"widget\" data-e-type=\"widget\" data-widget_type=\"divider.default\">\n\t\t\t\t<div class=\"elementor-widget-container\">\n\t\t\t\t\t\t\t<div class=\"elementor-divider\">\n\t\t\t<span class=\"elementor-divider-separator\">\n\t\t\t\t\t\t<\/span>\n\t\t<\/div>\n\t\t\t\t\t\t<\/div>\n\t\t\t\t<\/div>\n\t\t\t\t\t<\/div>\n\t\t\t\t<\/div>\n\t\t<div class=\"elementor-element elementor-element-1bca11a e-flex e-con-boxed e-con e-parent\" data-id=\"1bca11a\" data-element_type=\"container\" data-e-type=\"container\">\n\t\t\t\t\t<div class=\"e-con-inner\">\n\t\t<div class=\"elementor-element elementor-element-49ea7e3 e-con-full e-flex e-con e-parent\" data-id=\"49ea7e3\" data-element_type=\"container\" data-e-type=\"container\">\n\t\t\t\t<div class=\"elementor-element elementor-element-cb5dcc8 elementor-widget elementor-widget-spacer\" data-id=\"cb5dcc8\" data-element_type=\"widget\" data-e-type=\"widget\" data-widget_type=\"spacer.default\">\n\t\t\t\t<div class=\"elementor-widget-container\">\n\t\t\t\t\t\t\t<div class=\"elementor-spacer\">\n\t\t\t<div class=\"elementor-spacer-inner\"><\/div>\n\t\t<\/div>\n\t\t\t\t\t\t<\/div>\n\t\t\t\t<\/div>\n\t\t\t\t<div class=\"elementor-element elementor-element-5e52fcb elementor-widget elementor-widget-text-editor\" data-id=\"5e52fcb\" data-element_type=\"widget\" data-e-type=\"widget\" data-widget_type=\"text-editor.default\">\n\t\t\t\t<div class=\"elementor-widget-container\">\n\t\t\t\t\t\t\t\t\t<p>La regi\u00f3n mediterr\u00e1nea ha sido reconocida desde hace mucho tiempo como un centro neur\u00e1lgico de la actividad agr\u00edcola. Con casi una cuarta parte de la mano de obra de la regi\u00f3n empleada en este sector, la agricultura ha mostrado un crecimiento prometedor en los \u00faltimos a\u00f1os. <\/p><p>El proyecto <strong>EXCEL4MED<\/strong>, financiado por el programa Horizonte Europa de la Uni\u00f3n Europea, pretende reforzar los ecosistemas de innovaci\u00f3n en el Mediterr\u00e1neo. Esto implica centrarse en la producci\u00f3n de productos alimentarios nutritivos y en la valorizaci\u00f3n de los flujos secundarios de la industria alimentaria. El proyecto se ha propuesto crear colaboraciones transfronterizas entre Grecia, Malta y Francia, con el objetivo com\u00fan de reforzar las cadenas de valor a\u00f1adido agroalimentarias de la regi\u00f3n.  <\/p><p>EXCEL4MED tiene planes ambiciosos para desarrollar ecosistemas de innovaci\u00f3n interconectados. El objetivo \u00faltimo es impulsar el desarrollo y la adopci\u00f3n de productos alimentarios nutritivos, que conduzcan a un crecimiento sostenible de la industria agr\u00edcola mediterr\u00e1nea. <\/p>\t\t\t\t\t\t\t\t<\/div>\n\t\t\t\t<\/div>\n\t\t\t\t<div class=\"elementor-element elementor-element-ff0dd59 elementor-widget elementor-widget-image\" data-id=\"ff0dd59\" data-element_type=\"widget\" data-e-type=\"widget\" data-widget_type=\"image.default\">\n\t\t\t\t<div class=\"elementor-widget-container\">\n\t\t\t\t\t\t\t\t\t\t\t\t\t\t\t<img fetchpriority=\"high\" decoding=\"async\" width=\"300\" height=\"233\" src=\"https:\/\/excel4med.eu\/wp-content\/uploads\/2023\/05\/europe-map-with-dots-300x233.jpg\" class=\"attachment-medium size-medium wp-image-9279\" alt=\"\" srcset=\"https:\/\/excel4med.eu\/wp-content\/uploads\/2023\/05\/europe-map-with-dots-300x233.jpg 300w, https:\/\/excel4med.eu\/wp-content\/uploads\/2023\/05\/europe-map-with-dots-768x597.jpg 768w, https:\/\/excel4med.eu\/wp-content\/uploads\/2023\/05\/europe-map-with-dots.jpg 1024w\" sizes=\"(max-width: 300px) 100vw, 300px\" \/>\t\t\t\t\t\t\t\t\t\t\t\t\t\t\t<\/div>\n\t\t\t\t<\/div>\n\t\t<div class=\"elementor-element elementor-element-36570de e-flex e-con-boxed e-con e-parent\" data-id=\"36570de\" data-element_type=\"container\" data-e-type=\"container\">\n\t\t\t\t\t<div class=\"e-con-inner\">\n\t\t\t\t<div class=\"elementor-element elementor-element-6d2c857 elementor-align-center elementor-widget elementor-widget-the7_button_widget\" data-id=\"6d2c857\" data-element_type=\"widget\" data-e-type=\"widget\" data-widget_type=\"the7_button_widget.default\">\n\t\t\t\t<div class=\"elementor-widget-container\">\n\t\t\t\t\t<div class=\"elementor-button-wrapper\"><a href=\"https:\/\/excel4med.eu\/es\/el-proyecto\/objetivos-especificos\/\" class=\"box-button elementor-button elementor-size-lg\">OBJETIVOS ESPEC\u00cdFICOS<i aria-hidden=\"true\" class=\"elementor-button-icon far fa-arrow-alt-circle-right\"><\/i><\/a><\/div>\t\t\t\t<\/div>\n\t\t\t\t<\/div>\n\t\t\t\t<div class=\"elementor-element elementor-element-c60aaa5 elementor-align-center elementor-widget elementor-widget-the7_button_widget\" data-id=\"c60aaa5\" data-element_type=\"widget\" data-e-type=\"widget\" data-widget_type=\"the7_button_widget.default\">\n\t\t\t\t<div class=\"elementor-widget-container\">\n\t\t\t\t\t<div class=\"elementor-button-wrapper\"><a href=\"https:\/\/excel4med.eu\/es\/el-proyecto\/paquetes-de-trabajo\/\" class=\"box-button elementor-button elementor-size-lg\">PAQUETES DE TRABAJO<i aria-hidden=\"true\" class=\"elementor-button-icon far fa-arrow-alt-circle-right\"><\/i><\/a><\/div>\t\t\t\t<\/div>\n\t\t\t\t<\/div>\n\t\t\t\t\t<\/div>\n\t\t\t\t<\/div>\n\t\t\t\t<\/div>\n\t\t<div class=\"elementor-element elementor-element-4d4f96c e-con-full e-flex e-con e-parent\" data-id=\"4d4f96c\" data-element_type=\"container\" data-e-type=\"container\" data-settings=\"{&quot;background_background&quot;:&quot;classic&quot;}\">\n\t\t\t\t<div class=\"elementor-element elementor-element-2732a50 elementor-widget__width-auto elementor-widget elementor-widget-heading\" data-id=\"2732a50\" data-element_type=\"widget\" data-e-type=\"widget\" data-widget_type=\"heading.default\">\n\t\t\t\t<div class=\"elementor-widget-container\">\n\t\t\t\t\t<h2 class=\"elementor-heading-title elementor-size-default\">Este  <\/h2>\t\t\t\t<\/div>\n\t\t\t\t<\/div>\n\t\t\t\t<div class=\"elementor-element elementor-element-8695bf5 elementor-widget__width-auto elementor-widget elementor-widget-heading\" data-id=\"8695bf5\" data-element_type=\"widget\" data-e-type=\"widget\" data-widget_type=\"heading.default\">\n\t\t\t\t<div class=\"elementor-widget-container\">\n\t\t\t\t\t<h2 class=\"elementor-heading-title elementor-size-default\">proyecto  <\/h2>\t\t\t\t<\/div>\n\t\t\t\t<\/div>\n\t\t\t\t<div class=\"elementor-element elementor-element-c79141d elementor-widget__width-auto elementor-widget elementor-widget-heading\" data-id=\"c79141d\" data-element_type=\"widget\" data-e-type=\"widget\" data-widget_type=\"heading.default\">\n\t\t\t\t<div class=\"elementor-widget-container\">\n\t\t\t\t\t<h2 class=\"elementor-heading-title elementor-size-default\">tiene por objeto<\/h2>\t\t\t\t<\/div>\n\t\t\t\t<\/div>\n\t\t\t\t<div class=\"elementor-element elementor-element-8d15176 elementor-widget elementor-widget-spacer\" data-id=\"8d15176\" data-element_type=\"widget\" data-e-type=\"widget\" data-widget_type=\"spacer.default\">\n\t\t\t\t<div class=\"elementor-widget-container\">\n\t\t\t\t\t\t\t<div class=\"elementor-spacer\">\n\t\t\t<div class=\"elementor-spacer-inner\"><\/div>\n\t\t<\/div>\n\t\t\t\t\t\t<\/div>\n\t\t\t\t<\/div>\n\t\t\t\t<div class=\"elementor-element elementor-element-d07c0bb content-align-left icon-box-vertical-align-top icon-position-left icon-vertical-align-start elementor-widget elementor-widget-the7_icon_box_grid_widget\" data-id=\"d07c0bb\" data-element_type=\"widget\" data-e-type=\"widget\" data-widget_type=\"the7_icon_box_grid_widget.default\">\n\t\t\t\t<div class=\"elementor-widget-container\">\n\t\t\t\t\t<div class=\"the7-box-grid-wrapper the7-elementor-widget loading-effect-none the7_icon_box_grid_widget-d07c0bb\">\t\t\t<div class=\"dt-css-grid\">\n\t\t\t\t\t\t\t\t\t<div class=\"wf-cell shown\">\n\t\t\t\t\t\t<div class=\"the7-icon-box-grid\">\t\t\t\t\t\t\t<div class=\"box-content-wrapper\">\n\t\t\t\t\t\t\t\t\t\t\t\t\t\t\t\t\t<a class=\"elementor-icon-div\" aria-label=\"Desarrollar estrategias de alto impacto\">\t\t\t\t\t\t\t\t\t\t<div class=\"elementor-icon\">\n\t\t\t\t\t\t\t\t\t\t\t<i aria-hidden=\"true\" class=\"fas fa-check\"><\/i>\t\t\t\t\t\t\t\t\t\t<\/div>\n\t\t\t\t\t\t\t\t\t<\/a>\t\t\t\t\t\t\t\t\t\t\t\t\t\t\t\t<div class=\"box-content\">\n\t\t\t\t\t\t\t\t\t\t\t\t\t\t\t\t\t\t\t\t\t\t\t\t\t\t\t\t\t<h4 class=\"box-heading\">\n\t\t\t\t\t\t\t\t\t\t\t<a aria-label=\"Desarrollar estrategias de alto impacto\">\t\t\t\t\t\t\t\t\t\t\t\tDesarrollar estrategias de alto impacto\t\t\t\t\t\t\t\t\t\t\t<\/a>\t\t\t\t\t\t\t\t\t\t<\/h4>\n\t\t\t\t\t\t\t\t\t\t\t\t\t\t\t\t\t\t\t\t\t\t\t\t\t\t\t\t<div class=\"box-description\">para productores, procesadores, consumidores y responsables pol\u00edticos<\/div>\n\t\t\t\t\t\t\t\t\t\t\t\t\t\t\t\t\t\t\t\t\t\t\t\t\t\t<\/div>\n\t\t\t\t\t\t\t<\/div>\n\t\t\t\t\t\t<\/div>\t\t\t\t\t<\/div>\n\t\t\t\t\t\t\t\t\t<div class=\"wf-cell shown\">\n\t\t\t\t\t\t<div class=\"the7-icon-box-grid\">\t\t\t\t\t\t\t<div class=\"box-content-wrapper\">\n\t\t\t\t\t\t\t\t\t\t\t\t\t\t\t\t\t<a class=\"elementor-icon-div\" aria-label=\"Colaborar con el sector empresarial\">\t\t\t\t\t\t\t\t\t\t<div class=\"elementor-icon\">\n\t\t\t\t\t\t\t\t\t\t\t<i aria-hidden=\"true\" class=\"fas fa-check\"><\/i>\t\t\t\t\t\t\t\t\t\t<\/div>\n\t\t\t\t\t\t\t\t\t<\/a>\t\t\t\t\t\t\t\t\t\t\t\t\t\t\t\t<div class=\"box-content\">\n\t\t\t\t\t\t\t\t\t\t\t\t\t\t\t\t\t\t\t\t\t\t\t\t\t\t\t\t\t<h4 class=\"box-heading\">\n\t\t\t\t\t\t\t\t\t\t\t<a aria-label=\"Colaborar con el sector empresarial\">\t\t\t\t\t\t\t\t\t\t\t\tColaborar con el sector empresarial\t\t\t\t\t\t\t\t\t\t\t<\/a>\t\t\t\t\t\t\t\t\t\t<\/h4>\n\t\t\t\t\t\t\t\t\t\t\t\t\t\t\t\t\t\t\t\t\t\t\t\t\t\t\t\t\t\t\t\t\t\t\t<\/div>\n\t\t\t\t\t\t\t<\/div>\n\t\t\t\t\t\t<\/div>\t\t\t\t\t<\/div>\n\t\t\t\t\t\t\t\t\t<div class=\"wf-cell shown\">\n\t\t\t\t\t\t<div class=\"the7-icon-box-grid\">\t\t\t\t\t\t\t<div class=\"box-content-wrapper\">\n\t\t\t\t\t\t\t\t\t\t\t\t\t\t\t\t\t<a class=\"elementor-icon-div\" aria-label=\"Crear estrategias de valorizaci\u00f3n de residuos\">\t\t\t\t\t\t\t\t\t\t<div class=\"elementor-icon\">\n\t\t\t\t\t\t\t\t\t\t\t<i aria-hidden=\"true\" class=\"fas fa-check\"><\/i>\t\t\t\t\t\t\t\t\t\t<\/div>\n\t\t\t\t\t\t\t\t\t<\/a>\t\t\t\t\t\t\t\t\t\t\t\t\t\t\t\t<div class=\"box-content\">\n\t\t\t\t\t\t\t\t\t\t\t\t\t\t\t\t\t\t\t\t\t\t\t\t\t\t\t\t\t<h4 class=\"box-heading\">\n\t\t\t\t\t\t\t\t\t\t\t<a aria-label=\"Crear estrategias de valorizaci\u00f3n de residuos\">\t\t\t\t\t\t\t\t\t\t\t\tCrear estrategias de valorizaci\u00f3n de residuos\t\t\t\t\t\t\t\t\t\t\t<\/a>\t\t\t\t\t\t\t\t\t\t<\/h4>\n\t\t\t\t\t\t\t\t\t\t\t\t\t\t\t\t\t\t\t\t\t\t\t\t\t\t\t\t\t\t\t\t\t\t\t<\/div>\n\t\t\t\t\t\t\t<\/div>\n\t\t\t\t\t\t<\/div>\t\t\t\t\t<\/div>\n\t\t\t\t\t\t\t\t\t<div class=\"wf-cell shown\">\n\t\t\t\t\t\t<div class=\"the7-icon-box-grid\">\t\t\t\t\t\t\t<div class=\"box-content-wrapper\">\n\t\t\t\t\t\t\t\t\t\t\t\t\t\t\t\t\t<a class=\"elementor-icon-div\" aria-label=\"Mejorar las cadenas de suministro de alimentos\">\t\t\t\t\t\t\t\t\t\t<div class=\"elementor-icon\">\n\t\t\t\t\t\t\t\t\t\t\t<i aria-hidden=\"true\" class=\"fas fa-check\"><\/i>\t\t\t\t\t\t\t\t\t\t<\/div>\n\t\t\t\t\t\t\t\t\t<\/a>\t\t\t\t\t\t\t\t\t\t\t\t\t\t\t\t<div class=\"box-content\">\n\t\t\t\t\t\t\t\t\t\t\t\t\t\t\t\t\t\t\t\t\t\t\t\t\t\t\t\t\t<h4 class=\"box-heading\">\n\t\t\t\t\t\t\t\t\t\t\t<a aria-label=\"Mejorar las cadenas de suministro de alimentos\">\t\t\t\t\t\t\t\t\t\t\t\tMejorar las cadenas de suministro de alimentos\t\t\t\t\t\t\t\t\t\t\t<\/a>\t\t\t\t\t\t\t\t\t\t<\/h4>\n\t\t\t\t\t\t\t\t\t\t\t\t\t\t\t\t\t\t\t\t\t\t\t\t\t\t\t\t\t\t\t\t\t\t\t<\/div>\n\t\t\t\t\t\t\t<\/div>\n\t\t\t\t\t\t<\/div>\t\t\t\t\t<\/div>\n\t\t\t\t\t\t\t<\/div>\n\t\t<\/div>\t\t\t\t<\/div>\n\t\t\t\t<\/div>\n\t\t\t\t<div class=\"elementor-element elementor-element-541b22d elementor-widget elementor-widget-spacer\" data-id=\"541b22d\" data-element_type=\"widget\" data-e-type=\"widget\" data-widget_type=\"spacer.default\">\n\t\t\t\t<div class=\"elementor-widget-container\">\n\t\t\t\t\t\t\t<div class=\"elementor-spacer\">\n\t\t\t<div class=\"elementor-spacer-inner\"><\/div>\n\t\t<\/div>\n\t\t\t\t\t\t<\/div>\n\t\t\t\t<\/div>\n\t\t\t\t<\/div>\n\t\t\t\t\t<\/div>\n\t\t\t\t<\/div>\n\t\t<div class=\"elementor-element elementor-element-82e8dd0 e-flex e-con-boxed e-con e-parent\" data-id=\"82e8dd0\" data-element_type=\"container\" data-e-type=\"container\">\n\t\t\t\t\t<div class=\"e-con-inner\">\n\t\t\t\t<div class=\"elementor-element elementor-element-990e146 elementor-widget elementor-widget-spacer\" data-id=\"990e146\" data-element_type=\"widget\" data-e-type=\"widget\" data-widget_type=\"spacer.default\">\n\t\t\t\t<div class=\"elementor-widget-container\">\n\t\t\t\t\t\t\t<div class=\"elementor-spacer\">\n\t\t\t<div class=\"elementor-spacer-inner\"><\/div>\n\t\t<\/div>\n\t\t\t\t\t\t<\/div>\n\t\t\t\t<\/div>\n\t\t\t\t<div class=\"elementor-element elementor-element-d730ba1 elementor-widget elementor-widget-spacer\" data-id=\"d730ba1\" data-element_type=\"widget\" data-e-type=\"widget\" data-widget_type=\"spacer.default\">\n\t\t\t\t<div class=\"elementor-widget-container\">\n\t\t\t\t\t\t\t<div class=\"elementor-spacer\">\n\t\t\t<div class=\"elementor-spacer-inner\"><\/div>\n\t\t<\/div>\n\t\t\t\t\t\t<\/div>\n\t\t\t\t<\/div>\n\t\t\t\t\t<\/div>\n\t\t\t\t<\/div>\n\t\t\t\t<\/div>\n\t\t","protected":false},"excerpt":{"rendered":"<p>Centro de excelencia en tecnolog\u00edas verdes: Introducci\u00f3n de ecosistemas de innovaci\u00f3n en la cadena de valor alimentaria mediterr\u00e1nea La regi\u00f3n mediterr\u00e1nea ha sido reconocida desde hace mucho tiempo como un centro neur\u00e1lgico de la actividad agr\u00edcola. Con casi una cuarta parte de la mano de obra de la regi\u00f3n empleada en este sector, la agricultura&hellip;<\/p>\n","protected":false},"author":1,"featured_media":0,"parent":0,"menu_order":0,"comment_status":"closed","ping_status":"closed","template":"","meta":{"footnotes":""},"class_list":["post-9895","page","type-page","status-publish","hentry"],"yoast_head":"<!-- This site is optimized with the Yoast SEO plugin v27.3 - https:\/\/yoast.com\/product\/yoast-seo-wordpress\/ -->\n<title>El proyecto - Excel4Med<\/title>\n<meta name=\"robots\" content=\"index, follow, max-snippet:-1, max-image-preview:large, max-video-preview:-1\" \/>\n<link rel=\"canonical\" href=\"https:\/\/excel4med.eu\/es\/el-proyecto\/\" \/>\n<meta property=\"og:locale\" content=\"es_ES\" \/>\n<meta property=\"og:type\" content=\"article\" \/>\n<meta property=\"og:title\" content=\"El proyecto - Excel4Med\" \/>\n<meta property=\"og:description\" content=\"Centro de excelencia en tecnolog\u00edas verdes: Introducci\u00f3n de ecosistemas de innovaci\u00f3n en la cadena de valor alimentaria mediterr\u00e1nea La regi\u00f3n mediterr\u00e1nea ha sido reconocida desde hace mucho tiempo como un centro neur\u00e1lgico de la actividad agr\u00edcola. Con casi una cuarta parte de la mano de obra de la regi\u00f3n empleada en este sector, la agricultura&hellip;\" \/>\n<meta property=\"og:url\" content=\"https:\/\/excel4med.eu\/es\/el-proyecto\/\" \/>\n<meta property=\"og:site_name\" content=\"Excel4Med\" \/>\n<meta property=\"article:publisher\" content=\"https:\/\/www.facebook.com\/excel4med\/\" \/>\n<meta property=\"article:modified_time\" content=\"2025-05-20T12:30:33+00:00\" \/>\n<meta property=\"og:image\" content=\"https:\/\/excel4med.eu\/wp-content\/uploads\/2023\/05\/europe-map-with-dots-300x233.jpg\" \/>\n<meta name=\"twitter:card\" content=\"summary_large_image\" \/>\n<meta name=\"twitter:site\" content=\"@excel4med\" \/>\n<meta name=\"twitter:label1\" content=\"Tiempo de lectura\" \/>\n\t<meta name=\"twitter:data1\" content=\"1 minuto\" \/>\n<script type=\"application\/ld+json\" class=\"yoast-schema-graph\">{\"@context\":\"https:\\\/\\\/schema.org\",\"@graph\":[{\"@type\":\"WebPage\",\"@id\":\"https:\\\/\\\/excel4med.eu\\\/es\\\/el-proyecto\\\/\",\"url\":\"https:\\\/\\\/excel4med.eu\\\/es\\\/el-proyecto\\\/\",\"name\":\"El proyecto - Excel4Med\",\"isPartOf\":{\"@id\":\"https:\\\/\\\/excel4med.eu\\\/es\\\/#website\"},\"primaryImageOfPage\":{\"@id\":\"https:\\\/\\\/excel4med.eu\\\/es\\\/el-proyecto\\\/#primaryimage\"},\"image\":{\"@id\":\"https:\\\/\\\/excel4med.eu\\\/es\\\/el-proyecto\\\/#primaryimage\"},\"thumbnailUrl\":\"https:\\\/\\\/excel4med.eu\\\/wp-content\\\/uploads\\\/2023\\\/05\\\/europe-map-with-dots-300x233.jpg\",\"datePublished\":\"2023-04-29T16:20:03+00:00\",\"dateModified\":\"2025-05-20T12:30:33+00:00\",\"breadcrumb\":{\"@id\":\"https:\\\/\\\/excel4med.eu\\\/es\\\/el-proyecto\\\/#breadcrumb\"},\"inLanguage\":\"es\",\"potentialAction\":[{\"@type\":\"ReadAction\",\"target\":[\"https:\\\/\\\/excel4med.eu\\\/es\\\/el-proyecto\\\/\"]}]},{\"@type\":\"ImageObject\",\"inLanguage\":\"es\",\"@id\":\"https:\\\/\\\/excel4med.eu\\\/es\\\/el-proyecto\\\/#primaryimage\",\"url\":\"https:\\\/\\\/excel4med.eu\\\/wp-content\\\/uploads\\\/2023\\\/05\\\/europe-map-with-dots-300x233.jpg\",\"contentUrl\":\"https:\\\/\\\/excel4med.eu\\\/wp-content\\\/uploads\\\/2023\\\/05\\\/europe-map-with-dots-300x233.jpg\"},{\"@type\":\"BreadcrumbList\",\"@id\":\"https:\\\/\\\/excel4med.eu\\\/es\\\/el-proyecto\\\/#breadcrumb\",\"itemListElement\":[{\"@type\":\"ListItem\",\"position\":1,\"name\":\"Home\",\"item\":\"https:\\\/\\\/excel4med.eu\\\/es\\\/\"},{\"@type\":\"ListItem\",\"position\":2,\"name\":\"El proyecto\"}]},{\"@type\":\"WebSite\",\"@id\":\"https:\\\/\\\/excel4med.eu\\\/es\\\/#website\",\"url\":\"https:\\\/\\\/excel4med.eu\\\/es\\\/\",\"name\":\"Excel4Med\",\"description\":\"\",\"publisher\":{\"@id\":\"https:\\\/\\\/excel4med.eu\\\/es\\\/#organization\"},\"potentialAction\":[{\"@type\":\"SearchAction\",\"target\":{\"@type\":\"EntryPoint\",\"urlTemplate\":\"https:\\\/\\\/excel4med.eu\\\/es\\\/?s={search_term_string}\"},\"query-input\":{\"@type\":\"PropertyValueSpecification\",\"valueRequired\":true,\"valueName\":\"search_term_string\"}}],\"inLanguage\":\"es\"},{\"@type\":\"Organization\",\"@id\":\"https:\\\/\\\/excel4med.eu\\\/es\\\/#organization\",\"name\":\"Excel4Med\",\"url\":\"https:\\\/\\\/excel4med.eu\\\/es\\\/\",\"logo\":{\"@type\":\"ImageObject\",\"inLanguage\":\"es\",\"@id\":\"https:\\\/\\\/excel4med.eu\\\/es\\\/#\\\/schema\\\/logo\\\/image\\\/\",\"url\":\"https:\\\/\\\/excel4med.eu\\\/wp-content\\\/uploads\\\/2023\\\/04\\\/excel4med-v6-FBC02D.png\",\"contentUrl\":\"https:\\\/\\\/excel4med.eu\\\/wp-content\\\/uploads\\\/2023\\\/04\\\/excel4med-v6-FBC02D.png\",\"width\":1200,\"height\":443,\"caption\":\"Excel4Med\"},\"image\":{\"@id\":\"https:\\\/\\\/excel4med.eu\\\/es\\\/#\\\/schema\\\/logo\\\/image\\\/\"},\"sameAs\":[\"https:\\\/\\\/www.facebook.com\\\/excel4med\\\/\",\"https:\\\/\\\/x.com\\\/excel4med\",\"https:\\\/\\\/www.instagram.com\\\/excel4med\\\/\"]}]}<\/script>\n<!-- \/ Yoast SEO plugin. -->","yoast_head_json":{"title":"El proyecto - Excel4Med","robots":{"index":"index","follow":"follow","max-snippet":"max-snippet:-1","max-image-preview":"max-image-preview:large","max-video-preview":"max-video-preview:-1"},"canonical":"https:\/\/excel4med.eu\/es\/el-proyecto\/","og_locale":"es_ES","og_type":"article","og_title":"El proyecto - Excel4Med","og_description":"Centro de excelencia en tecnolog\u00edas verdes: Introducci\u00f3n de ecosistemas de innovaci\u00f3n en la cadena de valor alimentaria mediterr\u00e1nea La regi\u00f3n mediterr\u00e1nea ha sido reconocida desde hace mucho tiempo como un centro neur\u00e1lgico de la actividad agr\u00edcola. Con casi una cuarta parte de la mano de obra de la regi\u00f3n empleada en este sector, la agricultura&hellip;","og_url":"https:\/\/excel4med.eu\/es\/el-proyecto\/","og_site_name":"Excel4Med","article_publisher":"https:\/\/www.facebook.com\/excel4med\/","article_modified_time":"2025-05-20T12:30:33+00:00","og_image":[{"url":"https:\/\/excel4med.eu\/wp-content\/uploads\/2023\/05\/europe-map-with-dots-300x233.jpg","type":"","width":"","height":""}],"twitter_card":"summary_large_image","twitter_site":"@excel4med","twitter_misc":{"Tiempo de lectura":"1 minuto"},"schema":{"@context":"https:\/\/schema.org","@graph":[{"@type":"WebPage","@id":"https:\/\/excel4med.eu\/es\/el-proyecto\/","url":"https:\/\/excel4med.eu\/es\/el-proyecto\/","name":"El proyecto - Excel4Med","isPartOf":{"@id":"https:\/\/excel4med.eu\/es\/#website"},"primaryImageOfPage":{"@id":"https:\/\/excel4med.eu\/es\/el-proyecto\/#primaryimage"},"image":{"@id":"https:\/\/excel4med.eu\/es\/el-proyecto\/#primaryimage"},"thumbnailUrl":"https:\/\/excel4med.eu\/wp-content\/uploads\/2023\/05\/europe-map-with-dots-300x233.jpg","datePublished":"2023-04-29T16:20:03+00:00","dateModified":"2025-05-20T12:30:33+00:00","breadcrumb":{"@id":"https:\/\/excel4med.eu\/es\/el-proyecto\/#breadcrumb"},"inLanguage":"es","potentialAction":[{"@type":"ReadAction","target":["https:\/\/excel4med.eu\/es\/el-proyecto\/"]}]},{"@type":"ImageObject","inLanguage":"es","@id":"https:\/\/excel4med.eu\/es\/el-proyecto\/#primaryimage","url":"https:\/\/excel4med.eu\/wp-content\/uploads\/2023\/05\/europe-map-with-dots-300x233.jpg","contentUrl":"https:\/\/excel4med.eu\/wp-content\/uploads\/2023\/05\/europe-map-with-dots-300x233.jpg"},{"@type":"BreadcrumbList","@id":"https:\/\/excel4med.eu\/es\/el-proyecto\/#breadcrumb","itemListElement":[{"@type":"ListItem","position":1,"name":"Home","item":"https:\/\/excel4med.eu\/es\/"},{"@type":"ListItem","position":2,"name":"El proyecto"}]},{"@type":"WebSite","@id":"https:\/\/excel4med.eu\/es\/#website","url":"https:\/\/excel4med.eu\/es\/","name":"Excel4Med","description":"","publisher":{"@id":"https:\/\/excel4med.eu\/es\/#organization"},"potentialAction":[{"@type":"SearchAction","target":{"@type":"EntryPoint","urlTemplate":"https:\/\/excel4med.eu\/es\/?s={search_term_string}"},"query-input":{"@type":"PropertyValueSpecification","valueRequired":true,"valueName":"search_term_string"}}],"inLanguage":"es"},{"@type":"Organization","@id":"https:\/\/excel4med.eu\/es\/#organization","name":"Excel4Med","url":"https:\/\/excel4med.eu\/es\/","logo":{"@type":"ImageObject","inLanguage":"es","@id":"https:\/\/excel4med.eu\/es\/#\/schema\/logo\/image\/","url":"https:\/\/excel4med.eu\/wp-content\/uploads\/2023\/04\/excel4med-v6-FBC02D.png","contentUrl":"https:\/\/excel4med.eu\/wp-content\/uploads\/2023\/04\/excel4med-v6-FBC02D.png","width":1200,"height":443,"caption":"Excel4Med"},"image":{"@id":"https:\/\/excel4med.eu\/es\/#\/schema\/logo\/image\/"},"sameAs":["https:\/\/www.facebook.com\/excel4med\/","https:\/\/x.com\/excel4med","https:\/\/www.instagram.com\/excel4med\/"]}]}},"_links":{"self":[{"href":"https:\/\/excel4med.eu\/es\/wp-json\/wp\/v2\/pages\/9895","targetHints":{"allow":["GET"]}}],"collection":[{"href":"https:\/\/excel4med.eu\/es\/wp-json\/wp\/v2\/pages"}],"about":[{"href":"https:\/\/excel4med.eu\/es\/wp-json\/wp\/v2\/types\/page"}],"author":[{"embeddable":true,"href":"https:\/\/excel4med.eu\/es\/wp-json\/wp\/v2\/users\/1"}],"replies":[{"embeddable":true,"href":"https:\/\/excel4med.eu\/es\/wp-json\/wp\/v2\/comments?post=9895"}],"version-history":[{"count":6,"href":"https:\/\/excel4med.eu\/es\/wp-json\/wp\/v2\/pages\/9895\/revisions"}],"predecessor-version":[{"id":11098,"href":"https:\/\/excel4med.eu\/es\/wp-json\/wp\/v2\/pages\/9895\/revisions\/11098"}],"wp:attachment":[{"href":"https:\/\/excel4med.eu\/es\/wp-json\/wp\/v2\/media?parent=9895"}],"curies":[{"name":"wp","href":"https:\/\/api.w.org\/{rel}","templated":true}]}}