{"id":10024,"date":"2025-02-17T09:58:27","date_gmt":"2025-02-17T09:58:27","guid":{"rendered":"https:\/\/excel4med.eu\/publicaciones-en-revistas\/"},"modified":"2025-09-30T09:27:19","modified_gmt":"2025-09-30T09:27:19","slug":"publicaciones-en-revistas","status":"publish","type":"page","link":"https:\/\/excel4med.eu\/es\/publicaciones-en-revistas\/","title":{"rendered":"Art\u00edculos de revistas"},"content":{"rendered":"\t\t<div data-elementor-type=\"wp-page\" data-elementor-id=\"10024\" class=\"elementor elementor-10024 elementor-7971\" data-elementor-post-type=\"page\">\n\t\t\t\t<div class=\"elementor-element elementor-element-6573894 e-flex e-con-boxed e-con e-parent\" data-id=\"6573894\" data-element_type=\"container\" data-e-type=\"container\">\n\t\t\t\t\t<div class=\"e-con-inner\">\n\t\t\t\t<div class=\"elementor-element elementor-element-fadd61a elementor-widget elementor-widget-spacer\" data-id=\"fadd61a\" data-element_type=\"widget\" data-e-type=\"widget\" data-widget_type=\"spacer.default\">\n\t\t\t\t<div class=\"elementor-widget-container\">\n\t\t\t\t\t\t\t<div class=\"elementor-spacer\">\n\t\t\t<div class=\"elementor-spacer-inner\"><\/div>\n\t\t<\/div>\n\t\t\t\t\t\t<\/div>\n\t\t\t\t<\/div>\n\t\t\t\t\t<\/div>\n\t\t\t\t<\/div>\n\t\t<div class=\"elementor-element elementor-element-db83808 e-flex e-con-boxed e-con e-parent\" data-id=\"db83808\" data-element_type=\"container\" data-e-type=\"container\">\n\t\t\t\t\t<div class=\"e-con-inner\">\n\t\t\t\t<div class=\"elementor-element elementor-element-959df7a content-align-left icon-box-vertical-align-top icon-position-left icon-vertical-align-start elementor-widget elementor-widget-the7_icon_box_grid_widget\" data-id=\"959df7a\" data-element_type=\"widget\" data-e-type=\"widget\" data-widget_type=\"the7_icon_box_grid_widget.default\">\n\t\t\t\t<div class=\"elementor-widget-container\">\n\t\t\t\t\t<div class=\"the7-box-grid-wrapper the7-elementor-widget loading-effect-none the7_icon_box_grid_widget-959df7a widget-divider-on\">\t\t\t<div class=\"dt-css-grid\">\n\t\t\t\t\t\t\t\t\t<div class=\"wf-cell shown\">\n\t\t\t\t\t\t<div class=\"the7-icon-box-grid\">\t\t\t\t\t\t\t<div class=\"box-content-wrapper\">\n\t\t\t\t\t\t\t\t\t\t\t\t\t\t\t\t\t<a class=\"elementor-icon-div\" href=\"https:\/\/doi.org\/10.3389\/fchem.2024.1411727\" target=\"_blank\" rel=\"nofollow\" aria-label=\"Exploraci\u00f3n de la cavitaci\u00f3n hidrodin\u00e1mica para la valorizaci\u00f3n de residuos de c\u00edtricos en Malta: de la mejora de las bebidas a la supresi\u00f3n de la germinaci\u00f3n de la patata y la remediaci\u00f3n del agua\">\t\t\t\t\t\t\t\t\t\t<div class=\"elementor-icon\">\n\t\t\t\t\t\t\t\t\t\t\t<i aria-hidden=\"true\" class=\"fab fa-readme\"><\/i>\t\t\t\t\t\t\t\t\t\t<\/div>\n\t\t\t\t\t\t\t\t\t<\/a>\t\t\t\t\t\t\t\t\t\t\t\t\t\t\t\t<div class=\"box-content\">\n\t\t\t\t\t\t\t\t\t\t\t\t\t\t\t\t\t\t\t\t\t\t\t\t\t\t\t\t\t<h5 class=\"box-heading\">\n\t\t\t\t\t\t\t\t\t\t\t<a href=\"https:\/\/doi.org\/10.3389\/fchem.2024.1411727\" target=\"_blank\" rel=\"nofollow\" aria-label=\"Exploraci\u00f3n de la cavitaci\u00f3n hidrodin\u00e1mica para la valorizaci\u00f3n de residuos de c\u00edtricos en Malta: de la mejora de las bebidas a la supresi\u00f3n de la germinaci\u00f3n de la patata y la remediaci\u00f3n del agua\">\t\t\t\t\t\t\t\t\t\t\t\tExploraci\u00f3n de la cavitaci\u00f3n hidrodin\u00e1mica para la valorizaci\u00f3n de residuos de c\u00edtricos en Malta: de la mejora de las bebidas a la supresi\u00f3n de la germinaci\u00f3n de la patata y la remediaci\u00f3n del agua\t\t\t\t\t\t\t\t\t\t\t<\/a>\t\t\t\t\t\t\t\t\t\t<\/h5>\n\t\t\t\t\t\t\t\t\t\t\t\t\t\t\t\t\t\t\t\t\t\t\t\t\t\t\t\t<div class=\"box-description\">Autor(es): Georgios Psakis, Frederick Lia, Vasilis P. Valdramidis y Ruben Gatt.\n<br>Publicado en: Front. Chem., 27 de mayo de 2024, Sec. Green and Sustainable Chemistry, Volumen 12 - 2024 <\/div>\n\t\t\t\t\t\t\t\t\t\t\t\t\t\t\t\t\t\t<a href=\"https:\/\/doi.org\/10.3389\/fchem.2024.1411727\" target=\"_blank\" rel=\"nofollow\" aria-label=\"Exploraci\u00f3n de la cavitaci\u00f3n hidrodin\u00e1mica para la valorizaci\u00f3n de residuos de c\u00edtricos en Malta: de la mejora de las bebidas a la supresi\u00f3n de la germinaci\u00f3n de la patata y la remediaci\u00f3n del agua\" class=\"box-button elementor-button elementor-size-sm\">https:\/\/doi.org\/10.3389\/fchem.2024.1411727<i aria-hidden=\"true\" class=\"elementor-button-icon far fa-arrow-alt-circle-right\"><\/i><\/a>\t\t\t\t\t\t\t\t<\/div>\n\t\t\t\t\t\t\t<\/div>\n\t\t\t\t\t\t<\/div>\t\t\t\t\t<\/div>\n\t\t\t\t\t\t\t<\/div>\n\t\t<\/div>\t\t\t\t<\/div>\n\t\t\t\t<\/div>\n\t\t\t\t<div class=\"elementor-element elementor-element-0edb9e8 content-align-left icon-box-vertical-align-top icon-position-left icon-vertical-align-start elementor-widget elementor-widget-the7_icon_box_grid_widget\" data-id=\"0edb9e8\" data-element_type=\"widget\" data-e-type=\"widget\" data-widget_type=\"the7_icon_box_grid_widget.default\">\n\t\t\t\t<div class=\"elementor-widget-container\">\n\t\t\t\t\t<div class=\"the7-box-grid-wrapper the7-elementor-widget loading-effect-none the7_icon_box_grid_widget-0edb9e8 widget-divider-on\">\t\t\t<div class=\"dt-css-grid\">\n\t\t\t\t\t\t\t\t\t<div class=\"wf-cell shown\">\n\t\t\t\t\t\t<div class=\"the7-icon-box-grid\">\t\t\t\t\t\t\t<div class=\"box-content-wrapper\">\n\t\t\t\t\t\t\t\t\t\t\t\t\t\t\t\t\t<a class=\"elementor-icon-div\" href=\"https:\/\/doi.org\/10.3390\/molecules30030648\" target=\"_blank\" rel=\"nofollow\" aria-label=\"An\u00e1lisis exhaustivo de la extracci\u00f3n no t\u00e9rmica asistida por ultrasonidos de compuestos bioactivos a partir de residuos de c\u00e1scaras de c\u00edtricos mediante un enfoque unifactorial\">\t\t\t\t\t\t\t\t\t\t<div class=\"elementor-icon\">\n\t\t\t\t\t\t\t\t\t\t\t<i aria-hidden=\"true\" class=\"fab fa-readme\"><\/i>\t\t\t\t\t\t\t\t\t\t<\/div>\n\t\t\t\t\t\t\t\t\t<\/a>\t\t\t\t\t\t\t\t\t\t\t\t\t\t\t\t<div class=\"box-content\">\n\t\t\t\t\t\t\t\t\t\t\t\t\t\t\t\t\t\t\t\t\t\t\t\t\t\t\t\t\t<h5 class=\"box-heading\">\n\t\t\t\t\t\t\t\t\t\t\t<a href=\"https:\/\/doi.org\/10.3390\/molecules30030648\" target=\"_blank\" rel=\"nofollow\" aria-label=\"An\u00e1lisis exhaustivo de la extracci\u00f3n no t\u00e9rmica asistida por ultrasonidos de compuestos bioactivos a partir de residuos de c\u00e1scaras de c\u00edtricos mediante un enfoque unifactorial\">\t\t\t\t\t\t\t\t\t\t\t\tAn\u00e1lisis exhaustivo de la extracci\u00f3n no t\u00e9rmica asistida por ultrasonidos de compuestos bioactivos a partir de residuos de c\u00e1scaras de c\u00edtricos mediante un enfoque unifactorial\t\t\t\t\t\t\t\t\t\t\t<\/a>\t\t\t\t\t\t\t\t\t\t<\/h5>\n\t\t\t\t\t\t\t\t\t\t\t\t\t\t\t\t\t\t\t\t\t\t\t\t\t\t\t\t<div class=\"box-description\">Autor(es): Matthew A. Xuereb, Georgios Psakis, Karen Attard, Frederick Lia y Ruben Gatt.\n<br>Publicado en: Molecules 2025, 30(3), 648<\/div>\n\t\t\t\t\t\t\t\t\t\t\t\t\t\t\t\t\t\t<a href=\"https:\/\/doi.org\/10.3390\/molecules30030648\" target=\"_blank\" rel=\"nofollow\" aria-label=\"An\u00e1lisis exhaustivo de la extracci\u00f3n no t\u00e9rmica asistida por ultrasonidos de compuestos bioactivos a partir de residuos de c\u00e1scaras de c\u00edtricos mediante un enfoque unifactorial\" class=\"box-button elementor-button elementor-size-sm\">https:\/\/doi.org\/10.3390\/molecules30030648<i aria-hidden=\"true\" class=\"elementor-button-icon far fa-arrow-alt-circle-right\"><\/i><\/a>\t\t\t\t\t\t\t\t<\/div>\n\t\t\t\t\t\t\t<\/div>\n\t\t\t\t\t\t<\/div>\t\t\t\t\t<\/div>\n\t\t\t\t\t\t\t<\/div>\n\t\t<\/div>\t\t\t\t<\/div>\n\t\t\t\t<\/div>\n\t\t\t\t\t<\/div>\n\t\t\t\t<\/div>\n\t\t\t\t<\/div>\n\t\t","protected":false},"excerpt":{"rendered":"<p>Exploraci\u00f3n de la cavitaci\u00f3n hidrodin\u00e1mica para la valorizaci\u00f3n de residuos de c\u00edtricos en Malta: de la mejora de las bebidas a la supresi\u00f3n de la germinaci\u00f3n de la patata y la remediaci\u00f3n del agua Autor(es): Georgios Psakis, Frederick Lia, Vasilis P. Valdramidis y Ruben Gatt. Publicado en: Front. Chem., 27 de mayo de 2024, Sec.&hellip;<\/p>\n","protected":false},"author":1,"featured_media":0,"parent":0,"menu_order":0,"comment_status":"closed","ping_status":"closed","template":"","meta":{"footnotes":""},"class_list":["post-10024","page","type-page","status-publish","hentry"],"yoast_head":"<!-- This site is optimized with the Yoast SEO plugin v27.3 - https:\/\/yoast.com\/product\/yoast-seo-wordpress\/ -->\n<title>Art\u00edculos de revistas - Excel4Med<\/title>\n<meta name=\"robots\" content=\"index, follow, max-snippet:-1, max-image-preview:large, max-video-preview:-1\" \/>\n<link rel=\"canonical\" href=\"https:\/\/excel4med.eu\/es\/publicaciones-en-revistas\/\" \/>\n<meta property=\"og:locale\" content=\"es_ES\" \/>\n<meta property=\"og:type\" content=\"article\" \/>\n<meta property=\"og:title\" content=\"Art\u00edculos de revistas - Excel4Med\" \/>\n<meta property=\"og:description\" content=\"Exploraci\u00f3n de la cavitaci\u00f3n hidrodin\u00e1mica para la valorizaci\u00f3n de residuos de c\u00edtricos en Malta: de la mejora de las bebidas a la supresi\u00f3n de la germinaci\u00f3n de la patata y la remediaci\u00f3n del agua Autor(es): Georgios Psakis, Frederick Lia, Vasilis P. Valdramidis y Ruben Gatt. Publicado en: Front. Chem., 27 de mayo de 2024, Sec.&hellip;\" \/>\n<meta property=\"og:url\" content=\"https:\/\/excel4med.eu\/es\/publicaciones-en-revistas\/\" \/>\n<meta property=\"og:site_name\" content=\"Excel4Med\" \/>\n<meta property=\"article:publisher\" content=\"https:\/\/www.facebook.com\/excel4med\/\" \/>\n<meta property=\"article:modified_time\" content=\"2025-09-30T09:27:19+00:00\" \/>\n<meta name=\"twitter:card\" content=\"summary_large_image\" \/>\n<meta name=\"twitter:site\" content=\"@excel4med\" \/>\n<meta name=\"twitter:label1\" content=\"Tiempo de lectura\" \/>\n\t<meta name=\"twitter:data1\" content=\"1 minuto\" \/>\n<script type=\"application\/ld+json\" class=\"yoast-schema-graph\">{\"@context\":\"https:\\\/\\\/schema.org\",\"@graph\":[{\"@type\":\"WebPage\",\"@id\":\"https:\\\/\\\/excel4med.eu\\\/es\\\/publicaciones-en-revistas\\\/\",\"url\":\"https:\\\/\\\/excel4med.eu\\\/es\\\/publicaciones-en-revistas\\\/\",\"name\":\"Art\u00edculos de revistas - Excel4Med\",\"isPartOf\":{\"@id\":\"https:\\\/\\\/excel4med.eu\\\/es\\\/#website\"},\"datePublished\":\"2025-02-17T09:58:27+00:00\",\"dateModified\":\"2025-09-30T09:27:19+00:00\",\"breadcrumb\":{\"@id\":\"https:\\\/\\\/excel4med.eu\\\/es\\\/publicaciones-en-revistas\\\/#breadcrumb\"},\"inLanguage\":\"es\",\"potentialAction\":[{\"@type\":\"ReadAction\",\"target\":[\"https:\\\/\\\/excel4med.eu\\\/es\\\/publicaciones-en-revistas\\\/\"]}]},{\"@type\":\"BreadcrumbList\",\"@id\":\"https:\\\/\\\/excel4med.eu\\\/es\\\/publicaciones-en-revistas\\\/#breadcrumb\",\"itemListElement\":[{\"@type\":\"ListItem\",\"position\":1,\"name\":\"Home\",\"item\":\"https:\\\/\\\/excel4med.eu\\\/es\\\/\"},{\"@type\":\"ListItem\",\"position\":2,\"name\":\"Art\u00edculos de revistas\"}]},{\"@type\":\"WebSite\",\"@id\":\"https:\\\/\\\/excel4med.eu\\\/es\\\/#website\",\"url\":\"https:\\\/\\\/excel4med.eu\\\/es\\\/\",\"name\":\"Excel4Med\",\"description\":\"\",\"publisher\":{\"@id\":\"https:\\\/\\\/excel4med.eu\\\/es\\\/#organization\"},\"potentialAction\":[{\"@type\":\"SearchAction\",\"target\":{\"@type\":\"EntryPoint\",\"urlTemplate\":\"https:\\\/\\\/excel4med.eu\\\/es\\\/?s={search_term_string}\"},\"query-input\":{\"@type\":\"PropertyValueSpecification\",\"valueRequired\":true,\"valueName\":\"search_term_string\"}}],\"inLanguage\":\"es\"},{\"@type\":\"Organization\",\"@id\":\"https:\\\/\\\/excel4med.eu\\\/es\\\/#organization\",\"name\":\"Excel4Med\",\"url\":\"https:\\\/\\\/excel4med.eu\\\/es\\\/\",\"logo\":{\"@type\":\"ImageObject\",\"inLanguage\":\"es\",\"@id\":\"https:\\\/\\\/excel4med.eu\\\/es\\\/#\\\/schema\\\/logo\\\/image\\\/\",\"url\":\"https:\\\/\\\/excel4med.eu\\\/wp-content\\\/uploads\\\/2023\\\/04\\\/excel4med-v6-FBC02D.png\",\"contentUrl\":\"https:\\\/\\\/excel4med.eu\\\/wp-content\\\/uploads\\\/2023\\\/04\\\/excel4med-v6-FBC02D.png\",\"width\":1200,\"height\":443,\"caption\":\"Excel4Med\"},\"image\":{\"@id\":\"https:\\\/\\\/excel4med.eu\\\/es\\\/#\\\/schema\\\/logo\\\/image\\\/\"},\"sameAs\":[\"https:\\\/\\\/www.facebook.com\\\/excel4med\\\/\",\"https:\\\/\\\/x.com\\\/excel4med\",\"https:\\\/\\\/www.instagram.com\\\/excel4med\\\/\"]}]}<\/script>\n<!-- \/ Yoast SEO plugin. -->","yoast_head_json":{"title":"Art\u00edculos de revistas - Excel4Med","robots":{"index":"index","follow":"follow","max-snippet":"max-snippet:-1","max-image-preview":"max-image-preview:large","max-video-preview":"max-video-preview:-1"},"canonical":"https:\/\/excel4med.eu\/es\/publicaciones-en-revistas\/","og_locale":"es_ES","og_type":"article","og_title":"Art\u00edculos de revistas - Excel4Med","og_description":"Exploraci\u00f3n de la cavitaci\u00f3n hidrodin\u00e1mica para la valorizaci\u00f3n de residuos de c\u00edtricos en Malta: de la mejora de las bebidas a la supresi\u00f3n de la germinaci\u00f3n de la patata y la remediaci\u00f3n del agua Autor(es): Georgios Psakis, Frederick Lia, Vasilis P. Valdramidis y Ruben Gatt. Publicado en: Front. Chem., 27 de mayo de 2024, Sec.&hellip;","og_url":"https:\/\/excel4med.eu\/es\/publicaciones-en-revistas\/","og_site_name":"Excel4Med","article_publisher":"https:\/\/www.facebook.com\/excel4med\/","article_modified_time":"2025-09-30T09:27:19+00:00","twitter_card":"summary_large_image","twitter_site":"@excel4med","twitter_misc":{"Tiempo de lectura":"1 minuto"},"schema":{"@context":"https:\/\/schema.org","@graph":[{"@type":"WebPage","@id":"https:\/\/excel4med.eu\/es\/publicaciones-en-revistas\/","url":"https:\/\/excel4med.eu\/es\/publicaciones-en-revistas\/","name":"Art\u00edculos de revistas - Excel4Med","isPartOf":{"@id":"https:\/\/excel4med.eu\/es\/#website"},"datePublished":"2025-02-17T09:58:27+00:00","dateModified":"2025-09-30T09:27:19+00:00","breadcrumb":{"@id":"https:\/\/excel4med.eu\/es\/publicaciones-en-revistas\/#breadcrumb"},"inLanguage":"es","potentialAction":[{"@type":"ReadAction","target":["https:\/\/excel4med.eu\/es\/publicaciones-en-revistas\/"]}]},{"@type":"BreadcrumbList","@id":"https:\/\/excel4med.eu\/es\/publicaciones-en-revistas\/#breadcrumb","itemListElement":[{"@type":"ListItem","position":1,"name":"Home","item":"https:\/\/excel4med.eu\/es\/"},{"@type":"ListItem","position":2,"name":"Art\u00edculos de revistas"}]},{"@type":"WebSite","@id":"https:\/\/excel4med.eu\/es\/#website","url":"https:\/\/excel4med.eu\/es\/","name":"Excel4Med","description":"","publisher":{"@id":"https:\/\/excel4med.eu\/es\/#organization"},"potentialAction":[{"@type":"SearchAction","target":{"@type":"EntryPoint","urlTemplate":"https:\/\/excel4med.eu\/es\/?s={search_term_string}"},"query-input":{"@type":"PropertyValueSpecification","valueRequired":true,"valueName":"search_term_string"}}],"inLanguage":"es"},{"@type":"Organization","@id":"https:\/\/excel4med.eu\/es\/#organization","name":"Excel4Med","url":"https:\/\/excel4med.eu\/es\/","logo":{"@type":"ImageObject","inLanguage":"es","@id":"https:\/\/excel4med.eu\/es\/#\/schema\/logo\/image\/","url":"https:\/\/excel4med.eu\/wp-content\/uploads\/2023\/04\/excel4med-v6-FBC02D.png","contentUrl":"https:\/\/excel4med.eu\/wp-content\/uploads\/2023\/04\/excel4med-v6-FBC02D.png","width":1200,"height":443,"caption":"Excel4Med"},"image":{"@id":"https:\/\/excel4med.eu\/es\/#\/schema\/logo\/image\/"},"sameAs":["https:\/\/www.facebook.com\/excel4med\/","https:\/\/x.com\/excel4med","https:\/\/www.instagram.com\/excel4med\/"]}]}},"_links":{"self":[{"href":"https:\/\/excel4med.eu\/es\/wp-json\/wp\/v2\/pages\/10024","targetHints":{"allow":["GET"]}}],"collection":[{"href":"https:\/\/excel4med.eu\/es\/wp-json\/wp\/v2\/pages"}],"about":[{"href":"https:\/\/excel4med.eu\/es\/wp-json\/wp\/v2\/types\/page"}],"author":[{"embeddable":true,"href":"https:\/\/excel4med.eu\/es\/wp-json\/wp\/v2\/users\/1"}],"replies":[{"embeddable":true,"href":"https:\/\/excel4med.eu\/es\/wp-json\/wp\/v2\/comments?post=10024"}],"version-history":[{"count":7,"href":"https:\/\/excel4med.eu\/es\/wp-json\/wp\/v2\/pages\/10024\/revisions"}],"predecessor-version":[{"id":12394,"href":"https:\/\/excel4med.eu\/es\/wp-json\/wp\/v2\/pages\/10024\/revisions\/12394"}],"wp:attachment":[{"href":"https:\/\/excel4med.eu\/es\/wp-json\/wp\/v2\/media?parent=10024"}],"curies":[{"name":"wp","href":"https:\/\/api.w.org\/{rel}","templated":true}]}}